{"id":60642,"date":"2025-03-14T15:03:28","date_gmt":"2025-03-14T14:03:28","guid":{"rendered":"https:\/\/jjcustomworks.se\/product\/gasoline-oil-lighter-gentelo-motorbike-7\/"},"modified":"2025-10-16T21:07:34","modified_gmt":"2025-10-16T19:07:34","slug":"briquet-essence-moto-gentelo-3","status":"publish","type":"product","link":"https:\/\/jjcustomworks.se\/fr\/produit\/briquet-essence-moto-gentelo-3\/","title":{"rendered":"Briquet \u00e0 Essence Moto | Gentelo"},"content":{"rendered":"<h1><span class=\"ez-toc-section\" id=\"Briquet_a_Essence_Design_Moto_de_Gentelo\"><\/span>Briquet \u00e0 Essence Design Moto de Gentelo<span class=\"ez-toc-section-end\"><\/span><\/h1>\n\n<h2><span class=\"ez-toc-section\" id=\"Briquet_pour_les_Passionnes_de_Moto\"><\/span>Briquet pour les Passionn\u00e9s de Moto<span class=\"ez-toc-section-end\"><\/span><\/h2>\n<p>Ce <strong>Briquet \u00e0 essence Gentelo<\/strong> combine fonctionnalit\u00e9 et design unique inspir\u00e9 des motos. Une solution abordable qui allie style et praticit\u00e9. Parfait pour ceux qui recherchent un briquet fiable avec une touche distinctive.<\/p>\n\n<h3><span class=\"ez-toc-section\" id=\"Caracteristiques_et_Avantages\"><\/span>Caract\u00e9ristiques et avantages<span class=\"ez-toc-section-end\"><\/span><\/h3>\n<ul>\n    <li><strong>Accessoires standards :<\/strong> Utilise des accessoires standard, ce qui le rend facile \u00e0 entretenir et \u00e0 personnaliser.<\/li>\n    <li><strong>Pr\u00eat \u00e0 l&#039;emploi :<\/strong> Livr\u00e9 pr\u00eat \u00e0 l'emploi d\u00e8s la r\u00e9ception (hors carburant).<\/li>\n    <li><strong>Taille Compacte:<\/strong> Avec une longueur d'environ 6 cm et une largeur d'environ 4 cm, le briquet est facile \u00e0 transporter.<\/li>\n<\/ul>\n\n<h3><span class=\"ez-toc-section\" id=\"Informations_sur_le_Produit\"><\/span>Informations sur le produit<span class=\"ez-toc-section-end\"><\/span><\/h3>\n<p>Le briquet \u00e0 essence Gentelo n'est pas seulement un outil pratique, mais aussi un accessoire \u00e9l\u00e9gant. Son design inspir\u00e9 des motos en fait un excellent cadeau ou un ajout personnel pour ceux qui appr\u00e9cient les d\u00e9tails et la qualit\u00e9. N'oubliez pas d'acheter de <a href=\"https:\/\/jjcustomworks.se\/fr\/magasin\/\">l'essence \u00e0 briquet suppl\u00e9mentaire<\/a> pour \u00eatre toujours pr\u00eat !<\/p>\n\n<p>D\u00e9couvrez notre large gamme de<a href=\"https:\/\/jjcustomworks.se\/fr\/categorie-de-produit\/briquets-a-gaz-et-a-essence\/\">autres briquets et accessoires<\/a> pour trouver ce qui vous convient. Pour plus d'informations sur Gentelo et nos produits, visitez notre <a href=\"https:\/\/jjcustomworks.se\/fr\/\">page d&#039;accueil<\/a>.<\/p>","protected":false},"excerpt":{"rendered":"<p>Briquet \u00e0 Essence Design Moto de Gentelo Briquet pour les Passionn\u00e9s de Moto Ce briquet \u00e0 essence de Gentelo combine fonctionnalit\u00e9 et design unique inspir\u00e9 des motos. Une solution abordable qui allie style et praticit\u00e9. Parfait pour ceux qui recherchent un briquet fiable avec une touche distinctive. Caract\u00e9ristiques et Avantages Accessoires Standard: Utilise des accessoires [&#8230;]\n","protected":false},"featured_media":60634,"template":"","meta":[],"product_brand":[],"product_cat":[877],"product_tag":[],"class_list":{"0":"post-60642","1":"product","2":"type-product","3":"status-publish","4":"has-post-thumbnail","6":"product_cat-bensintandare","8":"first","9":"outofstock","10":"sale","11":"taxable","12":"shipping-taxable","13":"purchasable","14":"product-type-simple"},"_links":{"self":[{"href":"https:\/\/jjcustomworks.se\/fr\/wp-json\/wp\/v2\/product\/60642","targetHints":{"allow":["GET"]}}],"collection":[{"href":"https:\/\/jjcustomworks.se\/fr\/wp-json\/wp\/v2\/product"}],"about":[{"href":"https:\/\/jjcustomworks.se\/fr\/wp-json\/wp\/v2\/types\/product"}],"wp:featuredmedia":[{"embeddable":true,"href":"https:\/\/jjcustomworks.se\/fr\/wp-json\/wp\/v2\/media\/60634"}],"wp:attachment":[{"href":"https:\/\/jjcustomworks.se\/fr\/wp-json\/wp\/v2\/media?parent=60642"}],"wp:term":[{"taxonomy":"product_brand","embeddable":true,"href":"https:\/\/jjcustomworks.se\/fr\/wp-json\/wp\/v2\/product_brand?post=60642"},{"taxonomy":"product_cat","embeddable":true,"href":"https:\/\/jjcustomworks.se\/fr\/wp-json\/wp\/v2\/product_cat?post=60642"},{"taxonomy":"product_tag","embeddable":true,"href":"https:\/\/jjcustomworks.se\/fr\/wp-json\/wp\/v2\/product_tag?post=60642"}],"curies":[{"name":"wp","href":"https:\/\/api.w.org\/{rel}","templated":true}]}}