{"id":60640,"date":"2025-03-14T15:03:27","date_gmt":"2025-03-14T14:03:27","guid":{"rendered":"https:\/\/jjcustomworks.se\/product\/gasoline-oil-lighter-gentelo-motorbike-6\/"},"modified":"2026-02-10T11:12:37","modified_gmt":"2026-02-10T10:12:37","slug":"briquet-essence-moto-gentelo-4","status":"publish","type":"product","link":"https:\/\/jjcustomworks.se\/fr\/produit\/briquet-essence-moto-gentelo-4\/","title":{"rendered":"Briquet \u00e0 essence Moto Gentelo"},"content":{"rendered":"<h1><span class=\"ez-toc-section\" id=\"Briquet_a_Essence_Moto_Gentelo\"><\/span>Briquet \u00e0 essence Moto Gentelo<span class=\"ez-toc-section-end\"><\/span><\/h1>\n<h2><span class=\"ez-toc-section\" id=\"Briquet_pour_les_Passionnes_de_Moto\"><\/span>Briquet pour les Passionn\u00e9s de Moto<span class=\"ez-toc-section-end\"><\/span><\/h2>\n<p>Le briquet \u00e0 essence Gentelo est le choix parfait pour les passionn\u00e9s de moto \u00e0 la recherche d'un briquet fiable et abordable. Ce briquet allie style et fonctionnalit\u00e9 et est con\u00e7u pour s'adapter \u00e0 tous les accessoires standard du march\u00e9. Profitez d'un produit de haute qualit\u00e9 de Gentelo, pr\u00eat \u00e0 l'emploi d\u00e8s sa sortie de l'emballage (carburant non inclus).<\/p>\n<h3><span class=\"ez-toc-section\" id=\"Principales_Caracteristiques_et_Avantages\"><\/span>Principales Caract\u00e9ristiques et Avantages<span class=\"ez-toc-section-end\"><\/span><\/h3>\n<ul>\n <li><strong>Qualit\u00e9 abordable :<\/strong> Un excellent briquet de moto \u00e0 un prix comp\u00e9titif.<\/li>\n <li><strong>Compatible :<\/strong> S'adapte \u00e0 tous les accessoires standard disponibles sur le march\u00e9.<\/li>\n <li><strong>Pr\u00eat \u00e0 l&#039;emploi :<\/strong> Livr\u00e9 pr\u00eat \u00e0 l'emploi imm\u00e9diatement, il vous suffit de le remplir de carburant.<\/li>\n<\/ul>\n<h3><span class=\"ez-toc-section\" id=\"Specifications\"><\/span>Caract\u00e9ristiques<span class=\"ez-toc-section-end\"><\/span><\/h3>\n<ul>\n <li>Longueur : ~6 cm<\/li>\n <li>Largeur : ~4 cm<\/li>\n<\/ul>\n<p>Achetez votre briquet \u00e0 essence pour moto Gentelo d\u00e8s aujourd'hui et d\u00e9couvrez la diff\u00e9rence ! Consultez notre gamme d'<a href=\"https:\/\/jjcustomworks.se\/fr\/magasin\/\">autres briquets<\/a> pour trouver le mod\u00e8le parfait pour vous. Visitez notre <a href=\"https:\/\/jjcustomworks.se\/fr\/categorie-de-produit\/briquets-a-gaz-et-a-essence\/\">page de cat\u00e9gorie d'accessoires<\/a> pour voir notre large gamme. Ne manquez pas nos autres offres sur <a href=\"https:\/\/jjcustomworks.se\/fr\/\">notre page d&#039;accueil<\/a> !<\/p>","protected":false},"excerpt":{"rendered":"<p>Briquet \u00e0 Essence Moto Gentelo Briquet pour les Passionn\u00e9s de Moto Le briquet \u00e0 essence Gentelo est le choix parfait pour les passionn\u00e9s de moto \u00e0 la recherche d&#8217;un briquet fiable et abordable. Ce briquet allie style et fonctionnalit\u00e9 et est con\u00e7u pour s&#8217;adapter \u00e0 tous les accessoires standard du march\u00e9. Profitez d&#8217;un produit de [&#8230;]\n","protected":false},"featured_media":60630,"template":"","meta":[],"product_brand":[],"product_cat":[877],"product_tag":[],"class_list":{"0":"post-60640","1":"product","2":"type-product","3":"status-publish","4":"has-post-thumbnail","6":"product_cat-bensintandare","8":"first","9":"instock","10":"sale","11":"taxable","12":"shipping-taxable","13":"purchasable","14":"product-type-simple"},"_links":{"self":[{"href":"https:\/\/jjcustomworks.se\/fr\/wp-json\/wp\/v2\/product\/60640","targetHints":{"allow":["GET"]}}],"collection":[{"href":"https:\/\/jjcustomworks.se\/fr\/wp-json\/wp\/v2\/product"}],"about":[{"href":"https:\/\/jjcustomworks.se\/fr\/wp-json\/wp\/v2\/types\/product"}],"wp:featuredmedia":[{"embeddable":true,"href":"https:\/\/jjcustomworks.se\/fr\/wp-json\/wp\/v2\/media\/60630"}],"wp:attachment":[{"href":"https:\/\/jjcustomworks.se\/fr\/wp-json\/wp\/v2\/media?parent=60640"}],"wp:term":[{"taxonomy":"product_brand","embeddable":true,"href":"https:\/\/jjcustomworks.se\/fr\/wp-json\/wp\/v2\/product_brand?post=60640"},{"taxonomy":"product_cat","embeddable":true,"href":"https:\/\/jjcustomworks.se\/fr\/wp-json\/wp\/v2\/product_cat?post=60640"},{"taxonomy":"product_tag","embeddable":true,"href":"https:\/\/jjcustomworks.se\/fr\/wp-json\/wp\/v2\/product_tag?post=60640"}],"curies":[{"name":"wp","href":"https:\/\/api.w.org\/{rel}","templated":true}]}}