{"id":60627,"date":"2025-03-14T15:03:20","date_gmt":"2025-03-14T14:03:20","guid":{"rendered":"https:\/\/jjcustomworks.se\/product\/cold-steel-throwing-spikes-4-pack\/"},"modified":"2026-01-08T12:53:35","modified_gmt":"2026-01-08T11:53:35","slug":"cold-steel-pointes-de-lancer-4-pack","status":"publish","type":"product","link":"https:\/\/jjcustomworks.se\/fr\/produit\/cold-steel-pointes-de-lancer-4-pack\/","title":{"rendered":"Cold Steel Pointes de Lancer 4-Pack | Haute Qualit\u00e9"},"content":{"rendered":"<h1>Cold Steel - Pointes de Lancer 4-Pack<\/h1>\n<h2><span class=\"ez-toc-section\" id=\"Pointes_de_lancer_parfaitement_equilibrees_pour_lentrainement_cible\"><\/span>Pointes de lancer parfaitement \u00e9quilibr\u00e9es pour l&#8217;entra\u00eenement cible<span class=\"ez-toc-section-end\"><\/span><\/h2>\n<p>Ce pack de 4 pointes de lancer Cold Steel est fabriqu\u00e9 en acier robuste 420SS et est \u00e9quip\u00e9 de manches envelopp\u00e9s de paracorde pour une prise en main s\u00fbre. Parfaitement \u00e9quilibr\u00e9 pour l'entra\u00eenement cible dans le jardin ou l'art du lancer. L'ensemble comprend quatre pointes en deux longueurs diff\u00e9rentes : 5 pouces et 8 pouces. La pochette en nylon incluse facilite le rangement et le transport. D\u00e9couvrez notre gamme d'<a href=\"https:\/\/jjcustomworks.se\/fr\/magasin\/\">autres produits Cold Steel<\/a> pour compl\u00e9ter votre collection. Ne manquez pas non plus notre s\u00e9lection de <a href=\"https:\/\/jjcustomworks.se\/fr\/categorie-de-produit\/fait-a-la-main\/couteaux-faits-a-la-main\/\">couteaux et d'outils<\/a>.<\/p>\n\n<h3><span class=\"ez-toc-section\" id=\"Specifications\"><\/span>Caract\u00e9ristiques:<span class=\"ez-toc-section-end\"><\/span><\/h3>\n<ul>\n    <li><strong>Mat\u00e9riau de la lame :<\/strong> Acier 420SS<\/li>\n    <li><strong>Manche:<\/strong> Enveloppe de paracorde<\/li>\n    <li><strong>Gaine :<\/strong> Nylon<\/li>\n<\/ul>\n\n<h3><span class=\"ez-toc-section\" id=\"Dimensions\"><\/span>Dimensions:<span class=\"ez-toc-section-end\"><\/span><\/h3>\n<ul>\n    <li><strong>Longueur de la lame :<\/strong> 2,5 \u00e0 3,5 pouces<\/li>\n    <li><strong>Longueur totale :<\/strong> 5 \u00e0 8 pouces<\/li>\n<\/ul>\n\n<h2><span class=\"ez-toc-section\" id=\"Conseils_pour_un_lancer_sur\"><\/span>Conseils pour un lancer s\u00fbr<span class=\"ez-toc-section-end\"><\/span><\/h2>\n<p>Le lancer de couteau est un art ancien et un sport qui peut aussi \u00eatre une activit\u00e9 familiale amusante. Avec un peu de patience, l'apprentissage des bases est relativement simple. Ces couteaux de lancer ne sont pas des jouets et doivent \u00eatre manipul\u00e9s avec soin et sous la surveillance d'un adulte. Il est important de se rappeler qu'une limite d'\u00e2ge de 18 ans s'applique \u00e0 l'achat. Pour votre s\u00e9curit\u00e9, ne lancez jamais en direction de personnes ou d'animaux et assurez-vous qu'aucun objet fragile ne se trouve pr\u00e8s de la cible. Visitez <a href=\"https:\/\/jjcustomworks.se\/fr\/\">notre page d&#039;accueil<\/a> pour plus de produits et de consignes de s\u00e9curit\u00e9.<\/p>\n\n<p>Ces pointes de lancer sont destin\u00e9es \u00e0 \u00eatre utilis\u00e9es uniquement sur des cibles appropri\u00e9es. Les petits couteaux de lancer de moins de 10 pouces, qui sont l\u00e9gers, peuvent \u00eatre lanc\u00e9s sur des cibles de fl\u00e9chettes ordinaires. Pour les couteaux de comp\u00e9tition plus grands et plus lourds, nous recommandons une cible en bois appropri\u00e9e. Plusieurs couches de carton peuvent \u00e9galement constituer une bonne cible. N'oubliez pas que l'acier rebondit contre l'acier et d'autres surfaces dures.<\/p>","protected":false},"excerpt":{"rendered":"<p>K\u00f6p Cold Steel Throwing Spikes 4 pack &#8211; H\u00f6gkvalitativa spikar f\u00f6r kastning. Perfekta f\u00f6r sport och tr\u00e4ning. Best\u00e4ll nu och f\u00e5 snabb leverans.<\/p>","protected":false},"featured_media":60603,"template":"","meta":[],"product_brand":[],"product_cat":[908],"product_tag":[],"class_list":{"0":"post-60627","1":"product","2":"type-product","3":"status-publish","4":"has-post-thumbnail","6":"product_cat-kastkniv","8":"first","9":"instock","10":"sale","11":"taxable","12":"shipping-taxable","13":"purchasable","14":"product-type-simple"},"_links":{"self":[{"href":"https:\/\/jjcustomworks.se\/fr\/wp-json\/wp\/v2\/product\/60627","targetHints":{"allow":["GET"]}}],"collection":[{"href":"https:\/\/jjcustomworks.se\/fr\/wp-json\/wp\/v2\/product"}],"about":[{"href":"https:\/\/jjcustomworks.se\/fr\/wp-json\/wp\/v2\/types\/product"}],"wp:featuredmedia":[{"embeddable":true,"href":"https:\/\/jjcustomworks.se\/fr\/wp-json\/wp\/v2\/media\/60603"}],"wp:attachment":[{"href":"https:\/\/jjcustomworks.se\/fr\/wp-json\/wp\/v2\/media?parent=60627"}],"wp:term":[{"taxonomy":"product_brand","embeddable":true,"href":"https:\/\/jjcustomworks.se\/fr\/wp-json\/wp\/v2\/product_brand?post=60627"},{"taxonomy":"product_cat","embeddable":true,"href":"https:\/\/jjcustomworks.se\/fr\/wp-json\/wp\/v2\/product_cat?post=60627"},{"taxonomy":"product_tag","embeddable":true,"href":"https:\/\/jjcustomworks.se\/fr\/wp-json\/wp\/v2\/product_tag?post=60627"}],"curies":[{"name":"wp","href":"https:\/\/api.w.org\/{rel}","templated":true}]}}