{"id":60535,"date":"2025-03-14T15:02:38","date_gmt":"2025-03-14T14:02:38","guid":{"rendered":"https:\/\/jjcustomworks.se\/product\/dragoon-army-revolver-usa-1851\/"},"modified":"2026-04-04T10:47:35","modified_gmt":"2026-04-04T08:47:35","slug":"revolver-dragoon-army-usa-1851","status":"publish","type":"product","link":"https:\/\/jjcustomworks.se\/fr\/produit\/revolver-dragoon-army-usa-1851\/","title":{"rendered":"Revolver Dragoon Army, USA 1851 | R\u00e9plique Denix"},"content":{"rendered":"<h1><span class=\"ez-toc-section\" id=\"Revolver_Dragoon_Army_USA_1851\"><\/span>Revolver Dragoon Army, USA 1851<span class=\"ez-toc-section-end\"><\/span><\/h1>\n<h2><span class=\"ez-toc-section\" id=\"Replique_dIcone_par_Denix\"><\/span>R\u00e9plique d&#8217;Ic\u00f4ne par Denix<span class=\"ez-toc-section-end\"><\/span><\/h2>\n<p>La r\u00e9plique du revolver Dragoon Army USA 1851 de Denix capture l'histoire am\u00e9ricaine sous une forme compacte. Cet hommage recr\u00e9e fid\u00e8lement le revolver embl\u00e9matique de la Colt's Patent Firearms Manufacturing Company. Cette r\u00e9plique refl\u00e8te l'\u00e9l\u00e9gance et la fonctionnalit\u00e9 du Dragoon Army Revolver de 1851, ce qui la rend id\u00e9ale pour les passionn\u00e9s d'histoire, les reconstitueurs et les collectionneurs. \u00cates-vous un collectionneur ou un passionn\u00e9 d'histoire ? <a href=\"https:\/\/jjcustomworks.se\/fr\/magasin\/\">D\u00e9couvrez notre gamme de r\u00e9pliques d&#039;armes<\/a> pour trouver des ajouts uniques \u00e0 votre collection.<\/p>\n<h3><span class=\"ez-toc-section\" id=\"Un_heritage_intemporel\"><\/span>Un h\u00e9ritage intemporel<span class=\"ez-toc-section-end\"><\/span><\/h3>\n<p>Poss\u00e9der la r\u00e9plique du revolver Dragoon Army USA 1851, c'est poss\u00e9der un morceau d'histoire. L'engagement de Denix \u00e0 pr\u00e9server cet h\u00e9ritage en fait un symbole intemporel de l'ing\u00e9niosit\u00e9 am\u00e9ricaine. La r\u00e9plique du revolver Dragoon Army USA 1851 de Denix r\u00e9sume l'essence d'une \u00e9poque r\u00e9volue et nous rappelle l'h\u00e9ritage durable de l'innovation am\u00e9ricaine. Vous cherchez d'autres r\u00e9pliques historiques ? <a href=\"https:\/\/jjcustomworks.se\/fr\/categorie-de-produit\/fait-a-la-main\/etuis\/\">Consultez notre s\u00e9lection d'armes de r\u00e9plique de diff\u00e9rentes \u00e9poques<\/a>.<\/p>\n<ul>\n <li><b>Dimensions:<\/b> 35 cm<\/li>\n <li><b>Poids:<\/b> 1,568 g<\/li>\n<\/ul>\n<p>Entrez en contact avec l'histoire gr\u00e2ce \u00e0 cette r\u00e9plique d\u00e9taill\u00e9e. <a href=\"https:\/\/jjcustomworks.se\/fr\/\">Visitez notre page d&#039;accueil<\/a> pour en savoir plus sur notre gamme et notre engagement envers la qualit\u00e9.<\/p>","protected":false},"excerpt":{"rendered":"<p>L\u00e4r dig mer om Dragoon Army Revolver fr\u00e5n USA 1851 &#8211; en historisk vapenmodell med intressant bakgrund. Uppt\u00e4ck dess unika egenskaper och betydelse i amerikansk milit\u00e4rhistoria.<\/p>","protected":false},"featured_media":60483,"template":"","meta":[],"product_brand":[],"product_cat":[826],"product_tag":[],"class_list":{"0":"post-60535","1":"product","2":"type-product","3":"status-publish","4":"has-post-thumbnail","6":"product_cat-replica-western","8":"first","9":"outofstock","10":"sale","11":"taxable","12":"shipping-taxable","13":"purchasable","14":"product-type-simple"},"_links":{"self":[{"href":"https:\/\/jjcustomworks.se\/fr\/wp-json\/wp\/v2\/product\/60535","targetHints":{"allow":["GET"]}}],"collection":[{"href":"https:\/\/jjcustomworks.se\/fr\/wp-json\/wp\/v2\/product"}],"about":[{"href":"https:\/\/jjcustomworks.se\/fr\/wp-json\/wp\/v2\/types\/product"}],"wp:featuredmedia":[{"embeddable":true,"href":"https:\/\/jjcustomworks.se\/fr\/wp-json\/wp\/v2\/media\/60483"}],"wp:attachment":[{"href":"https:\/\/jjcustomworks.se\/fr\/wp-json\/wp\/v2\/media?parent=60535"}],"wp:term":[{"taxonomy":"product_brand","embeddable":true,"href":"https:\/\/jjcustomworks.se\/fr\/wp-json\/wp\/v2\/product_brand?post=60535"},{"taxonomy":"product_cat","embeddable":true,"href":"https:\/\/jjcustomworks.se\/fr\/wp-json\/wp\/v2\/product_cat?post=60535"},{"taxonomy":"product_tag","embeddable":true,"href":"https:\/\/jjcustomworks.se\/fr\/wp-json\/wp\/v2\/product_tag?post=60535"}],"curies":[{"name":"wp","href":"https:\/\/api.w.org\/{rel}","templated":true}]}}