{"id":60453,"date":"2025-03-14T15:02:11","date_gmt":"2025-03-14T14:02:11","guid":{"rendered":"https:\/\/jjcustomworks.se\/product\/cold-steel-88dec-emperor-double-edge-katana\/"},"modified":"2025-10-17T03:25:26","modified_gmt":"2025-10-17T01:25:26","slug":"cold-steel-emperor-double-edge-katana","status":"publish","type":"product","link":"https:\/\/jjcustomworks.se\/fr\/produit\/cold-steel-emperor-double-edge-katana\/","title":{"rendered":"Katana \u00e0 double tranchant Cold Steel Emperor - 88DEC"},"content":{"rendered":"<h1><span class=\"ez-toc-section\" id=\"Cold_Steel_Emperor_Double_Edge_Katana\"><\/span>Katana \u00e0 double tranchant Cold Steel Emperor<span class=\"ez-toc-section-end\"><\/span><\/h1>\n<h2><span class=\"ez-toc-section\" id=\"Design_de_sabre_japonais_authentique\"><\/span>Conception authentique de sabre japonais<span class=\"ez-toc-section-end\"><\/span><\/h2>\n<p>Le Cold Steel Emperor Double Edge Katana est con\u00e7u pour refl\u00e9ter les caract\u00e9ristiques les plus distinctives de la conception traditionnelle des sabres japonais. Ce katana associe des mat\u00e9riaux traditionnels \u00e0 l'expertise de Cold Steel pour cr\u00e9er un sabre \u00e0 la fois beau et fonctionnel. Id\u00e9al pour les collectionneurs et les pratiquants d'arts martiaux qui appr\u00e9cient un sabre japonais authentique de haute qualit\u00e9.<\/p>\n\n<h3><span class=\"ez-toc-section\" id=\"Materiaux_et_artisanat_traditionnels\"><\/span>Mat\u00e9riaux et artisanat traditionnels<span class=\"ez-toc-section-end\"><\/span><\/h3>\n<ul>\n  <li><strong>Tsuba, Fuchi et Kashira :<\/strong> Fabriqu\u00e9s en maillechort avec des d\u00e9tails raffin\u00e9s.<\/li>\n  <li><strong>Habaki :<\/strong> Fabriqu\u00e9 \u00e0 la main en maillechort.<\/li>\n  <li><strong>Manche:<\/strong> Recouvert de sam\u00e9 (peau de galuchat) et envelopp\u00e9 de cordon de soie noire dans le style traditionnel pour une prise en main s\u00fbre et confortable.<\/li>\n  <li><strong>Menuki :<\/strong> Une magnifique sculpture ornementale plac\u00e9e entre la peau de galuchat et la reliure, am\u00e9liorant l'apparence du manche.<\/li>\n<\/ul>\n\n<h3><span class=\"ez-toc-section\" id=\"Lame_de_haute_qualite\"><\/span>Lame de haute qualit\u00e9<span class=\"ez-toc-section-end\"><\/span><\/h3>\n<p>Le sabre est dot\u00e9 d'une lame en acier au carbone 1060 enti\u00e8rement aff\u00fbt\u00e9e qui est trait\u00e9e thermiquement pour obtenir un revenu \u00e9lastique robuste. La lame est soigneusement polie \u00e0 la main avec un poli miroir appliqu\u00e9 \u00e0 la goutti\u00e8re, ce qui lui conf\u00e8re un aspect magnifique et \u00e9l\u00e9gant. Obtenez votre katana Cold Steel d\u00e8s aujourd'hui et d\u00e9couvrez vous-m\u00eame le savoir-faire !<\/p>\n\n<h3><span class=\"ez-toc-section\" id=\"Specifications\"><\/span>Caract\u00e9ristiques<span class=\"ez-toc-section-end\"><\/span><\/h3>\n<ul>\n    <li><strong>Poids:<\/strong> 37.2oz<\/li>\n    <li><strong>\u00c9paisseur de la lame :<\/strong> 9\/32\"<\/li>\n    <li><strong>Longueur totale :<\/strong> 40-3\/4\"<\/li>\n    <li><strong>Longueur de la lame :<\/strong> 28-3\/4\"<\/li>\n    <li><strong>Longueur des manches:<\/strong> 11-1\/4\"<\/li>\n    <li><strong>Acier de la lame :<\/strong> Acier au carbone 1060<\/li>\n    <li><strong>Famille d&#039;acier :<\/strong> Acier \u00e0 haute teneur en carbone<\/li>\n    <li><strong>Style de sabre :<\/strong> Japonais<\/li>\n<\/ul>\n\n<p>D\u00e9couvrez la puissance et la beaut\u00e9 d'un katana authentique. Consultez notre s\u00e9lection de <a href=\"https:\/\/jjcustomworks.se\/fr\/magasin\/\">Couteaux Cold Steel<\/a>. D\u00e9couvrez d'autres <a href=\"https:\/\/jjcustomworks.se\/fr\/categorie-de-produit\/autres_produits\/replica-guns\/replica-western\/\">sabres japonais<\/a> et trouvez le katana parfait pour votre collection. Visitez <a href=\"https:\/\/jjcustomworks.se\/fr\/\">notre site Web<\/a> pour voir toute notre gamme !<\/p>","protected":false},"excerpt":{"rendered":"<p>Cold Steel Emperor Double Edge Katana Design de sabre japonais authentique Le Cold Steel Emperor Double Edge Katana est con\u00e7u pour refl\u00e9ter les caract\u00e9ristiques les plus distinctives de la conception traditionnelle des sabres japonais. Ce katana associe des mat\u00e9riaux traditionnels \u00e0 l&#8217;expertise de Cold Steel pour cr\u00e9er un sabre \u00e0 la fois beau et fonctionnel. [&#8230;]\n","protected":false},"featured_media":60446,"template":"","meta":[],"product_brand":[],"product_cat":[1275],"product_tag":[],"class_list":{"0":"post-60453","1":"product","2":"type-product","3":"status-publish","4":"has-post-thumbnail","6":"product_cat-swords-europe","8":"first","9":"outofstock","10":"sale","11":"taxable","12":"shipping-taxable","13":"purchasable","14":"product-type-simple"},"_links":{"self":[{"href":"https:\/\/jjcustomworks.se\/fr\/wp-json\/wp\/v2\/product\/60453","targetHints":{"allow":["GET"]}}],"collection":[{"href":"https:\/\/jjcustomworks.se\/fr\/wp-json\/wp\/v2\/product"}],"about":[{"href":"https:\/\/jjcustomworks.se\/fr\/wp-json\/wp\/v2\/types\/product"}],"wp:featuredmedia":[{"embeddable":true,"href":"https:\/\/jjcustomworks.se\/fr\/wp-json\/wp\/v2\/media\/60446"}],"wp:attachment":[{"href":"https:\/\/jjcustomworks.se\/fr\/wp-json\/wp\/v2\/media?parent=60453"}],"wp:term":[{"taxonomy":"product_brand","embeddable":true,"href":"https:\/\/jjcustomworks.se\/fr\/wp-json\/wp\/v2\/product_brand?post=60453"},{"taxonomy":"product_cat","embeddable":true,"href":"https:\/\/jjcustomworks.se\/fr\/wp-json\/wp\/v2\/product_cat?post=60453"},{"taxonomy":"product_tag","embeddable":true,"href":"https:\/\/jjcustomworks.se\/fr\/wp-json\/wp\/v2\/product_tag?post=60453"}],"curies":[{"name":"wp","href":"https:\/\/api.w.org\/{rel}","templated":true}]}}