{"id":60448,"date":"2025-03-14T15:02:08","date_gmt":"2025-03-14T14:02:08","guid":{"rendered":"https:\/\/jjcustomworks.se\/product\/cold-steel-88arm-maa-arming-sword\/"},"modified":"2025-10-17T03:24:43","modified_gmt":"2025-10-17T01:24:43","slug":"cold-steel-maa-arming-sword-epee-medievale-combat","status":"publish","type":"product","link":"https:\/\/jjcustomworks.se\/fr\/produit\/cold-steel-maa-arming-sword-epee-medievale-combat\/","title":{"rendered":"Cold Steel MAA Arming Sword - \u00c9p\u00e9e M\u00e9di\u00e9vale de Combat"},"content":{"rendered":"<h1><span class=\"ez-toc-section\" id=\"Cold_Steel_MAA_Arming_Sword\"><\/span>Cold Steel MAA Arming Sword<span class=\"ez-toc-section-end\"><\/span><\/h1>\n<h2><span class=\"ez-toc-section\" id=\"Authentique_Epee_de_Combat_Medievale\"><\/span>Authentique \u00c9p\u00e9e de Combat M\u00e9di\u00e9vale<span class=\"ez-toc-section-end\"><\/span><\/h2>\n<p>L'\u00e9p\u00e9e MAA Arming Sword s'inspire des armes de poing de confiance des fantassins et des guerriers \u00e0 travers l'histoire. Plus agile que les \u00e9p\u00e9es de champ de bataille plus lourdes, cette lame \u00e0 double tranchant est suffisamment l\u00e9g\u00e8re pour \u00eatre utilis\u00e9e facilement d'une seule main, mais suffisamment rigide pour trouver les points faibles de l'armure d'un chevalier. La version de Cold Steel est dot\u00e9e d'acier au carbone 1090 trait\u00e9 thermiquement de mani\u00e8re experte avec une finition noircie distincte. Am\u00e9liorez votre collection d'armes historiques avec cette <a href=\"https:\/\/jjcustomworks.se\/fr\/magasin\/\">\u00e9p\u00e9e authentique<\/a>.<\/p>\n<h3><span class=\"ez-toc-section\" id=\"Caracteristiques\"><\/span>Caract\u00e9ristiques:<span class=\"ez-toc-section-end\"><\/span><\/h3>\n<ul>\n <li><strong>Conception:<\/strong> Inspir\u00e9e des \u00e9p\u00e9es d'armement historiques.<\/li>\n <li><strong>Boiteux :<\/strong> Fabriqu\u00e9e en acier au carbone 1090 pour la durabilit\u00e9 et la r\u00e9sistance.<\/li>\n <li><strong>Finition:<\/strong> Finition noircie pour un look \u00e9l\u00e9gant et pr\u00eat au combat.<\/li>\n <li><strong>Garde:<\/strong> Quillons de parade courb\u00e9s vers le haut pour la protection des mains.<\/li>\n <li><strong>Poign\u00e9e:<\/strong> Poign\u00e9e en cuir c\u00f4tel\u00e9 pour le confort et le contr\u00f4le.<\/li>\n <li><strong>Pommeau :<\/strong> Pommeau de roue \u00e0 contrepoids pour un \u00e9quilibre parfait.<\/li>\n <li><strong>Gaine :<\/strong> Fourreau en cuir noir cousu \u00e0 la main avec des accents en acier noirci.<\/li>\n<\/ul>\n<p>Magnifiquement \u00e9quilibr\u00e9e et dot\u00e9e de garnitures en acier noirci, l'\u00e9p\u00e9e MAA Arming Sword est \u00e0 la fois fonctionnelle et visuellement saisissante. Id\u00e9ale pour les collectionneurs et les reconstitueurs qui appr\u00e9cient le savoir-faire des <a href=\"https:\/\/jjcustomworks.se\/fr\/categorie-de-produit\/autres_produits\/swords\/swords-europe\/\">\u00e9p\u00e9es europ\u00e9ennes<\/a>. Obtenez la v\u00f4tre d\u00e8s aujourd'hui !<\/p>\n<h3><span class=\"ez-toc-section\" id=\"Specifications\"><\/span>Caract\u00e9ristiques:<span class=\"ez-toc-section-end\"><\/span><\/h3>\n<ul>\n <li><strong>Poids:<\/strong> 40.2oz<\/li>\n <li><strong>Longueur totale :<\/strong> 34-3\/4in<\/li>\n <li><strong>Longueur des manches:<\/strong> 6-3\/4in<\/li>\n <li><strong>\u00c9paisseur de la lame :<\/strong> 1-1\/5in<\/li>\n <li><strong>Acier de la lame :<\/strong> Acier au carbone 1090<\/li>\n <li><strong>Famille d&#039;acier :<\/strong> Haute teneur en carbone<\/li>\n <li><strong>Style d&#039;\u00e9p\u00e9e :<\/strong> europ\u00e9en<\/li>\n<\/ul>\n<p>D\u00e9couvrez l'histoire de premi\u00e8re main avec Cold Steel. Visitez <a href=\"https:\/\/jjcustomworks.se\/fr\/\">notre page d&#039;accueil<\/a> pour d\u00e9couvrir notre gamme compl\u00e8te d'armes de qualit\u00e9.<\/p>","protected":false},"excerpt":{"rendered":"<p>Cold Steel MAA Arming Sword Authentique \u00c9p\u00e9e de Combat M\u00e9di\u00e9vale L&#8217;\u00e9p\u00e9e MAA Arming Sword s&#8217;inspire des armes de poing de confiance des fantassins et des guerriers \u00e0 travers l&#8217;histoire. Plus agile que les \u00e9p\u00e9es de champ de bataille plus lourdes, cette lame \u00e0 double tranchant est suffisamment l\u00e9g\u00e8re pour \u00eatre utilis\u00e9e facilement d&#8217;une seule main, [&#8230;]\n","protected":false},"featured_media":60444,"template":"","meta":[],"product_brand":[],"product_cat":[1275],"product_tag":[],"class_list":{"0":"post-60448","1":"product","2":"type-product","3":"status-publish","4":"has-post-thumbnail","6":"product_cat-swords-europe","8":"first","9":"outofstock","10":"taxable","11":"shipping-taxable","12":"purchasable","13":"product-type-simple"},"_links":{"self":[{"href":"https:\/\/jjcustomworks.se\/fr\/wp-json\/wp\/v2\/product\/60448","targetHints":{"allow":["GET"]}}],"collection":[{"href":"https:\/\/jjcustomworks.se\/fr\/wp-json\/wp\/v2\/product"}],"about":[{"href":"https:\/\/jjcustomworks.se\/fr\/wp-json\/wp\/v2\/types\/product"}],"wp:featuredmedia":[{"embeddable":true,"href":"https:\/\/jjcustomworks.se\/fr\/wp-json\/wp\/v2\/media\/60444"}],"wp:attachment":[{"href":"https:\/\/jjcustomworks.se\/fr\/wp-json\/wp\/v2\/media?parent=60448"}],"wp:term":[{"taxonomy":"product_brand","embeddable":true,"href":"https:\/\/jjcustomworks.se\/fr\/wp-json\/wp\/v2\/product_brand?post=60448"},{"taxonomy":"product_cat","embeddable":true,"href":"https:\/\/jjcustomworks.se\/fr\/wp-json\/wp\/v2\/product_cat?post=60448"},{"taxonomy":"product_tag","embeddable":true,"href":"https:\/\/jjcustomworks.se\/fr\/wp-json\/wp\/v2\/product_tag?post=60448"}],"curies":[{"name":"wp","href":"https:\/\/api.w.org\/{rel}","templated":true}]}}