{"id":60447,"date":"2025-03-14T15:02:08","date_gmt":"2025-03-14T14:02:08","guid":{"rendered":"https:\/\/jjcustomworks.se\/product\/cold-steel-88hva-viking-sword-sax-blade\/"},"modified":"2025-10-17T03:25:10","modified_gmt":"2025-10-17T01:25:10","slug":"cold-steel-epee-viking-sax-blade-88hva","status":"publish","type":"product","link":"https:\/\/jjcustomworks.se\/fr\/produit\/cold-steel-epee-viking-sax-blade-88hva\/","title":{"rendered":"Cold Steel \u00c9p\u00e9e Viking Sax Blade - 88HVA"},"content":{"rendered":"<h1>Cold Steel \u00c9p\u00e9e Viking Sax Blade - 88HVA<\/h1>\n<h2><span class=\"ez-toc-section\" id=\"Design_Authentique_de_lEre_Viking\"><\/span>Design Authentique de l&#8217;\u00c8re Viking<span class=\"ez-toc-section-end\"><\/span><\/h2>\n<p>Si le sang guerrier coule dans vos veines, l'\u00e9p\u00e9e Viking Sax Blade 88HVA de Cold Steel est un incontournable. Cette \u00e9p\u00e9e et son compagnon, le Long Sax, sont forg\u00e9s \u00e0 la main \u00e0 partir de l'acier Damas le plus fin de Cold Steel, pr\u00eats pour la bataille. R\u00eavez-vous de devenir un Jarl Viking ? Cette \u00e9p\u00e9e pr\u00e9sente des d\u00e9tails fantastiques, notamment une magnifique poign\u00e9e en palissandre et une garde et un pommeau de conception classique en laiton et en acier, cal\u00e9s \u00e0 la mani\u00e8re traditionnelle et polis pour un \u00e9clat brillant. D\u00e9couvrez notre s\u00e9lection d'<a href=\"https:\/\/jjcustomworks.se\/fr\/magasin\/\">authentiques \u00e9p\u00e9es de combat<\/a> et armez-vous pour l'aventure. Visitez notre <a href=\"https:\/\/jjcustomworks.se\/fr\/categorie-de-produit\/autres_produits\/replica-guns\/replica-western\/\">cat\u00e9gorie Armes Historiques<\/a> pour trouver d'autres produits similaires. Pour plus d'informations sur Cold Steel et nos produits, visitez <a href=\"https:\/\/jjcustomworks.se\/fr\/\">notre site Web<\/a>.<\/p>\n\n<h3><span class=\"ez-toc-section\" id=\"Specifications\"><\/span>Caract\u00e9ristiques<span class=\"ez-toc-section-end\"><\/span><\/h3>\n<ul>\n    <li><strong>Poids:<\/strong> 36.4oz (environ 1032g)<\/li>\n    <li><strong>\u00c9paisseur de la lame :<\/strong> 7mm<\/li>\n    <li><strong>Longueur de la lame :<\/strong> 17-1\/4in (environ 43.8cm)<\/li>\n    <li><strong>Longueur des manches:<\/strong> 6-1\/2in (environ 16.5cm)<\/li>\n    <li><strong>Longueur totale :<\/strong> 23-3\/4in (environ 60.3cm)<\/li>\n    <li><strong>Plage de longueur de la lame :<\/strong> 10-20 in (25.4-50.8 cm)<\/li>\n    <li><strong>Famille d&#039;acier :<\/strong> Damas<\/li>\n    <li><strong>Style d&#039;\u00e9p\u00e9e :<\/strong> Viking<\/li>\n<\/ul>\n\n<h3><span class=\"ez-toc-section\" id=\"Gaine_et_Details\"><\/span>Gaine et D\u00e9tails<span class=\"ez-toc-section-end\"><\/span><\/h3>\n<p>L'\u00e9p\u00e9e est livr\u00e9e avec un fourreau impressionnant en bois et en cuir, complet avec une boucle de ceinture et une gorge et une chape en laiton, pr\u00e9sentant des \u00e9l\u00e9ments d\u00e9coratifs profond\u00e9ment grav\u00e9s. Le Long Sax est livr\u00e9 avec un fourreau en cuir \u00e9pais historiquement pr\u00e9cis, complet avec un tour de ceinture, une chape et des anneaux de transport en laiton gaufr\u00e9. Vivez l'\u00e8re viking avec cette \u00e9p\u00e9e impressionnante et ses accessoires authentiques.<\/p>","protected":false},"excerpt":{"rendered":"<p>Cold Steel \u00c9p\u00e9e Viking Sax Blade &#8211; 88HVA Design Authentique de l&#8217;\u00c8re Viking Si le sang guerrier coule dans vos veines, l&#8217;\u00e9p\u00e9e Viking Sax Blade 88HVA de Cold Steel est un incontournable. Cette \u00e9p\u00e9e et son compagnon, le Long Sax, sont forg\u00e9s \u00e0 la main \u00e0 partir de l&#8217;acier Damas le plus fin de Cold [&#8230;]\n","protected":false},"featured_media":60445,"template":"","meta":[],"product_brand":[],"product_cat":[1275],"product_tag":[],"class_list":{"0":"post-60447","1":"product","2":"type-product","3":"status-publish","4":"has-post-thumbnail","6":"product_cat-swords-europe","8":"first","9":"outofstock","10":"sale","11":"taxable","12":"shipping-taxable","13":"purchasable","14":"product-type-simple"},"_links":{"self":[{"href":"https:\/\/jjcustomworks.se\/fr\/wp-json\/wp\/v2\/product\/60447","targetHints":{"allow":["GET"]}}],"collection":[{"href":"https:\/\/jjcustomworks.se\/fr\/wp-json\/wp\/v2\/product"}],"about":[{"href":"https:\/\/jjcustomworks.se\/fr\/wp-json\/wp\/v2\/types\/product"}],"wp:featuredmedia":[{"embeddable":true,"href":"https:\/\/jjcustomworks.se\/fr\/wp-json\/wp\/v2\/media\/60445"}],"wp:attachment":[{"href":"https:\/\/jjcustomworks.se\/fr\/wp-json\/wp\/v2\/media?parent=60447"}],"wp:term":[{"taxonomy":"product_brand","embeddable":true,"href":"https:\/\/jjcustomworks.se\/fr\/wp-json\/wp\/v2\/product_brand?post=60447"},{"taxonomy":"product_cat","embeddable":true,"href":"https:\/\/jjcustomworks.se\/fr\/wp-json\/wp\/v2\/product_cat?post=60447"},{"taxonomy":"product_tag","embeddable":true,"href":"https:\/\/jjcustomworks.se\/fr\/wp-json\/wp\/v2\/product_tag?post=60447"}],"curies":[{"name":"wp","href":"https:\/\/api.w.org\/{rel}","templated":true}]}}