{"id":60434,"date":"2025-03-14T15:02:01","date_gmt":"2025-03-14T14:02:01","guid":{"rendered":"https:\/\/jjcustomworks.se\/product\/cold-steel-88bn-nodachi-warrior-series\/"},"modified":"2025-10-17T03:25:42","modified_gmt":"2025-10-17T01:25:42","slug":"cold-steel-88bn-nodachi-serie-warrior","status":"publish","type":"product","link":"https:\/\/jjcustomworks.se\/fr\/produit\/cold-steel-88bn-nodachi-serie-warrior\/","title":{"rendered":"Cold Steel 88BN Nodachi S\u00e9rie Warrior"},"content":{"rendered":"<h1><span class=\"ez-toc-section\" id=\"Cold_Steel_88BN_Nodachi_Serie_Warrior\"><\/span>Cold Steel 88BN Nodachi S\u00e9rie Warrior<span class=\"ez-toc-section-end\"><\/span><\/h1>\n<h2><span class=\"ez-toc-section\" id=\"Nodachi_de_Haute_Performance_pour_lEntrainement\"><\/span>Nodachi de Haute Performance pour l&#8217;Entra\u00eenement<span class=\"ez-toc-section-end\"><\/span><\/h2>\n<p>Le Cold Steel 88BN Nodachi de la S\u00e9rie Warrior offre une performance et une durabilit\u00e9 exceptionnelles \u00e0 un prix abordable. Ce sabre partage le m\u00eame acier au carbone 1060 de haute qualit\u00e9, le traitement thermique avanc\u00e9 et le tranchant impressionnant que la S\u00e9rie Emperor de Cold Steel, mais avec une finition plus pratique. Parfait pour ceux qui veulent s'entra\u00eener et perfectionner leurs techniques de coupe (Tameshigiri) sans compromettre la qualit\u00e9. N'oubliez pas de consulter nos autres <a href=\"https:\/\/jjcustomworks.se\/fr\/magasin\/\">Sabres Cold Steel<\/a>.<\/p>\n<h3><span class=\"ez-toc-section\" id=\"Specifications\"><\/span>Caract\u00e9ristiques:<span class=\"ez-toc-section-end\"><\/span><\/h3>\n<ul>\n <li><strong>Poids:<\/strong> 1973 grammes (69.6oz)<\/li>\n <li><strong>\u00c9paisseur de la lame :<\/strong> 8 mm (5\/16\")<\/li>\n <li><strong>Longueur totale :<\/strong> 145 cm (57\")<\/li>\n <li><strong>Longueur de la lame :<\/strong> 86 cm (34\")<\/li>\n <li><strong>Longueur des manches:<\/strong> 58 cm (23\")<\/li>\n<\/ul>\n<h3><span class=\"ez-toc-section\" id=\"Materiaux_et_Conception\"><\/span>Mat\u00e9riaux et Conception :<span class=\"ez-toc-section-end\"><\/span><\/h3>\n<ul>\n <li><strong>Acier de la Lame :<\/strong> Acier au Carbone 1060<\/li>\n <li><strong>Manche:<\/strong> Sam\u00e9 (Peau de Raie) avec cordon tress\u00e9 noir et Menuki en laiton<\/li>\n <li><strong>Fourreau :<\/strong> Bois laqu\u00e9 noir<\/li>\n <li><strong>Gamme de Produits :<\/strong> S\u00e9rie Guerrier<\/li>\n <li><strong>Type d'Acier :<\/strong> Acier \u00e0 haute teneur en carbone<\/li>\n <li><strong>Style de Sabre :<\/strong> Japonais<\/li>\n<\/ul>\n<p>La S\u00e9rie Warrior est con\u00e7ue pour offrir un sabre pr\u00eat au combat sans vous ruiner. La finition pratique vous permet de vous concentrer sur votre entra\u00eenement sans vous soucier d'endommager ou de salir la lame. Explorez notre gamme de <a href=\"https:\/\/jjcustomworks.se\/fr\/categorie-de-produit\/autres_produits\/replica-guns\/replica-western\/\">Sabres japonais<\/a> pour trouver le sabre parfait pour vos besoins. Pour plus d'informations sur Cold Steel et leurs produits, visitez notre <a href=\"https:\/\/jjcustomworks.se\/fr\/\">page d&#039;accueil<\/a>.<\/p>","protected":false},"excerpt":{"rendered":"<p>Cold Steel 88BN Nodachi S\u00e9rie Warrior Nodachi de Haute Performance pour l&#8217;Entra\u00eenement Le Cold Steel 88BN Nodachi de la S\u00e9rie Warrior offre une performance et une durabilit\u00e9 exceptionnelles \u00e0 un prix abordable. Ce sabre partage le m\u00eame acier au carbone 1060 de haute qualit\u00e9, le traitement thermique avanc\u00e9 et le tranchant impressionnant que la S\u00e9rie [&#8230;]\n","protected":false},"featured_media":60430,"template":"","meta":[],"product_brand":[],"product_cat":[1275],"product_tag":[],"class_list":{"0":"post-60434","1":"product","2":"type-product","3":"status-publish","4":"has-post-thumbnail","6":"product_cat-swords-europe","8":"first","9":"outofstock","10":"sale","11":"taxable","12":"shipping-taxable","13":"purchasable","14":"product-type-simple"},"_links":{"self":[{"href":"https:\/\/jjcustomworks.se\/fr\/wp-json\/wp\/v2\/product\/60434","targetHints":{"allow":["GET"]}}],"collection":[{"href":"https:\/\/jjcustomworks.se\/fr\/wp-json\/wp\/v2\/product"}],"about":[{"href":"https:\/\/jjcustomworks.se\/fr\/wp-json\/wp\/v2\/types\/product"}],"wp:featuredmedia":[{"embeddable":true,"href":"https:\/\/jjcustomworks.se\/fr\/wp-json\/wp\/v2\/media\/60430"}],"wp:attachment":[{"href":"https:\/\/jjcustomworks.se\/fr\/wp-json\/wp\/v2\/media?parent=60434"}],"wp:term":[{"taxonomy":"product_brand","embeddable":true,"href":"https:\/\/jjcustomworks.se\/fr\/wp-json\/wp\/v2\/product_brand?post=60434"},{"taxonomy":"product_cat","embeddable":true,"href":"https:\/\/jjcustomworks.se\/fr\/wp-json\/wp\/v2\/product_cat?post=60434"},{"taxonomy":"product_tag","embeddable":true,"href":"https:\/\/jjcustomworks.se\/fr\/wp-json\/wp\/v2\/product_tag?post=60434"}],"curies":[{"name":"wp","href":"https:\/\/api.w.org\/{rel}","templated":true}]}}