{"id":60428,"date":"2025-03-14T15:01:59","date_gmt":"2025-03-14T14:01:59","guid":{"rendered":"https:\/\/jjcustomworks.se\/product\/z-hunter-143-samurai-sword\/"},"modified":"2026-04-04T09:17:41","modified_gmt":"2026-04-04T07:17:41","slug":"z-hunter-143-epee-de-samourai","status":"publish","type":"product","link":"https:\/\/jjcustomworks.se\/fr\/produit\/z-hunter-143-epee-de-samourai\/","title":{"rendered":"Z-Hunter 143 \u00c9p\u00e9e de Samoura\u00ef Katana"},"content":{"rendered":"<h1>Z-HUNTER - 143 - \u00c9p\u00e9e de Samoura\u00ef<\/h1>\n<h2><span class=\"ez-toc-section\" id=\"Katana_a_motif_zombie\"><\/span>Katana \u00e0 motif zombie<span class=\"ez-toc-section-end\"><\/span><\/h2>\n<p>Ce magnifique Katana de Z-Hunter pr\u00e9sente un motif zombie unique qui ne manquera pas de se d\u00e9marquer. Parfait pour les collectionneurs et les passionn\u00e9s d'\u00e9p\u00e9es de samoura\u00ef et de th\u00e8mes de zombies.<\/p>\n<h3><span class=\"ez-toc-section\" id=\"Specifications\"><\/span>Caract\u00e9ristiques:<span class=\"ez-toc-section-end\"><\/span><\/h3>\n<ul>\n <li><strong>Longueur totale :<\/strong> 38 pouces<\/li>\n <li><strong>Longueur de la lame :<\/strong> 26 pouces<\/li>\n <li><strong>\u00c9paisseur de la lame :<\/strong> 4 mm<\/li>\n <li><strong>Mat\u00e9riel:<\/strong> Acier avec des \u00e9claboussures de sang<\/li>\n <li><strong>Construction:<\/strong> Pleine soie<\/li>\n <li><strong>Manche:<\/strong> Bois noir avec logo Biohazard<\/li>\n <li><strong>Fourreau :<\/strong> Inclus, avec illustration de zombie<\/li>\n<\/ul>\n<p>L'\u00e9p\u00e9e de samoura\u00ef est dot\u00e9e d'une construction \u00e0 pleine soie, ce qui signifie que la lame s'\u00e9tend sur toute la longueur du manche, offrant ainsi une stabilit\u00e9 et une durabilit\u00e9 accrues.  Le manche en bois noir est orn\u00e9 d'un logo biohazard, ce qui rehausse son aspect unique. Le fourreau inclus pr\u00e9sente un motif de zombie assorti qui compl\u00e8te le design de l'\u00e9p\u00e9e.<\/p>\n\n<p>D\u00e9couvrez notre s\u00e9lection de<a href=\"https:\/\/jjcustomworks.se\/fr\/magasin\/\">autres produits Z-Hunter<\/a> pour compl\u00e9ter votre collection. Visitez notre <a href=\"https:\/\/jjcustomworks.se\/fr\/categorie-de-produit\/autres_produits\/replica-guns\/replica-western\/\">cat\u00e9gorie d&#039;\u00e9p\u00e9e de samoura\u00ef<\/a> pour voir d'autres produits similaires. Vous trouverez plus d'informations sur notre entreprise sur <a href=\"https:\/\/jjcustomworks.se\/fr\/\">notre site Web<\/a>.<\/p>","protected":false},"excerpt":{"rendered":"<p>Hitta det perfekta samurajsv\u00e4rdet hos Z-HUNTER &#8211; 143. Utforska v\u00e5rt breda utbud av samurajsv\u00e4rd av h\u00f6g kvalitet f\u00f6r att f\u00f6rb\u00e4ttra din samling eller f\u00f6r att anv\u00e4nda i tr\u00e4ning och kampsport. Uppt\u00e4ck v\u00e5ra autentiska och handgjorda samurajsv\u00e4rd och l\u00e5t Z-HUNTER vara din destination f\u00f6r att hitta det perfekta sv\u00e4rdet f\u00f6r dina behov.<\/p>","protected":false},"featured_media":60422,"template":"","meta":[],"product_brand":[],"product_cat":[1275],"product_tag":[],"class_list":{"0":"post-60428","1":"product","2":"type-product","3":"status-publish","4":"has-post-thumbnail","6":"product_cat-swords-europe","8":"first","9":"instock","10":"sale","11":"taxable","12":"shipping-taxable","13":"purchasable","14":"product-type-simple"},"_links":{"self":[{"href":"https:\/\/jjcustomworks.se\/fr\/wp-json\/wp\/v2\/product\/60428","targetHints":{"allow":["GET"]}}],"collection":[{"href":"https:\/\/jjcustomworks.se\/fr\/wp-json\/wp\/v2\/product"}],"about":[{"href":"https:\/\/jjcustomworks.se\/fr\/wp-json\/wp\/v2\/types\/product"}],"wp:featuredmedia":[{"embeddable":true,"href":"https:\/\/jjcustomworks.se\/fr\/wp-json\/wp\/v2\/media\/60422"}],"wp:attachment":[{"href":"https:\/\/jjcustomworks.se\/fr\/wp-json\/wp\/v2\/media?parent=60428"}],"wp:term":[{"taxonomy":"product_brand","embeddable":true,"href":"https:\/\/jjcustomworks.se\/fr\/wp-json\/wp\/v2\/product_brand?post=60428"},{"taxonomy":"product_cat","embeddable":true,"href":"https:\/\/jjcustomworks.se\/fr\/wp-json\/wp\/v2\/product_cat?post=60428"},{"taxonomy":"product_tag","embeddable":true,"href":"https:\/\/jjcustomworks.se\/fr\/wp-json\/wp\/v2\/product_tag?post=60428"}],"curies":[{"name":"wp","href":"https:\/\/api.w.org\/{rel}","templated":true}]}}