{"id":60425,"date":"2025-03-14T15:01:58","date_gmt":"2025-03-14T14:01:58","guid":{"rendered":"https:\/\/jjcustomworks.se\/product\/cold-steel-pirates-cutlass\/"},"modified":"2025-10-17T03:25:34","modified_gmt":"2025-10-17T01:25:34","slug":"cold-steel-cutlass-pirate","status":"publish","type":"product","link":"https:\/\/jjcustomworks.se\/fr\/produit\/cold-steel-cutlass-pirate\/","title":{"rendered":"Cold Steel Cutlass Pirate - R\u00e9plique \u00c9p\u00e9e Pirate"},"content":{"rendered":"<h1><span class=\"ez-toc-section\" id=\"Cold_Steel_Cutlass_Pirate\"><\/span>Pirate Cold Steel Cutlass<span class=\"ez-toc-section-end\"><\/span><\/h1>\n<h2><span class=\"ez-toc-section\" id=\"Replique_Authentique_dune_Epee_de_Pirate_Classique\"><\/span>R\u00e9plique Authentique d&#8217;une \u00c9p\u00e9e de Pirate Classique<span class=\"ez-toc-section-end\"><\/span><\/h2>\n<p>Ce magnifique <strong>Pirate Cold Steel Cutlass<\/strong> est une r\u00e9plique d\u00e9taill\u00e9e de l'\u00e9p\u00e9e de pirate classique, c\u00e9l\u00e8bre aupr\u00e8s des marins au XVIIe si\u00e8cle. Fabriqu\u00e9e en acier \u00e0 haute teneur en carbone 1075, cette \u00e9p\u00e9e fonctionnelle offre \u00e0 la fois apparence et durabilit\u00e9. La lame incurv\u00e9e, plus large sur la moiti\u00e9 de la pointe, ainsi que les trois goutti\u00e8res pr\u00e8s du dos, offrent un \u00e9quilibre et une r\u00e9sistance optimaux. D\u00e9couvrez un morceau d'histoire maritime avec cette \u00e9p\u00e9e impressionnante.<\/p>\n\n<h3><span class=\"ez-toc-section\" id=\"Caracteristiques_et_Conception\"><\/span>Caract\u00e9ristiques et conception<span class=\"ez-toc-section-end\"><\/span><\/h3>\n<ul>\n <li><strong>Boiteux :<\/strong> Fabriqu\u00e9e en acier \u00e0 haute teneur en carbone 1075 pour une r\u00e9sistance et une nettet\u00e9 sup\u00e9rieures.<\/li>\n <li><strong>Conception:<\/strong> Lame incurv\u00e9e avec trois goutti\u00e8res pour un \u00e9quilibre optimal.<\/li>\n <li><strong>Garde:<\/strong> Garde en panier avec quillons en forme de S et une coquille en forme de coquillage.<\/li>\n <li><strong>Manche:<\/strong> Poign\u00e9e envelopp\u00e9e de cuir noir pour une prise en main confortable et s\u00e9curis\u00e9e.<\/li>\n <li><strong>Fourreau :<\/strong> Fourreau d'\u00e9p\u00e9e noir avec chape et chape argent\u00e9s orn\u00e9s de motifs nautiques.<\/li>\n<\/ul>\n\n<h3><span class=\"ez-toc-section\" id=\"Description_Detaillee\"><\/span>Description d\u00e9taill\u00e9e<span class=\"ez-toc-section-end\"><\/span><\/h3>\n<p>Ce <strong>\u00e9p\u00e9e de pirate de Cold Steel<\/strong> pr\u00e9sente une garde en panier avec des quillons en forme de S. L'un des quillons se courbe vers le dos de la lame, tandis que l'autre se courbe vers la garde. La protection du panier a une forme de coquille d'un c\u00f4t\u00e9 et une forme ouverte et balay\u00e9e sur les c\u00f4t\u00e9s restants. Un accent en forme de baie orne cette protection de panier et les extr\u00e9mit\u00e9s des quillons. Le manche est recouvert de cuir noir pour une prise en main s\u00fbre et confortable et se termine par un \u00e9l\u00e9gant pommeau en forme d'\u00e9ventail.<\/p>\n\n<p>L'\u00e9p\u00e9e est livr\u00e9e avec un \u00e9l\u00e9gant fourreau d'\u00e9p\u00e9e noir, avec une chape et une chape argent\u00e9es. Des motifs de coquilles Saint-Jacques ornent la chape, tandis que des motifs nautiques complexes ornent la chape. Le col est \u00e9galement \u00e9quip\u00e9 d'une boucle m\u00e9tallique pour une suspension facile \u00e0 une ceinture. Achetez votre <a href=\"https:\/\/jjcustomworks.se\/fr\/magasin\/\">propre Cold Steel Pirate Cutlass<\/a> d\u00e8s aujourd'hui et d\u00e9couvrez le frisson et l'aventure que cette arme historique apporte. Explorez notre <a href=\"https:\/\/jjcustomworks.se\/fr\/categorie-de-produit\/autres_produits\/replica-guns\/replica-western\/\">gamme d'\u00e9p\u00e9es europ\u00e9ennes<\/a> pour plus d'options ou visitez notre <a href=\"https:\/\/jjcustomworks.se\/fr\/\">page d&#039;accueil<\/a> pour voir notre gamme compl\u00e8te.<\/p>\n\n<h3><span class=\"ez-toc-section\" id=\"Specifications_Techniques\"><\/span>Sp\u00e9cifications Techniques<span class=\"ez-toc-section-end\"><\/span><\/h3>\n<ul>\n <li>Poids : 1397 g<\/li>\n <li>Longueur Totale : 82,5 cm<\/li>\n <li>Longueur de la Lame : 67,3 cm<\/li>\n <li>Longueur du Manche : 14 cm<\/li>\n <li>\u00c9paisseur de la Lame : 5 mm<\/li>\n <li>Acier de la Lame : Acier au Carbone 1055<\/li>\n <li>Famille d&#039;acier : Acier \u00e0 haute teneur en carbone<\/li>\n <li>Style d'\u00c9p\u00e9e : Europ\u00e9en<\/li>\n<\/ul>","protected":false},"excerpt":{"rendered":"<p>Cold Steel Cutlass Pirate R\u00e9plique Authentique d&#8217;une \u00c9p\u00e9e de Pirate Classique Ce magnifique Cold Steel Cutlass Pirate est une r\u00e9plique d\u00e9taill\u00e9e de l&#8217;\u00e9p\u00e9e de pirate classique, c\u00e9l\u00e8bre aupr\u00e8s des marins au XVIIe si\u00e8cle. Fabriqu\u00e9e en acier \u00e0 haute teneur en carbone 1075, cette \u00e9p\u00e9e fonctionnelle offre \u00e0 la fois apparence et durabilit\u00e9. La lame incurv\u00e9e, [&#8230;]\n","protected":false},"featured_media":60420,"template":"","meta":[],"product_brand":[],"product_cat":[1275],"product_tag":[],"class_list":{"0":"post-60425","1":"product","2":"type-product","3":"status-publish","4":"has-post-thumbnail","6":"product_cat-swords-europe","8":"first","9":"outofstock","10":"sale","11":"taxable","12":"shipping-taxable","13":"purchasable","14":"product-type-simple"},"_links":{"self":[{"href":"https:\/\/jjcustomworks.se\/fr\/wp-json\/wp\/v2\/product\/60425","targetHints":{"allow":["GET"]}}],"collection":[{"href":"https:\/\/jjcustomworks.se\/fr\/wp-json\/wp\/v2\/product"}],"about":[{"href":"https:\/\/jjcustomworks.se\/fr\/wp-json\/wp\/v2\/types\/product"}],"wp:featuredmedia":[{"embeddable":true,"href":"https:\/\/jjcustomworks.se\/fr\/wp-json\/wp\/v2\/media\/60420"}],"wp:attachment":[{"href":"https:\/\/jjcustomworks.se\/fr\/wp-json\/wp\/v2\/media?parent=60425"}],"wp:term":[{"taxonomy":"product_brand","embeddable":true,"href":"https:\/\/jjcustomworks.se\/fr\/wp-json\/wp\/v2\/product_brand?post=60425"},{"taxonomy":"product_cat","embeddable":true,"href":"https:\/\/jjcustomworks.se\/fr\/wp-json\/wp\/v2\/product_cat?post=60425"},{"taxonomy":"product_tag","embeddable":true,"href":"https:\/\/jjcustomworks.se\/fr\/wp-json\/wp\/v2\/product_tag?post=60425"}],"curies":[{"name":"wp","href":"https:\/\/api.w.org\/{rel}","templated":true}]}}