{"id":60418,"date":"2025-03-14T15:01:48","date_gmt":"2025-03-14T14:01:48","guid":{"rendered":"https:\/\/jjcustomworks.se\/product\/cold-steel-sw-chnsbr-chinese-saber\/"},"modified":"2025-10-17T03:25:58","modified_gmt":"2025-10-17T01:25:58","slug":"cold-steel-sabre-chinois-sw-chnsbr","status":"publish","type":"product","link":"https:\/\/jjcustomworks.se\/fr\/produit\/cold-steel-sabre-chinois-sw-chnsbr\/","title":{"rendered":"Sabre chinois Cold Steel - SW-CHNSBR"},"content":{"rendered":"<h1><span class=\"ez-toc-section\" id=\"Cold_Steel_Sabre_Chinois_SW-CHNSBR\"><\/span>Sabre Chinois Cold Steel SW-CHNSBR<span class=\"ez-toc-section-end\"><\/span><\/h1>\n<h2><span class=\"ez-toc-section\" id=\"Sabre_Chinois_Authentique_pour_la_Reconstitution_et_les_Arts_Martiaux\"><\/span>Sabre Chinois Authentique pour la Reconstitution et les Arts Martiaux<span class=\"ez-toc-section-end\"><\/span><\/h2>\n<p>D\u00e9couvrez l'histoire avec le sabre chinois Cold Steel SW-CHNSBR. Inspir\u00e9 par le pass\u00e9 martial de la Chine, ce sabre est tout aussi adaptable pour la cavalerie et les fantassins. Con\u00e7u pour r\u00e9sister aux exigences du combat, il est id\u00e9al pour la reconstitution et les arts martiaux.<\/p>\n<h3><span class=\"ez-toc-section\" id=\"Acier_au_Carbone_de_Haute_Qualite\"><\/span>Acier au carbone de haute qualit\u00e9<span class=\"ez-toc-section-end\"><\/span><\/h3>\n<p>La lame du sabre est forg\u00e9e \u00e0 la main \u00e0 partir d'acier au carbone 1060, assurant durabilit\u00e9 et tranchant. La goutti\u00e8re de \u00be de longueur am\u00e9liore la r\u00e9sistance et l'\u00e9quilibre de la lame. Sa courbure mod\u00e9r\u00e9e et sa pointe relev\u00e9e le rendent parfait pour couper, taillader et poignarder.<\/p>\n<ul>\n<li><strong>Mat\u00e9riau de la lame :<\/strong> Acier au Carbone 1060<\/li>\n<li><strong>Longueur de la lame :<\/strong> 29 pouces<\/li>\n<li><strong>\u00c9paisseur de la lame :<\/strong> 6 mm<\/li>\n<\/ul>\n<h3><span class=\"ez-toc-section\" id=\"Design_Elegant_et_Poignee_Durable\"><\/span>Design \u00c9l\u00e9gant et Poign\u00e9e Durable<span class=\"ez-toc-section-end\"><\/span><\/h3>\n<p>La poign\u00e9e est dot\u00e9e d'une garde en laiton grav\u00e9e en profondeur et d'un noyau en bois dur. Elle est tress\u00e9e avec une corde de soie noire et \u00e9quip\u00e9e d'une mitre en laiton et d'un pommeau, offrant une prise en main s\u00fbre et confortable. Le fourreau inclus est en bois dur et rev\u00eatu de cuir noir avec des garnitures d\u00e9coratives en laiton.<\/p>\n<ul>\n<li><strong>Longueur du manche :<\/strong> 7 pouces<\/li>\n<li><strong>Longueur totale :<\/strong> 36 pouces<\/li>\n<li><strong>Poids:<\/strong> 32.3 oz<\/li>\n<\/ul>\n<h3><span class=\"ez-toc-section\" id=\"Parfait_pour_la_Reconstitution_et_les_Arts_Martiaux\"><\/span>Parfait pour la Reconstitution et les Arts Martiaux<span class=\"ez-toc-section-end\"><\/span><\/h3>\n<p>Ce sabre chinois est id\u00e9al pour les reconstitueurs mongols, chinois et mandchous, ainsi que pour les pratiquants d'arts martiaux. Procurez-vous votre <a href=\"https:\/\/jjcustomworks.se\/fr\/magasin\/\">sabre Cold Steel<\/a> d\u00e8s aujourd'hui et d\u00e9couvrez un morceau d'histoire unique de l'armement. Explorez notre s\u00e9lection d'<a href=\"https:\/\/jjcustomworks.se\/fr\/categorie-de-produit\/autres_produits\/replica-guns\/replica-western\/\">armes chinoises<\/a> et ne manquez pas notre large s\u00e9lection de produits sur <a href=\"https:\/\/jjcustomworks.se\/fr\/\">notre site Web<\/a>!<\/p>","protected":false},"excerpt":{"rendered":"<p>Cold Steel Sabre Chinois SW-CHNSBR Sabre Chinois Authentique pour la Reconstitution et les Arts Martiaux D\u00e9couvrez l&#8217;histoire avec le sabre chinois Cold Steel SW-CHNSBR. Inspir\u00e9 par le pass\u00e9 martial de la Chine, ce sabre est tout aussi adaptable pour la cavalerie et les fantassins. Con\u00e7u pour r\u00e9sister aux exigences du combat, il est id\u00e9al pour [&#8230;]\n","protected":false},"featured_media":60414,"template":"","meta":[],"product_brand":[],"product_cat":[1275],"product_tag":[],"class_list":{"0":"post-60418","1":"product","2":"type-product","3":"status-publish","4":"has-post-thumbnail","6":"product_cat-swords-europe","8":"first","9":"outofstock","10":"sale","11":"taxable","12":"shipping-taxable","13":"purchasable","14":"product-type-simple"},"_links":{"self":[{"href":"https:\/\/jjcustomworks.se\/fr\/wp-json\/wp\/v2\/product\/60418","targetHints":{"allow":["GET"]}}],"collection":[{"href":"https:\/\/jjcustomworks.se\/fr\/wp-json\/wp\/v2\/product"}],"about":[{"href":"https:\/\/jjcustomworks.se\/fr\/wp-json\/wp\/v2\/types\/product"}],"wp:featuredmedia":[{"embeddable":true,"href":"https:\/\/jjcustomworks.se\/fr\/wp-json\/wp\/v2\/media\/60414"}],"wp:attachment":[{"href":"https:\/\/jjcustomworks.se\/fr\/wp-json\/wp\/v2\/media?parent=60418"}],"wp:term":[{"taxonomy":"product_brand","embeddable":true,"href":"https:\/\/jjcustomworks.se\/fr\/wp-json\/wp\/v2\/product_brand?post=60418"},{"taxonomy":"product_cat","embeddable":true,"href":"https:\/\/jjcustomworks.se\/fr\/wp-json\/wp\/v2\/product_cat?post=60418"},{"taxonomy":"product_tag","embeddable":true,"href":"https:\/\/jjcustomworks.se\/fr\/wp-json\/wp\/v2\/product_tag?post=60418"}],"curies":[{"name":"wp","href":"https:\/\/api.w.org\/{rel}","templated":true}]}}