{"id":60410,"date":"2025-03-14T15:01:44","date_gmt":"2025-03-14T14:01:44","guid":{"rendered":"https:\/\/jjcustomworks.se\/product\/samuari-sword-14\/"},"modified":"2025-11-26T08:16:42","modified_gmt":"2025-11-26T07:16:42","slug":"sabre-de-samourai-design-dragon","status":"publish","type":"product","link":"https:\/\/jjcustomworks.se\/fr\/produit\/sabre-de-samourai-design-dragon\/","title":{"rendered":"Sabre de Samoura\u00ef avec Design Dragon | Blades USA"},"content":{"rendered":"<h1><span class=\"ez-toc-section\" id=\"Sabre_de_Samourai\"><\/span>Sabre de Samoura\u00ef<span class=\"ez-toc-section-end\"><\/span><\/h1>\n<h2><span class=\"ez-toc-section\" id=\"Authentique_Sabre_de_Samourai_pour_lExposition\"><\/span>Authentique Sabre de Samoura\u00ef pour l&#8217;Exposition<span class=\"ez-toc-section-end\"><\/span><\/h2>\n<p>Ce sabre de samoura\u00ef de Blades USA est parfait pour l'exposition et la collection. Avec sa conception d\u00e9taill\u00e9e et sa construction robuste, il constitue un ajout impressionnant \u00e0 toute collection. La longueur totale du sabre est de 41 pouces, ce qui en fait une r\u00e9plique grandeur nature d'un sabre de samoura\u00ef traditionnel.<\/p>\n\n<h3><span class=\"ez-toc-section\" id=\"Caracteristiques_et_Specifications\"><\/span>Caract\u00e9ristiques et sp\u00e9cifications<span class=\"ez-toc-section-end\"><\/span><\/h3>\n<ul>\n <li><strong>Longueur totale :<\/strong> 41 pouces<\/li>\n <li><strong>Longueur de la lame :<\/strong> 27,5 pouces<\/li>\n <li><strong>\u00c9paisseur de la lame :<\/strong> 6,5\u00a0MM<\/li>\n <li><strong>Mat\u00e9riel:<\/strong> Acier \u00e0 teneur moyenne en carbone<\/li>\n <li><strong>Boiteux :<\/strong> Lame avec gorge de sang<\/li>\n <li><strong>Manche:<\/strong> Cordon bleu envelopp\u00e9 d'imitation de peau de raie<\/li>\n <li><strong>Tsuba :<\/strong> Tsuba de dragon en alliage de zinc bicolore<\/li>\n <li><strong>Fourreau :<\/strong> Comprend un fourreau en bois de dragon sculpt\u00e9<\/li>\n<\/ul>\n\n<h3><span class=\"ez-toc-section\" id=\"Conception_Detaillee_et_Materiaux\"><\/span>Conception D\u00e9taill\u00e9e et Mat\u00e9riaux<span class=\"ez-toc-section-end\"><\/span><\/h3>\n<p>La lame du sabre est en acier au carbone moyen, offrant un bon \u00e9quilibre entre durabilit\u00e9 et tranchant. La lame a une gorge de sang, ce qui ajoute \u00e0 l'apparence authentique du sabre. Le manche est envelopp\u00e9 d'un cordon bleu et d'une imitation de peau de raie, offrant une prise confortable et s\u00fbre. La tsuba (garde-main) est en alliage de zinc bicolore et pr\u00e9sente un motif de dragon d\u00e9taill\u00e9. Le sabre comprend \u00e9galement un fourreau en bois de dragon sculpt\u00e9 qui prot\u00e8ge la lame et compl\u00e8te la conception g\u00e9n\u00e9rale du sabre.<\/p>\n\n<p>Ce sabre de samoura\u00ef est id\u00e9al pour tous ceux qui appr\u00e9cient l'artisanat et le design japonais traditionnels. Am\u00e9liorez votre collection avec ce <a href=\"https:\/\/jjcustomworks.se\/fr\/magasin\/\">sabre de samoura\u00ef<\/a> unique d\u00e8s aujourd'hui. Saviez-vous que nous avons plus d'<a href=\"https:\/\/jjcustomworks.se\/fr\/categorie-de-produit\/autres_produits\/swords\/swords-japan\/\">\u00e9p\u00e9es<\/a> dans notre gamme\u00a0? Ne manquez pas non plus de consulter toute notre gamme sur <a href=\"https:\/\/jjcustomworks.se\/fr\/\">Lames USA<\/a>\u00a0!<\/p>","protected":false},"excerpt":{"rendered":"<p>Sabre de Samoura\u00ef Authentique Sabre de Samoura\u00ef pour l&#8217;Exposition Ce sabre de samoura\u00ef de Blades USA est parfait pour l&#8217;exposition et la collection. Avec sa conception d\u00e9taill\u00e9e et sa construction robuste, il constitue un ajout impressionnant \u00e0 toute collection. La longueur totale du sabre est de 41 pouces, ce qui en fait une r\u00e9plique grandeur [&#8230;]\n","protected":false},"featured_media":60402,"template":"","meta":[],"product_brand":[],"product_cat":[1275],"product_tag":[],"class_list":{"0":"post-60410","1":"product","2":"type-product","3":"status-publish","4":"has-post-thumbnail","6":"product_cat-swords-europe","8":"first","9":"outofstock","10":"sale","11":"taxable","12":"shipping-taxable","13":"purchasable","14":"product-type-simple"},"_links":{"self":[{"href":"https:\/\/jjcustomworks.se\/fr\/wp-json\/wp\/v2\/product\/60410","targetHints":{"allow":["GET"]}}],"collection":[{"href":"https:\/\/jjcustomworks.se\/fr\/wp-json\/wp\/v2\/product"}],"about":[{"href":"https:\/\/jjcustomworks.se\/fr\/wp-json\/wp\/v2\/types\/product"}],"wp:featuredmedia":[{"embeddable":true,"href":"https:\/\/jjcustomworks.se\/fr\/wp-json\/wp\/v2\/media\/60402"}],"wp:attachment":[{"href":"https:\/\/jjcustomworks.se\/fr\/wp-json\/wp\/v2\/media?parent=60410"}],"wp:term":[{"taxonomy":"product_brand","embeddable":true,"href":"https:\/\/jjcustomworks.se\/fr\/wp-json\/wp\/v2\/product_brand?post=60410"},{"taxonomy":"product_cat","embeddable":true,"href":"https:\/\/jjcustomworks.se\/fr\/wp-json\/wp\/v2\/product_cat?post=60410"},{"taxonomy":"product_tag","embeddable":true,"href":"https:\/\/jjcustomworks.se\/fr\/wp-json\/wp\/v2\/product_tag?post=60410"}],"curies":[{"name":"wp","href":"https:\/\/api.w.org\/{rel}","templated":true}]}}