{"id":60400,"date":"2025-03-14T15:01:40","date_gmt":"2025-03-14T14:01:40","guid":{"rendered":"https:\/\/jjcustomworks.se\/product\/perfect-point-3-pack-throwing-spikes\/"},"modified":"2026-04-08T05:47:49","modified_gmt":"2026-04-08T03:47:49","slug":"perfect-point-jeu-de-3-lames-de-lancer","status":"publish","type":"product","link":"https:\/\/jjcustomworks.se\/fr\/produit\/perfect-point-jeu-de-3-lames-de-lancer\/","title":{"rendered":"Perfect Point - Jeu de 3 Lames de Lancer"},"content":{"rendered":"<h1>Perfect Point - Jeu de 3 Lames de Lancer<\/h1>\n<h2><span class=\"ez-toc-section\" id=\"Lancez_avec_Precision_et_Puissance\"><\/span>Lancez avec Pr\u00e9cision et Puissance<span class=\"ez-toc-section-end\"><\/span><\/h2>\n<p>Ce jeu de 3 lames de lancer Perfect Point est parfait pour les d\u00e9butants comme pour les lanceurs exp\u00e9riment\u00e9s. Avec une longueur totale de 6 pouces et fabriqu\u00e9es en acier inoxydable 3Cr13, ces lames offrent un excellent \u00e9quilibre et une grande durabilit\u00e9. L'\u00e9tui en nylon inclus facilite et s\u00e9curise le transport et le stockage de vos lames de lancer. <a href=\"https:\/\/jjcustomworks.se\/fr\/magasin\/\">D\u00e9couvrez notre gamme d'autres couteaux de lancer<\/a>.<\/p>\n\n<h3><span class=\"ez-toc-section\" id=\"Caracteristiques_et_Avantages\"><\/span>Caract\u00e9ristiques et avantages<span class=\"ez-toc-section-end\"><\/span><\/h3>\n<ul>\n <li><strong>Longueur totale :<\/strong> 6 pouces - Taille parfaite pour une manipulation facile et un lancer pr\u00e9cis.<\/li>\n <li><strong>Mat\u00e9riel:<\/strong> Acier inoxydable 3Cr13 - Offre une excellente durabilit\u00e9 et une r\u00e9sistance \u00e0 la corrosion.<\/li>\n <li><strong>Cas:<\/strong> \u00c9tui en nylon inclus - Rangement et transport s\u00fbrs et pratiques.<\/li>\n<\/ul>\n\n<p>Le lancer de couteau est un art traditionnel et un sport passionnant qui peut divertir toute la famille. Avec un peu de pratique et de patience, vous pouvez rapidement apprendre les bases. N'oubliez pas que ces lames de lancer ne sont pas des jouets et doivent \u00eatre manipul\u00e9es avec soin et sous la surveillance d'un adulte. Soyez toujours conscient de votre environnement et ne lancez jamais en direction de personnes ou d'animaux. Assurez-vous qu'il n'y a pas d'objets fragiles pr\u00e8s de votre cible. Visitez <a href=\"https:\/\/jjcustomworks.se\/fr\/\">notre site Web<\/a> pour plus d'informations sur la s\u00e9curit\u00e9 et l'utilisation.<\/p>\n\n<h3><span class=\"ez-toc-section\" id=\"Mesures_de_Securite\"><\/span>Mesures de s\u00e9curit\u00e9<span class=\"ez-toc-section-end\"><\/span><\/h3>\n<p>Ces lames de lancer sont uniquement destin\u00e9es \u00e0 \u00eatre utilis\u00e9es contre des cibles appropri\u00e9es. Les couteaux de lancer plus petits peuvent \u00eatre lanc\u00e9s sur des cibles de fl\u00e9chettes ordinaires, tandis que les couteaux plus grands et plus lourds n\u00e9cessitent une cible plus robuste en bois ou en plusieurs couches de carton. N'oubliez pas que l'acier peut rebondir sur les surfaces dures, alors soyez prudent. Explorez <a href=\"https:\/\/jjcustomworks.se\/fr\/categorie-de-produit\/fait-a-la-main\/couteaux-faits-a-la-main\/\">notre s\u00e9lection de cibles de lancer<\/a> pour trouver l'\u00e9quipement appropri\u00e9.<\/p>","protected":false},"excerpt":{"rendered":"<p>K\u00f6p Perfect Point &#8211; 3-Pack Throwing Spikes online f\u00f6r att f\u00f6rb\u00e4ttra din kastteknik. Dessa kvalitetsprodukter \u00e4r perfekta f\u00f6r b\u00e5de nyb\u00f6rjare och erfarna kastare. Best\u00e4ll idag och f\u00e5 snabb leverans till din d\u00f6rr.<\/p>","protected":false},"featured_media":60398,"template":"","meta":[],"product_brand":[],"product_cat":[908],"product_tag":[],"class_list":{"0":"post-60400","1":"product","2":"type-product","3":"status-publish","4":"has-post-thumbnail","6":"product_cat-kastkniv","8":"first","9":"outofstock","10":"sale","11":"taxable","12":"shipping-taxable","13":"purchasable","14":"product-type-simple"},"_links":{"self":[{"href":"https:\/\/jjcustomworks.se\/fr\/wp-json\/wp\/v2\/product\/60400","targetHints":{"allow":["GET"]}}],"collection":[{"href":"https:\/\/jjcustomworks.se\/fr\/wp-json\/wp\/v2\/product"}],"about":[{"href":"https:\/\/jjcustomworks.se\/fr\/wp-json\/wp\/v2\/types\/product"}],"wp:featuredmedia":[{"embeddable":true,"href":"https:\/\/jjcustomworks.se\/fr\/wp-json\/wp\/v2\/media\/60398"}],"wp:attachment":[{"href":"https:\/\/jjcustomworks.se\/fr\/wp-json\/wp\/v2\/media?parent=60400"}],"wp:term":[{"taxonomy":"product_brand","embeddable":true,"href":"https:\/\/jjcustomworks.se\/fr\/wp-json\/wp\/v2\/product_brand?post=60400"},{"taxonomy":"product_cat","embeddable":true,"href":"https:\/\/jjcustomworks.se\/fr\/wp-json\/wp\/v2\/product_cat?post=60400"},{"taxonomy":"product_tag","embeddable":true,"href":"https:\/\/jjcustomworks.se\/fr\/wp-json\/wp\/v2\/product_tag?post=60400"}],"curies":[{"name":"wp","href":"https:\/\/api.w.org\/{rel}","templated":true}]}}