{"id":60396,"date":"2025-03-14T15:01:36","date_gmt":"2025-03-14T14:01:36","guid":{"rendered":"https:\/\/jjcustomworks.se\/product\/handmade-beltholder-for-axes-and-tools-swedish-premium-leather-product-18\/"},"modified":"2026-03-14T10:14:04","modified_gmt":"2026-03-14T09:14:04","slug":"porte-hache-outils-cuir-fait-main-ceinture","status":"publish","type":"product","link":"https:\/\/jjcustomworks.se\/fr\/produit\/porte-hache-outils-cuir-fait-main-ceinture\/","title":{"rendered":"Porte-Hache et Outils en Cuir Fait Main | JJ Custom Works"},"content":{"rendered":"<h1><span class=\"ez-toc-section\" id=\"Porte-Hache_et_Outils_en_Cuir_Fait_Main_pour_Ceinture_JJ_Custom_Works\"><\/span>Porte-Hache et Outils en Cuir Fait Main pour Ceinture | JJ Custom Works<span class=\"ez-toc-section-end\"><\/span><\/h1>\n<h2><span class=\"ez-toc-section\" id=\"Artisanat_Suedois_pour_Vos_Outils\"><\/span>Artisanat su\u00e9dois pour vos outils<span class=\"ez-toc-section-end\"><\/span><\/h2>\n<p>Ce porte-hache et outils fait main est fabriqu\u00e9 en Su\u00e8de \u00e0 partir de cuir de premi\u00e8re qualit\u00e9, garantissant une qualit\u00e9 et une durabilit\u00e9 maximales. Le cuir tann\u00e9 v\u00e9g\u00e9tal est respectueux de l'environnement et constitue une meilleure alternative au cuir tann\u00e9 au chrome. Avec une largeur de 4 cm et un diam\u00e8tre int\u00e9rieur d'environ 4,2 cm, il convient \u00e0 une vari\u00e9t\u00e9 d'outils, des haches tomahawk aux marteaux. Fixez-le simplement \u00e0 votre ceinture (max. 6 cm de large) et gardez vos outils \u00e0 port\u00e9e de main.<\/p>\n<h3><span class=\"ez-toc-section\" id=\"Caracteristiques_et_Avantages\"><\/span>Caract\u00e9ristiques et avantages :<span class=\"ez-toc-section-end\"><\/span><\/h3>\n<ul>\n <li><strong>Fabriqu\u00e9 \u00e0 la main en Su\u00e8de :<\/strong> Garantit la plus haute qualit\u00e9 et un savoir-faire unique.<\/li>\n <li><strong>Cuir Su\u00e9dois de Premi\u00e8re Qualit\u00e9 :<\/strong> Fabriqu\u00e9 \u00e0 partir des meilleurs mat\u00e9riaux possibles pour une utilisation durable.<\/li>\n <li><strong>Cuir tann\u00e9 v\u00e9g\u00e9tal :<\/strong> Alternative \u00e9cologique et douce.<\/li>\n <li><strong>Convient \u00e0 de Nombreux Outils :<\/strong> Con\u00e7u pour les haches tomahawk, les marteaux et autres outils.<\/li>\n <li><strong>Fixation pour Ceinture :<\/strong> Pour les ceintures jusqu'\u00e0 6 cm de large, ce qui le rend facile \u00e0 transporter.<\/li>\n<\/ul>\n<h3><span class=\"ez-toc-section\" id=\"Specifications\"><\/span>Caract\u00e9ristiques:<span class=\"ez-toc-section-end\"><\/span><\/h3>\n<ul>\n <li>Qualit\u00e9 du Cuir : ~2,5mm<\/li>\n <li>Largeur : 4 cm<\/li>\n <li>Largeur Max. de la Ceinture : 6cm<\/li>\n <li>Diam\u00e8tre Int\u00e9rieur du Support : env. 4,2 cm<\/li>\n<\/ul>\n<p>Procurez-vous ce porte-outils fait main d\u00e8s aujourd'hui et profitez de la commodit\u00e9 d'avoir toujours vos outils les plus importants \u00e0 port\u00e9e de main. Parfait pour les artisans professionnels et les passionn\u00e9s ! D\u00e9couvrez d'autres <a href=\"https:\/\/jjcustomworks.se\/fr\/magasin\/\">produits en cuir faits \u00e0 la main<\/a> dans notre collection. Visitez notre <a href=\"https:\/\/jjcustomworks.se\/fr\/categorie-de-produit\/autres_produits\/replica-guns\/replica-western\/\">cat\u00e9gorie d&#039;accessoires d&#039;outils<\/a> pour trouver d'autres solutions pour vos outils. Pour plus d'informations sur notre gamme de produits, visitez <a href=\"https:\/\/jjcustomworks.se\/fr\/\">notre site Web<\/a>.<\/p>","protected":false},"excerpt":{"rendered":"<p>K\u00f6p handgjord yx och verktygsh\u00e5llare i \u00e4kta svenskt veg l\u00e4der &#8211; b\u00e4sta kvalitet och h\u00e5llbarhet. Perfekt f\u00f6r b\u00e5de professionella och hobbyanv\u00e4ndare. Best\u00e4ll nu och f\u00e5 snabb leverans.<\/p>","protected":false},"featured_media":61407,"template":"","meta":[],"product_brand":[],"product_cat":[8205,6423],"product_tag":[],"class_list":{"0":"post-60396","1":"product","2":"type-product","3":"status-publish","4":"has-post-thumbnail","6":"product_cat-sheats","7":"product_cat-axe-accessories","9":"first","10":"instock","11":"sale","12":"taxable","13":"shipping-taxable","14":"purchasable","15":"product-type-simple"},"_links":{"self":[{"href":"https:\/\/jjcustomworks.se\/fr\/wp-json\/wp\/v2\/product\/60396","targetHints":{"allow":["GET"]}}],"collection":[{"href":"https:\/\/jjcustomworks.se\/fr\/wp-json\/wp\/v2\/product"}],"about":[{"href":"https:\/\/jjcustomworks.se\/fr\/wp-json\/wp\/v2\/types\/product"}],"wp:featuredmedia":[{"embeddable":true,"href":"https:\/\/jjcustomworks.se\/fr\/wp-json\/wp\/v2\/media\/61407"}],"wp:attachment":[{"href":"https:\/\/jjcustomworks.se\/fr\/wp-json\/wp\/v2\/media?parent=60396"}],"wp:term":[{"taxonomy":"product_brand","embeddable":true,"href":"https:\/\/jjcustomworks.se\/fr\/wp-json\/wp\/v2\/product_brand?post=60396"},{"taxonomy":"product_cat","embeddable":true,"href":"https:\/\/jjcustomworks.se\/fr\/wp-json\/wp\/v2\/product_cat?post=60396"},{"taxonomy":"product_tag","embeddable":true,"href":"https:\/\/jjcustomworks.se\/fr\/wp-json\/wp\/v2\/product_tag?post=60396"}],"curies":[{"name":"wp","href":"https:\/\/api.w.org\/{rel}","templated":true}]}}