{"id":60393,"date":"2025-03-14T15:01:35","date_gmt":"2025-03-14T14:01:35","guid":{"rendered":"https:\/\/jjcustomworks.se\/product\/handmade-beltholder-for-axes-and-tools-swedish-premium-leather-product-17\/"},"modified":"2025-10-16T16:15:40","modified_gmt":"2025-10-16T14:15:40","slug":"porte-hache-ceinture-cuir-fait-main","status":"publish","type":"product","link":"https:\/\/jjcustomworks.se\/fr\/produit\/porte-hache-ceinture-cuir-fait-main\/","title":{"rendered":"Porte-Hache Ceinture Cuir Fait Main | JJ Custom Works"},"content":{"rendered":"<h1><span class=\"ez-toc-section\" id=\"Porte-Hache_et_Outil_Fait_Main_pour_Ceinture\"><\/span>Porte-hache et porte-outils fait main pour ceinture<span class=\"ez-toc-section-end\"><\/span><\/h1>\n<h2><span class=\"ez-toc-section\" id=\"Artisanat_Suedois_en_Cuir_Premium\"><\/span>Artisanat su\u00e9dois du cuir haut de gamme<span class=\"ez-toc-section-end\"><\/span><\/h2>\n<p>Ce porte-hache et outil fait main est fabriqu\u00e9 en Su\u00e8de \u00e0 partir de cuir premium, garantissant une qualit\u00e9 et une durabilit\u00e9 maximales. Le cuir tann\u00e9 v\u00e9g\u00e9tal est doux pour l'environnement et offre une sensation naturelle. Parfait pour ceux qui appr\u00e9cient \u00e0 la fois la fonctionnalit\u00e9 et la durabilit\u00e9.<\/p>\n\n<h3><span class=\"ez-toc-section\" id=\"Specifications_du_produit\"><\/span>Sp\u00e9cifications du produit<span class=\"ez-toc-section-end\"><\/span><\/h3>\n<ul>\n    <li><strong>Mat\u00e9riel:<\/strong> Cuir premium su\u00e9dois, tann\u00e9 v\u00e9g\u00e9tal<\/li>\n    <li><strong>Qualit\u00e9 du cuir :<\/strong> ~2,5 mm d'\u00e9paisseur<\/li>\n    <li><strong>Largeur:<\/strong> 4 cm<\/li>\n    <li><strong>Largeur maximale de la courroie :<\/strong> Convient aux ceintures jusqu&#039;\u00e0 6 cm de large<\/li>\n    <li><strong>Diam\u00e8tre int\u00e9rieur du support :<\/strong> env. 4,2 cm<\/li>\n<\/ul>\n\n<h3><span class=\"ez-toc-section\" id=\"Utilisation_polyvalente\"><\/span>Utilisation polyvalente<span class=\"ez-toc-section-end\"><\/span><\/h3>\n<p>Le support est con\u00e7u pour s'adapter aux haches tomahawk, mais fonctionne \u00e9galement tr\u00e8s bien pour d'autres types de haches, de marteaux et d'outils divers. Sa construction robuste garantit que vos outils sont maintenus en s\u00e9curit\u00e9 pendant le travail.<\/p>\n\n<h3><span class=\"ez-toc-section\" id=\"Durable_et_Doux\"><\/span>Durable et Doux<span class=\"ez-toc-section-end\"><\/span><\/h3>\n<p>En choisissant du cuir tann\u00e9 v\u00e9g\u00e9tal, vous contribuez \u00e0 un avenir plus durable. Contrairement au cuir tann\u00e9 au chrome, cette alternative est douce pour l'environnement et offre un produit qui vieillit magnifiquement avec le temps. Investissez dans un support qui dure longtemps et qui est fabriqu\u00e9 dans le respect de la nature.<\/p>\n\n<p>D\u00e9couvrez notre s\u00e9lection de<a href=\"https:\/\/jjcustomworks.se\/fr\/magasin\/\">autres produits en cuir premium<\/a> qui compl\u00e8tent votre \u00e9quipement d'outils. Visitez notre <a href=\"https:\/\/jjcustomworks.se\/fr\/categorie-de-produit\/autres_produits\/replica-guns\/replica-western\/\">cat\u00e9gorie d&#039;accessoires d&#039;outils<\/a> pour trouver des solutions plus pratiques \u00e0 vos besoins. Pour plus d'informations sur notre gamme, visitez <a href=\"https:\/\/jjcustomworks.se\/fr\/\">notre site Web<\/a>.<\/p>","protected":false},"excerpt":{"rendered":"<p>Support de qualit\u00e9 pour haches ou outils tomahawk \u2013 fabriqu\u00e9 \u00e0 la main en cuir su\u00e9dois T\u00e4rnsj\u00f6<\/p>","protected":false},"featured_media":60375,"template":"","meta":[],"product_brand":[],"product_cat":[8205,6423],"product_tag":[],"class_list":{"0":"post-60393","1":"product","2":"type-product","3":"status-publish","4":"has-post-thumbnail","6":"product_cat-sheats","7":"product_cat-axe-accessories","9":"first","10":"instock","11":"taxable","12":"shipping-taxable","13":"purchasable","14":"product-type-simple"},"_links":{"self":[{"href":"https:\/\/jjcustomworks.se\/fr\/wp-json\/wp\/v2\/product\/60393","targetHints":{"allow":["GET"]}}],"collection":[{"href":"https:\/\/jjcustomworks.se\/fr\/wp-json\/wp\/v2\/product"}],"about":[{"href":"https:\/\/jjcustomworks.se\/fr\/wp-json\/wp\/v2\/types\/product"}],"wp:featuredmedia":[{"embeddable":true,"href":"https:\/\/jjcustomworks.se\/fr\/wp-json\/wp\/v2\/media\/60375"}],"wp:attachment":[{"href":"https:\/\/jjcustomworks.se\/fr\/wp-json\/wp\/v2\/media?parent=60393"}],"wp:term":[{"taxonomy":"product_brand","embeddable":true,"href":"https:\/\/jjcustomworks.se\/fr\/wp-json\/wp\/v2\/product_brand?post=60393"},{"taxonomy":"product_cat","embeddable":true,"href":"https:\/\/jjcustomworks.se\/fr\/wp-json\/wp\/v2\/product_cat?post=60393"},{"taxonomy":"product_tag","embeddable":true,"href":"https:\/\/jjcustomworks.se\/fr\/wp-json\/wp\/v2\/product_tag?post=60393"}],"curies":[{"name":"wp","href":"https:\/\/api.w.org\/{rel}","templated":true}]}}