{"id":60385,"date":"2025-03-14T15:01:34","date_gmt":"2025-03-14T14:01:34","guid":{"rendered":"https:\/\/jjcustomworks.se\/product\/handmade-beltholder-for-axes-and-tools-swedish-premium-leather-product-14\/"},"modified":"2025-10-16T16:15:53","modified_gmt":"2025-10-16T14:15:53","slug":"porte-hache-outil-ceinture-fait-main","status":"publish","type":"product","link":"https:\/\/jjcustomworks.se\/fr\/produit\/porte-hache-outil-ceinture-fait-main\/","title":{"rendered":"Porte-Hache et Outil Ceinture Fait Main | JJ Custom Works"},"content":{"rendered":"<h1><span class=\"ez-toc-section\" id=\"Porte-Hache_et_Outil_pour_Ceinture_Fait_Main\"><\/span>Porte-hache et porte-outils fait main pour ceinture<span class=\"ez-toc-section-end\"><\/span><\/h1>\n<h2><span class=\"ez-toc-section\" id=\"Cuir_Suedois_de_Premiere_Qualite_pour_Haches_et_Outils\"><\/span>Cuir Su\u00e9dois de Premi\u00e8re Qualit\u00e9 pour Haches et Outils<span class=\"ez-toc-section-end\"><\/span><\/h2>\n<p>Ce porte-hache et outil fait main est fabriqu\u00e9 en Su\u00e8de \u00e0 partir du meilleur cuir su\u00e9dois de premi\u00e8re qualit\u00e9. Chaque support est soigneusement con\u00e7u pour combiner durabilit\u00e9 et fonctionnalit\u00e9, ce qui en fait un accessoire indispensable pour les artisans professionnels et les amateurs de plein air. Le cuir tann\u00e9 v\u00e9g\u00e9tal est doux pour l'environnement et constitue un choix durable par rapport au cuir tann\u00e9 au chrome.<\/p>\n<h3><span class=\"ez-toc-section\" id=\"Specifications_du_produit\"><\/span>Sp\u00e9cifications du produit :<span class=\"ez-toc-section-end\"><\/span><\/h3>\n<ul>\n <li><strong>Mat\u00e9riel:<\/strong> Cuir su\u00e9dois de premi\u00e8re qualit\u00e9 tann\u00e9 v\u00e9g\u00e9tal (~2,5 mm d'\u00e9paisseur)<\/li>\n <li><strong>Largeur de la ceinture :<\/strong> Convient aux ceintures jusqu&#039;\u00e0 6 cm de large<\/li>\n <li><strong>Largeur du support :<\/strong> 4 cm<\/li>\n <li><strong>Diam\u00e8tre int\u00e9rieur :<\/strong> environ 4,2 cm<\/li>\n <li><strong>Usage:<\/strong> Convient aux haches tomahawk, aux marteaux et autres outils<\/li>\n <li><strong>Fabrication:<\/strong> Fabriqu\u00e9 \u00e0 la main en Su\u00e8de<\/li>\n<\/ul>\n\n<h3><span class=\"ez-toc-section\" id=\"Avantages_du_cuir_tanne_vegetal\"><\/span>Avantages du cuir tann\u00e9 v\u00e9g\u00e9tal<span class=\"ez-toc-section-end\"><\/span><\/h3>\n<p>Le cuir tann\u00e9 v\u00e9g\u00e9tal est une alternative \u00e9cologique au cuir tann\u00e9 au chrome. Cette m\u00e9thode de tannage traditionnelle utilise des tanins naturels provenant de plantes, ce qui conf\u00e8re au cuir un caract\u00e8re unique et une durabilit\u00e9. De plus, le cuir tann\u00e9 v\u00e9g\u00e9tal vieillit magnifiquement et d\u00e9veloppe une riche patine au fil du temps.<\/p>\n\n<h3><span class=\"ez-toc-section\" id=\"Utilisation_polyvalente\"><\/span>Utilisation polyvalente<span class=\"ez-toc-section-end\"><\/span><\/h3>\n<p>Ce support est con\u00e7u pour s'adapter \u00e0 une vari\u00e9t\u00e9 d'outils, y compris les haches tomahawk, les marteaux et autres outils similaires. Avec un diam\u00e8tre int\u00e9rieur d'environ 4,2 cm, il offre un stockage s\u00fbr et stable pour vos outils. Que vous soyez un artisan professionnel ou un amateur de plein air, ce support gardera vos outils \u00e0 port\u00e9e de main et prot\u00e9g\u00e9s.<\/p>\n\n<p>Investissez dans un porte-hache et outil fait main qui combine qualit\u00e9, durabilit\u00e9 et respect de l'environnement. Achetez votre nouveau <a href=\"https:\/\/jjcustomworks.se\/fr\/magasin\/\">porte-outil<\/a> d\u00e8s aujourd'hui et d\u00e9couvrez la diff\u00e9rence ! Visitez notre <a href=\"https:\/\/jjcustomworks.se\/fr\/categorie-de-produit\/autres_produits\/replica-guns\/replica-western\/\">cat\u00e9gorie d&#039;accessoires d&#039;outils<\/a> pour plus d'options, ou explorez toute notre gamme sur <a href=\"https:\/\/jjcustomworks.se\/fr\/\">notre site Web<\/a>.<\/p>","protected":false},"excerpt":{"rendered":"<p>Support de qualit\u00e9 pour haches ou outils tomahawk \u2013 fabriqu\u00e9 \u00e0 la main en cuir su\u00e9dois T\u00e4rnsj\u00f6<\/p>","protected":false},"featured_media":60369,"template":"","meta":[],"product_brand":[],"product_cat":[8205,6423],"product_tag":[],"class_list":{"0":"post-60385","1":"product","2":"type-product","3":"status-publish","4":"has-post-thumbnail","6":"product_cat-sheats","7":"product_cat-axe-accessories","9":"first","10":"instock","11":"taxable","12":"shipping-taxable","13":"purchasable","14":"product-type-simple"},"_links":{"self":[{"href":"https:\/\/jjcustomworks.se\/fr\/wp-json\/wp\/v2\/product\/60385","targetHints":{"allow":["GET"]}}],"collection":[{"href":"https:\/\/jjcustomworks.se\/fr\/wp-json\/wp\/v2\/product"}],"about":[{"href":"https:\/\/jjcustomworks.se\/fr\/wp-json\/wp\/v2\/types\/product"}],"wp:featuredmedia":[{"embeddable":true,"href":"https:\/\/jjcustomworks.se\/fr\/wp-json\/wp\/v2\/media\/60369"}],"wp:attachment":[{"href":"https:\/\/jjcustomworks.se\/fr\/wp-json\/wp\/v2\/media?parent=60385"}],"wp:term":[{"taxonomy":"product_brand","embeddable":true,"href":"https:\/\/jjcustomworks.se\/fr\/wp-json\/wp\/v2\/product_brand?post=60385"},{"taxonomy":"product_cat","embeddable":true,"href":"https:\/\/jjcustomworks.se\/fr\/wp-json\/wp\/v2\/product_cat?post=60385"},{"taxonomy":"product_tag","embeddable":true,"href":"https:\/\/jjcustomworks.se\/fr\/wp-json\/wp\/v2\/product_tag?post=60385"}],"curies":[{"name":"wp","href":"https:\/\/api.w.org\/{rel}","templated":true}]}}