{"id":60366,"date":"2025-03-14T15:01:23","date_gmt":"2025-03-14T14:01:23","guid":{"rendered":"https:\/\/jjcustomworks.se\/product\/elk-ridge-3-pack-throwing-knives\/"},"modified":"2025-11-08T18:24:39","modified_gmt":"2025-11-08T17:24:39","slug":"elk-ridge-lot-de-3-couteaux-de-lancer","status":"publish","type":"product","link":"https:\/\/jjcustomworks.se\/fr\/produit\/elk-ridge-lot-de-3-couteaux-de-lancer\/","title":{"rendered":"Elk Ridge Lot de 3 Couteaux de Lancer"},"content":{"rendered":"<h1><span class=\"ez-toc-section\" id=\"Elk_Ridge_Lot_de_3_Couteaux_de_Lancer\"><\/span>Elk Ridge Lot de 3 Couteaux de Lancer<span class=\"ez-toc-section-end\"><\/span><\/h1>\n<h2><span class=\"ez-toc-section\" id=\"Ensemble_de_Couteaux_de_Lancer_pour_Toute_la_Famille\"><\/span>Ensemble de Couteaux de Lancer pour Toute la Famille<span class=\"ez-toc-section-end\"><\/span><\/h2>\n<p>D\u00e9couvrez le frisson et l'art du lancer de couteau avec ce lot de 3 couteaux de lancer Elk Ridge. Cet ensemble est parfait pour les d\u00e9butants comme pour les pratiquants exp\u00e9riment\u00e9s qui recherchent une fa\u00e7on amusante et stimulante de d\u00e9velopper leurs comp\u00e9tences. Le lancer de couteau est un sport et un plaisir qui peut \u00eatre partag\u00e9 avec toute la famille, et il est \u00e9tonnamment facile \u00e0 apprendre avec un peu de patience. N'oubliez pas la s\u00e9curit\u00e9 et profitez de cet art ancestral.<\/p>\n<h3><span class=\"ez-toc-section\" id=\"Specifications\"><\/span>Caract\u00e9ristiques<span class=\"ez-toc-section-end\"><\/span><\/h3>\n<ul>\n <li><strong>Marque:<\/strong> Elk Ridge<\/li>\n <li><strong>Taper :<\/strong> Ensemble de couteaux de lancer<\/li>\n <li><strong>Longueur:<\/strong> 9,5 pouces (longueur totale)<\/li>\n <li><strong>Boiteux :<\/strong> Lame orange en acier inoxydable 3Cr13<\/li>\n <li><strong>Fourreau :<\/strong> Gaine en nylon incluse<\/li>\n<\/ul>\n<h3><span class=\"ez-toc-section\" id=\"Informations_importantes_sur_la_securite\"><\/span>Informations importantes sur la s\u00e9curit\u00e9<span class=\"ez-toc-section-end\"><\/span><\/h3>\n<p>La s\u00e9curit\u00e9 est primordiale. Ces couteaux de lancer ne sont pas des jouets et doivent \u00eatre manipul\u00e9s avec pr\u00e9caution et toujours sous la surveillance d'un adulte. L'\u00e2ge d'achat est de 18\u00a0ans. Ne lancez jamais en direction de personnes ou d'animaux. Assurez-vous que votre cible est plac\u00e9e dans un endroit s\u00fbr, sans objets fragiles \u00e0 proximit\u00e9.<\/p>\n<h3><span class=\"ez-toc-section\" id=\"Choisir_la_bonne_cible\"><\/span>Choisir la bonne cible<span class=\"ez-toc-section-end\"><\/span><\/h3>\n<p>Choisissez toujours une cible appropri\u00e9e. Les petits couteaux de lancer de moins de 10\u00a0pouces qui ne p\u00e8sent pas beaucoup peuvent \u00eatre lanc\u00e9s sur des jeux de fl\u00e9chettes ordinaires. Pour les couteaux de comp\u00e9tition plus grands et plus lourds, une cible en bois est recommand\u00e9e. Plusieurs couches de carton peuvent \u00e9galement bien fonctionner. \u00c9vitez de lancer contre des surfaces dures telles que l'acier, car les couteaux peuvent rebondir.<\/p>\n\n<p>Profitez de cet ensemble de couteaux de lancer de <a href=\"https:\/\/jjcustomworks.se\/fr\/magasin\/\">Elk Ridge<\/a>. Explorez notre large s\u00e9lection de <a href=\"https:\/\/jjcustomworks.se\/fr\/categorie-de-produit\/autres_produits\/replica-guns\/replica-western\/\">couteaux de lancer<\/a> et trouvez l'ensemble parfait pour vos besoins. Visitez <a href=\"https:\/\/jjcustomworks.se\/fr\/\">notre site Web<\/a> pour voir toute notre gamme.<\/p>","protected":false},"excerpt":{"rendered":"<p>Elk Ridge Lot de 3 Couteaux de Lancer Ensemble de Couteaux de Lancer pour Toute la Famille D\u00e9couvrez le frisson et l&#8217;art du lancer de couteau avec ce lot de 3 couteaux de lancer Elk Ridge. Cet ensemble est parfait pour les d\u00e9butants comme pour les pratiquants exp\u00e9riment\u00e9s qui recherchent une fa\u00e7on amusante et stimulante [&#8230;]\n","protected":false},"featured_media":60357,"template":"","meta":[],"product_brand":[],"product_cat":[908],"product_tag":[],"class_list":{"0":"post-60366","1":"product","2":"type-product","3":"status-publish","4":"has-post-thumbnail","6":"product_cat-kastkniv","8":"first","9":"instock","10":"sale","11":"taxable","12":"shipping-taxable","13":"purchasable","14":"product-type-simple"},"_links":{"self":[{"href":"https:\/\/jjcustomworks.se\/fr\/wp-json\/wp\/v2\/product\/60366","targetHints":{"allow":["GET"]}}],"collection":[{"href":"https:\/\/jjcustomworks.se\/fr\/wp-json\/wp\/v2\/product"}],"about":[{"href":"https:\/\/jjcustomworks.se\/fr\/wp-json\/wp\/v2\/types\/product"}],"wp:featuredmedia":[{"embeddable":true,"href":"https:\/\/jjcustomworks.se\/fr\/wp-json\/wp\/v2\/media\/60357"}],"wp:attachment":[{"href":"https:\/\/jjcustomworks.se\/fr\/wp-json\/wp\/v2\/media?parent=60366"}],"wp:term":[{"taxonomy":"product_brand","embeddable":true,"href":"https:\/\/jjcustomworks.se\/fr\/wp-json\/wp\/v2\/product_brand?post=60366"},{"taxonomy":"product_cat","embeddable":true,"href":"https:\/\/jjcustomworks.se\/fr\/wp-json\/wp\/v2\/product_cat?post=60366"},{"taxonomy":"product_tag","embeddable":true,"href":"https:\/\/jjcustomworks.se\/fr\/wp-json\/wp\/v2\/product_tag?post=60366"}],"curies":[{"name":"wp","href":"https:\/\/api.w.org\/{rel}","templated":true}]}}