{"id":60360,"date":"2025-03-14T15:01:22","date_gmt":"2025-03-14T14:01:22","guid":{"rendered":"https:\/\/jjcustomworks.se\/product\/perfect-point-3-pack-throwing-knives-23\/"},"modified":"2025-11-18T20:35:34","modified_gmt":"2025-11-18T19:35:34","slug":"perfect-point-couteaux-de-lancer-3-pack","status":"publish","type":"product","link":"https:\/\/jjcustomworks.se\/fr\/produit\/perfect-point-couteaux-de-lancer-3-pack\/","title":{"rendered":"Perfect Point - 3 Couteaux de Lancer | Haute Qualit\u00e9"},"content":{"rendered":"<h1>Perfect Point - Lot de 3 couteaux de lancer<\/h1>\n<h2><span class=\"ez-toc-section\" id=\"Couteaux_de_lancer_pour_toute_la_famille\"><\/span>Couteaux de lancer pour toute la famille<span class=\"ez-toc-section-end\"><\/span><\/h2>\n<p>Ce pack de 3 couteaux de lancer de Perfect Point est parfait pour les d\u00e9butants comme pour les lanceurs exp\u00e9riment\u00e9s. L'ensemble comprend trois couteaux d'une longueur totale de 8,5 pouces, ce qui les rend faciles \u00e0 manier et \u00e0 lancer. Le lancer de couteau est une activit\u00e9 divertissante qui peut \u00eatre pratiqu\u00e9e par toute la famille, mais n'oubliez pas que la s\u00e9curit\u00e9 doit toujours \u00eatre la priorit\u00e9.<\/p>\n<h3><span class=\"ez-toc-section\" id=\"Lame_en_acier_inoxydable_rouge_et_noire\"><\/span>Lame en acier inoxydable rouge et noire<span class=\"ez-toc-section-end\"><\/span><\/h3>\n<p>Chaque couteau est fabriqu\u00e9 avec une lame en acier inoxydable 3Cr13 rouge et noire, ce qui garantit durabilit\u00e9 et longue dur\u00e9e de vie. L'acier inoxydable est un excellent choix de mat\u00e9riau pour les couteaux de lancer car il r\u00e9siste \u00e0 la corrosion et conserve son tranchant m\u00eame apr\u00e8s une utilisation r\u00e9p\u00e9t\u00e9e.<\/p>\n<h3><span class=\"ez-toc-section\" id=\"Securite_et_utilisation\"><\/span>S\u00e9curit\u00e9 et utilisation<span class=\"ez-toc-section-end\"><\/span><\/h3>\n<p>La s\u00e9curit\u00e9 est primordiale lors de la manipulation de couteaux de lancer. Ces couteaux ne sont pas des jouets et doivent \u00eatre manipul\u00e9s sous la surveillance d'un adulte. L'acheteur doit avoir au moins 18 ans. Assurez-vous de ne jamais lancer en direction de personnes ou d'animaux et \u00e9vitez d'avoir des objets fragiles pr\u00e8s de la cible. Ne lancez que sur des cibles appropri\u00e9es pour \u00e9viter les dommages et maximiser la dur\u00e9e de vie de vos couteaux.<\/p>\n<ul>\n <li>Longueur totale\u00a0: 8,5\u00a0pouces<\/li>\n <li>Mat\u00e9riau de la lame\u00a0: acier inoxydable 3Cr13<\/li>\n <li>Couleur\u00a0: Rouge et noir<\/li>\n <li>Gaine\u00a0: gaine en nylon incluse<\/li>\n<\/ul>\n<h3><span class=\"ez-toc-section\" id=\"Cibles_appropriees\"><\/span>Cibles appropri\u00e9es<span class=\"ez-toc-section-end\"><\/span><\/h3>\n<p>Les plus petits couteaux de lancer de moins de 10 pouces qui ne p\u00e8sent pas beaucoup peuvent \u00eatre lanc\u00e9s sur des cibles de fl\u00e9chettes ordinaires. Pour les couteaux de comp\u00e9tition plus grands et plus lourds, une v\u00e9ritable cible en bois est recommand\u00e9e. Plusieurs couches de carton peuvent \u00e9galement servir de bonne cible. Gardez \u00e0 l'esprit que l'acier rebondit contre l'acier et d'autres surfaces dures, alors soyez prudent lors du choix d'une cible.<\/p>\n<p>D\u00e9couvrez notre gamme de <a href=\"https:\/\/jjcustomworks.se\/fr\/categorie-de-produit\/autres_produits\/replica-guns\/replica-western\/\">couteaux de lancer<\/a> et trouvez l'ensemble parfait pour vos besoins. N'oubliez pas de consulter nos autres <a href=\"https:\/\/jjcustomworks.se\/fr\/magasin\/\">Produits Perfect Point<\/a> pour compl\u00e9ter votre \u00e9quipement. Visitez notre <a href=\"https:\/\/jjcustomworks.se\/fr\/\">page d&#039;accueil<\/a> pour plus d&#039;informations et d&#039;offres.<\/p>","protected":false},"excerpt":{"rendered":"<p>Perfect Point &#8211; Pack de 3 Couteaux de Lancer Couteaux de lancer pour toute la famille Ce pack de 3 couteaux de lancer de Perfect Point est parfait pour les d\u00e9butants comme pour les lanceurs exp\u00e9riment\u00e9s. L&#8217;ensemble comprend trois couteaux d&#8217;une longueur totale de 8,5 pouces, ce qui les rend faciles \u00e0 manier et \u00e0 [&#8230;]\n","protected":false},"featured_media":60355,"template":"","meta":[],"product_brand":[],"product_cat":[908],"product_tag":[],"class_list":{"0":"post-60360","1":"product","2":"type-product","3":"status-publish","4":"has-post-thumbnail","6":"product_cat-kastkniv","8":"first","9":"outofstock","10":"sale","11":"taxable","12":"shipping-taxable","13":"purchasable","14":"product-type-simple"},"_links":{"self":[{"href":"https:\/\/jjcustomworks.se\/fr\/wp-json\/wp\/v2\/product\/60360","targetHints":{"allow":["GET"]}}],"collection":[{"href":"https:\/\/jjcustomworks.se\/fr\/wp-json\/wp\/v2\/product"}],"about":[{"href":"https:\/\/jjcustomworks.se\/fr\/wp-json\/wp\/v2\/types\/product"}],"wp:featuredmedia":[{"embeddable":true,"href":"https:\/\/jjcustomworks.se\/fr\/wp-json\/wp\/v2\/media\/60355"}],"wp:attachment":[{"href":"https:\/\/jjcustomworks.se\/fr\/wp-json\/wp\/v2\/media?parent=60360"}],"wp:term":[{"taxonomy":"product_brand","embeddable":true,"href":"https:\/\/jjcustomworks.se\/fr\/wp-json\/wp\/v2\/product_brand?post=60360"},{"taxonomy":"product_cat","embeddable":true,"href":"https:\/\/jjcustomworks.se\/fr\/wp-json\/wp\/v2\/product_cat?post=60360"},{"taxonomy":"product_tag","embeddable":true,"href":"https:\/\/jjcustomworks.se\/fr\/wp-json\/wp\/v2\/product_tag?post=60360"}],"curies":[{"name":"wp","href":"https:\/\/api.w.org\/{rel}","templated":true}]}}