{"id":60351,"date":"2025-03-14T15:01:16","date_gmt":"2025-03-14T14:01:16","guid":{"rendered":"https:\/\/jjcustomworks.se\/product\/kolser-replica-18th-century-straight-flintlock-pistol\/"},"modified":"2025-10-16T23:31:03","modified_gmt":"2025-10-16T21:31:03","slug":"replique-de-pistolet-a-silex-kolser-1700","status":"publish","type":"product","link":"https:\/\/jjcustomworks.se\/fr\/produit\/replique-de-pistolet-a-silex-kolser-1700\/","title":{"rendered":"R\u00e9plique de pistolet \u00e0 silex Kolser 1700"},"content":{"rendered":"<h1>Kolser - R\u00e9plique - Pistolet \u00e0 silex 1700<\/h1>\n<h2><span class=\"ez-toc-section\" id=\"Replique_authentique_du_pistolet_a_silex_des_annees_1700\"><\/span>R\u00e9plique authentique du pistolet \u00e0 silex des ann\u00e9es 1700<span class=\"ez-toc-section-end\"><\/span><\/h2>\n<p>D\u00e9couvrez l'\u00e9l\u00e9gance de l'histoire avec cette incroyable r\u00e9plique d'un pistolet \u00e0 silex allemand des ann\u00e9es 1700 de Kolser. Cette r\u00e9plique est fabriqu\u00e9e avec un soin m\u00e9ticuleux et de beaux d\u00e9tails, lui donnant une touche d'exclusivit\u00e9 et d'\u00e9l\u00e9gance. Inspir\u00e9 par les armes du XVIIIe si\u00e8cle, de l'Empire franc \u00e0 la Prusse, ce pistolet \u00e0 silex capture une \u00e9poque r\u00e9volue.<\/p>\n<h3><span class=\"ez-toc-section\" id=\"Conception_detaillee_et_inspiration_historique\"><\/span>Conception d\u00e9taill\u00e9e et inspiration historique<span class=\"ez-toc-section-end\"><\/span><\/h3>\n<p>Cette r\u00e9plique de Kolser est plus qu'une simple pi\u00e8ce d\u00e9corative ; c'est une reconstitution d\u00e9taill\u00e9e d'un pistolet \u00e0 silex allemand du XVIIIe si\u00e8cle. Chaque aspect, du m\u00e9canisme \u00e0 la finition, est con\u00e7u pour imiter l'apparence de l'original. Parfait pour les collectionneurs, les passionn\u00e9s d'histoire ou comme \u00e9l\u00e9ment de d\u00e9coration int\u00e9rieure unique.<\/p>\n<ul>\n  <li>R\u00e9plique d'un pistolet \u00e0 silex allemand des ann\u00e9es 1700<\/li>\n  <li>Fabriqu\u00e9 avec soin avec des d\u00e9tails authentiques<\/li>\n  <li>Parfait pour les collectionneurs et les passionn\u00e9s d&#039;histoire<\/li>\n<\/ul>\n<p>Ajoutez un morceau d'histoire \u00e0 votre collection avec cette magnifique r\u00e9plique. <a href=\"https:\/\/jjcustomworks.se\/fr\/magasin\/\">Explorez notre gamme d'armes r\u00e9pliques Kolser<\/a> et trouvez la pi\u00e8ce historique parfaite pour vous. Ne manquez pas la chance de poss\u00e9der une partie du pass\u00e9. Visitez la <a href=\"https:\/\/jjcustomworks.se\/fr\/categorie-de-produit\/autres_produits\/replica-guns\/replica-western\/\">cat\u00e9gorie des armes r\u00e9pliques<\/a> pour plus d'options ou visitez <a href=\"https:\/\/jjcustomworks.se\/fr\/\">notre page d&#039;accueil<\/a> pour voir toute notre gamme !<\/p>","protected":false},"excerpt":{"rendered":"<p>Kolser &#8211; R\u00e9plique &#8211; Pistolet \u00e0 silex 1700 R\u00e9plique authentique du pistolet \u00e0 silex des ann\u00e9es 1700 D\u00e9couvrez l&#8217;\u00e9l\u00e9gance de l&#8217;histoire avec cette incroyable r\u00e9plique d&#8217;un pistolet \u00e0 silex allemand des ann\u00e9es 1700 de Kolser. Cette r\u00e9plique est fabriqu\u00e9e avec un soin m\u00e9ticuleux et de beaux d\u00e9tails, lui donnant une touche d&#8217;exclusivit\u00e9 et d&#8217;\u00e9l\u00e9gance. Inspir\u00e9 [&#8230;]\n","protected":false},"featured_media":60363,"template":"","meta":[],"product_brand":[],"product_cat":[4805],"product_tag":[],"class_list":{"0":"post-60351","1":"product","2":"type-product","3":"status-publish","4":"has-post-thumbnail","6":"product_cat-replicas-older-historical","8":"first","9":"instock","10":"sale","11":"taxable","12":"shipping-taxable","13":"purchasable","14":"product-type-variable"},"_links":{"self":[{"href":"https:\/\/jjcustomworks.se\/fr\/wp-json\/wp\/v2\/product\/60351","targetHints":{"allow":["GET"]}}],"collection":[{"href":"https:\/\/jjcustomworks.se\/fr\/wp-json\/wp\/v2\/product"}],"about":[{"href":"https:\/\/jjcustomworks.se\/fr\/wp-json\/wp\/v2\/types\/product"}],"wp:featuredmedia":[{"embeddable":true,"href":"https:\/\/jjcustomworks.se\/fr\/wp-json\/wp\/v2\/media\/60363"}],"wp:attachment":[{"href":"https:\/\/jjcustomworks.se\/fr\/wp-json\/wp\/v2\/media?parent=60351"}],"wp:term":[{"taxonomy":"product_brand","embeddable":true,"href":"https:\/\/jjcustomworks.se\/fr\/wp-json\/wp\/v2\/product_brand?post=60351"},{"taxonomy":"product_cat","embeddable":true,"href":"https:\/\/jjcustomworks.se\/fr\/wp-json\/wp\/v2\/product_cat?post=60351"},{"taxonomy":"product_tag","embeddable":true,"href":"https:\/\/jjcustomworks.se\/fr\/wp-json\/wp\/v2\/product_tag?post=60351"}],"curies":[{"name":"wp","href":"https:\/\/api.w.org\/{rel}","templated":true}]}}