{"id":60347,"date":"2025-03-14T15:01:16","date_gmt":"2025-03-14T14:01:16","guid":{"rendered":"https:\/\/jjcustomworks.se\/product\/kolser-replica-blunderbuss\/"},"modified":"2025-11-05T09:44:41","modified_gmt":"2025-11-05T08:44:41","slug":"replique-kolser-blunderbuss-pistolet-pirate-xviiie-siecle","status":"publish","type":"product","link":"https:\/\/jjcustomworks.se\/fr\/produit\/replique-kolser-blunderbuss-pistolet-pirate-xviiie-siecle\/","title":{"rendered":"R\u00e9plique Kolser Blunderbuss - Pistolet Pirate du XVIIIe Si\u00e8cle"},"content":{"rendered":"<h1>Kolser - R\u00e9plique - Blunderbuss<\/h1>\n\n<h2><span class=\"ez-toc-section\" id=\"Replique_Authentique_dun_Blunderbuss_du_XVIIIe_Siecle\"><\/span>R\u00e9plique Authentique d&#8217;un Blunderbuss du XVIIIe Si\u00e8cle<span class=\"ez-toc-section-end\"><\/span><\/h2>\n<p>Cette magnifique r\u00e9plique d'un blunderbuss de pirate du XVIIIe si\u00e8cle de Kolser est faite de r\u00e9sine et de m\u00e9tal pour assurer sa durabilit\u00e9. Parfait pour les collectionneurs et les passionn\u00e9s d'histoire qui souhaitent poss\u00e9der un morceau du pass\u00e9. Cette r\u00e9plique capture l'essence des armes utilis\u00e9es au XVIIIe si\u00e8cle.<\/p>\n\n<h3><span class=\"ez-toc-section\" id=\"Importance_Historique\"><\/span>Importance historique<span class=\"ez-toc-section-end\"><\/span><\/h3>\n<p>Ce type d'arme \u00e9tait charg\u00e9 de plombs et peut \u00eatre consid\u00e9r\u00e9 comme l'anc\u00eatre du fusil de chasse, offrant un aper\u00e7u de l'\u00e9volution des armes \u00e0 travers l'histoire. Contrairement \u00e0 d'autres armes, ce Blunderbuss avait la capacit\u00e9 de tirer sur plusieurs cibles et pouvait donc \u00eatre charg\u00e9 avec des plombs plus petits, ce qui lui permettait de tirer plus d'un projectile.<\/p>\n\n<h3><span class=\"ez-toc-section\" id=\"Conception_et_Materiaux_Detailles\"><\/span>Conception d\u00e9taill\u00e9e et mat\u00e9riaux<span class=\"ez-toc-section-end\"><\/span><\/h3>\n<ul>\n <li><strong>Mat\u00e9riaux:<\/strong> R\u00e9sine et m\u00e9tal<\/li>\n <li><strong>Usage:<\/strong> Couramment utilis\u00e9 dans les batailles navales \u00e0 courte port\u00e9e<\/li>\n <li><strong>Dimensions:<\/strong> 46 cm<\/li>\n <li><strong>Caract\u00e9ristiques:<\/strong> D\u00e9tente et marteau en m\u00e9tal, le reste du corps en r\u00e9sine<\/li>\n<\/ul>\n\n<p>Ce Blunderbuss est id\u00e9al pour les reconstitutions, les productions th\u00e9\u00e2trales ou comme objet de d\u00e9coration unique. <a href=\"https:\/\/jjcustomworks.se\/fr\/magasin\/\">D\u00e9couvrez notre gamme de r\u00e9pliques d&#039;armes<\/a> pour compl\u00e9ter votre collection. D\u00e9couvrez d'autres <a href=\"https:\/\/jjcustomworks.se\/fr\/categorie-de-produit\/autres_produits\/replica-guns\/replica-western\/\">r\u00e9pliques historiques<\/a> et ajoutez une touche authentique \u00e0 votre d\u00e9cor. Visitez <a href=\"https:\/\/jjcustomworks.se\/fr\/\">notre page d&#039;accueil<\/a> pour voir toute notre gamme.<\/p>","protected":false},"excerpt":{"rendered":"<p>Kolser &#8211; R\u00e9plique &#8211; Blunderbuss R\u00e9plique Authentique d&#8217;un Blunderbuss du XVIIIe Si\u00e8cle Cette magnifique r\u00e9plique d&#8217;un blunderbuss de pirate du XVIIIe si\u00e8cle de Kolser est faite de r\u00e9sine et de m\u00e9tal pour assurer sa durabilit\u00e9. Parfait pour les collectionneurs et les passionn\u00e9s d&#8217;histoire qui souhaitent poss\u00e9der un morceau du pass\u00e9. Cette r\u00e9plique capture l&#8217;essence des [&#8230;]\n","protected":false},"featured_media":60346,"template":"","meta":[],"product_brand":[],"product_cat":[4805],"product_tag":[],"class_list":{"0":"post-60347","1":"product","2":"type-product","3":"status-publish","4":"has-post-thumbnail","6":"product_cat-replicas-older-historical","8":"first","9":"outofstock","10":"sale","11":"taxable","12":"shipping-taxable","13":"purchasable","14":"product-type-simple"},"_links":{"self":[{"href":"https:\/\/jjcustomworks.se\/fr\/wp-json\/wp\/v2\/product\/60347","targetHints":{"allow":["GET"]}}],"collection":[{"href":"https:\/\/jjcustomworks.se\/fr\/wp-json\/wp\/v2\/product"}],"about":[{"href":"https:\/\/jjcustomworks.se\/fr\/wp-json\/wp\/v2\/types\/product"}],"wp:featuredmedia":[{"embeddable":true,"href":"https:\/\/jjcustomworks.se\/fr\/wp-json\/wp\/v2\/media\/60346"}],"wp:attachment":[{"href":"https:\/\/jjcustomworks.se\/fr\/wp-json\/wp\/v2\/media?parent=60347"}],"wp:term":[{"taxonomy":"product_brand","embeddable":true,"href":"https:\/\/jjcustomworks.se\/fr\/wp-json\/wp\/v2\/product_brand?post=60347"},{"taxonomy":"product_cat","embeddable":true,"href":"https:\/\/jjcustomworks.se\/fr\/wp-json\/wp\/v2\/product_cat?post=60347"},{"taxonomy":"product_tag","embeddable":true,"href":"https:\/\/jjcustomworks.se\/fr\/wp-json\/wp\/v2\/product_tag?post=60347"}],"curies":[{"name":"wp","href":"https:\/\/api.w.org\/{rel}","templated":true}]}}