{"id":60265,"date":"2025-03-14T15:00:35","date_gmt":"2025-03-14T14:00:35","guid":{"rendered":"https:\/\/jjcustomworks.se\/product\/kolser-replica-napoleon-strike-lock-gun\/"},"modified":"2026-04-23T14:20:39","modified_gmt":"2026-04-23T12:20:39","slug":"kolser-replique-pistolet-a-silex-napoleon","status":"publish","type":"product","link":"https:\/\/jjcustomworks.se\/fr\/produit\/kolser-replique-pistolet-a-silex-napoleon\/","title":{"rendered":"Kolser R\u00e9plique Pistolet \u00e0 Silex Napol\u00e9on"},"content":{"rendered":"<h1>Kolser - R\u00e9plique - Napol\u00e9on - Pistolet \u00e0 Silex<\/h1>\n<h2><span class=\"ez-toc-section\" id=\"Magnifique_Replique_de_Pistolet_a_Silex_du_19eme_Siecle\"><\/span>Magnifique R\u00e9plique de Pistolet \u00e0 Silex du 19\u00e8me Si\u00e8cle<span class=\"ez-toc-section-end\"><\/span><\/h2>\n<p>Cette magnifique r\u00e9plique d'un pistolet \u00e0 silex Napol\u00e9on du 19\u00e8me si\u00e8cle est un incontournable pour les collectionneurs et les passionn\u00e9s d'histoire. La r\u00e9plique de 32 cm de long est fabriqu\u00e9e en r\u00e9sine et en m\u00e9tal, ce qui lui conf\u00e8re une sensation et une apparence authentiques. Le m\u00e9canisme est fonctionnel, ce qui renforce encore le r\u00e9alisme.<\/p>\n<h3><span class=\"ez-toc-section\" id=\"Conception_et_Materiaux_Authentiques\"><\/span>Design et mat\u00e9riaux authentiques<span class=\"ez-toc-section-end\"><\/span><\/h3>\n<p>La r\u00e9plique est fabriqu\u00e9e avec une grande attention aux d\u00e9tails pourRessembler le plus possible \u00e0 l'original. La combinaison de r\u00e9sine et de m\u00e9tal offre une sensation robuste et r\u00e9aliste. Le m\u00e9canisme fonctionnel contribue \u00e0 une exp\u00e9rience plus vivante.<\/p>\n<ul>\n <li><strong>Mat\u00e9riel:<\/strong> R\u00e9sine et m\u00e9tal<\/li>\n <li><strong>Longueur:<\/strong> 32 cm<\/li>\n <li><strong>M\u00e9canisme:<\/strong> Fonctionnel (ne doit pas \u00eatre surexploit\u00e9)<\/li>\n<\/ul>\n<p>Veuillez noter que bien que le m\u00e9canisme soit fonctionnel, il ne doit pas \u00eatre surexploit\u00e9 pour \u00e9viter tout dommage. Cette r\u00e9plique est destin\u00e9e \u00e0 des fins d\u00e9coratives et de collection.<\/p>\n\n<p>D\u00e9couvrez notre gamme de<a href=\"https:\/\/jjcustomworks.se\/fr\/magasin\/\">autres r\u00e9pliques d'armes<\/a> pour agrandir votre collection. Visitez notre <a href=\"https:\/\/jjcustomworks.se\/fr\/categorie-de-produit\/autres_produits\/replica-guns\/replica-western\/\">cat\u00e9gorie d&#039;armes<\/a> pour voir notre gamme compl\u00e8te ou rendez-vous sur <a href=\"https:\/\/jjcustomworks.se\/fr\/\">notre page d&#039;accueil<\/a> pour d\u00e9couvrir d&#039;autres produits passionnants.<\/p>","protected":false},"excerpt":{"rendered":"<p>K\u00f6p h\u00f6gkvalitativa och autentiska replikor av Napoleon Bonapartes slagl\u00e5spistol p\u00e5 Kolser. Utforska v\u00e5rt breda sortiment av historiska vapen och f\u00f6rgyll din samling. Best\u00e4ll din replika idag och f\u00e5 en unik och detaljerad modell av denna ikoniska pistol.<\/p>","protected":false},"featured_media":60249,"template":"","meta":[],"product_brand":[],"product_cat":[4805],"product_tag":[],"class_list":{"0":"post-60265","1":"product","2":"type-product","3":"status-publish","4":"has-post-thumbnail","6":"product_cat-replicas-older-historical","8":"first","9":"outofstock","10":"sale","11":"taxable","12":"shipping-taxable","13":"purchasable","14":"product-type-simple"},"_links":{"self":[{"href":"https:\/\/jjcustomworks.se\/fr\/wp-json\/wp\/v2\/product\/60265","targetHints":{"allow":["GET"]}}],"collection":[{"href":"https:\/\/jjcustomworks.se\/fr\/wp-json\/wp\/v2\/product"}],"about":[{"href":"https:\/\/jjcustomworks.se\/fr\/wp-json\/wp\/v2\/types\/product"}],"wp:featuredmedia":[{"embeddable":true,"href":"https:\/\/jjcustomworks.se\/fr\/wp-json\/wp\/v2\/media\/60249"}],"wp:attachment":[{"href":"https:\/\/jjcustomworks.se\/fr\/wp-json\/wp\/v2\/media?parent=60265"}],"wp:term":[{"taxonomy":"product_brand","embeddable":true,"href":"https:\/\/jjcustomworks.se\/fr\/wp-json\/wp\/v2\/product_brand?post=60265"},{"taxonomy":"product_cat","embeddable":true,"href":"https:\/\/jjcustomworks.se\/fr\/wp-json\/wp\/v2\/product_cat?post=60265"},{"taxonomy":"product_tag","embeddable":true,"href":"https:\/\/jjcustomworks.se\/fr\/wp-json\/wp\/v2\/product_tag?post=60265"}],"curies":[{"name":"wp","href":"https:\/\/api.w.org\/{rel}","templated":true}]}}