{"id":60239,"date":"2025-03-14T15:00:17","date_gmt":"2025-03-14T14:00:17","guid":{"rendered":"https:\/\/jjcustomworks.se\/product\/kolser-replica-18th-century-german-flintlock-pistol\/"},"modified":"2026-01-28T17:33:34","modified_gmt":"2026-01-28T16:33:34","slug":"replique-pistolet-a-silex-1800s-kolser-cavalerie-francaise","status":"publish","type":"product","link":"https:\/\/jjcustomworks.se\/fr\/produit\/replique-pistolet-a-silex-1800s-kolser-cavalerie-francaise\/","title":{"rendered":"R\u00e9plique Pistolet \u00e0 Silex 1800s de Kolser"},"content":{"rendered":"<h1>R\u00e9plique Pistolet \u00e0 Silex 1800s Kolser - Cavalerie Fran\u00e7aise<\/h1>\n<h2><span class=\"ez-toc-section\" id=\"Replique_authentique_dun_pistolet_a_silex_des_annees_1800\"><\/span>R\u00e9plique authentique d&#8217;un pistolet \u00e0 silex des ann\u00e9es 1800<span class=\"ez-toc-section-end\"><\/span><\/h2>\n<p>Cette magnifique r\u00e9plique de Kolser recr\u00e9e un pistolet \u00e0 silex des ann\u00e9es 1800, parfait pour les collectionneurs et les passionn\u00e9s d'histoire. D'une longueur de 29 cm, cette r\u00e9plique est une repr\u00e9sentation fid\u00e8le du pistolet \u00e0 silex classique de la cavalerie fran\u00e7aise. Fabriqu\u00e9e \u00e0 partir d'une combinaison de r\u00e9sine et de m\u00e9tal, elle allie durabilit\u00e9 et sensation authentique.<\/p>\n<h3><span class=\"ez-toc-section\" id=\"Conception_detaillee_et_mecanisme_de_fonctionnement\"><\/span>Conception d\u00e9taill\u00e9e et m\u00e9canisme de fonctionnement<span class=\"ez-toc-section-end\"><\/span><\/h3>\n<p>La r\u00e9plique comporte un m\u00e9canisme de fonctionnement qui ajoute \u00e0 son r\u00e9alisme. Notez toutefois que le m\u00e9canisme est con\u00e7u pour \u00eatre expos\u00e9 et ne doit pas \u00eatre surutilis\u00e9 afin de pr\u00e9server son \u00e9tat. La conception d\u00e9taill\u00e9e en fait un excellent ajout \u00e0 toute collection ou comme pi\u00e8ce d\u00e9corative.<\/p>\n<ul>\n <li><strong>Conception authentique :<\/strong> R\u00e9plique d'un pistolet \u00e0 silex de cavalerie fran\u00e7aise des ann\u00e9es 1800.<\/li>\n <li><strong>Mat\u00e9riel:<\/strong> Fabriqu\u00e9 en r\u00e9sine et en m\u00e9tal pour une sensation et une apparence r\u00e9alistes.<\/li>\n <li><strong>M\u00e9canisme de fonctionnement :<\/strong> La r\u00e9plique est dot\u00e9e d'un m\u00e9canisme qui peut \u00eatre utilis\u00e9, mais qui doit \u00eatre manipul\u00e9 avec pr\u00e9caution.<\/li>\n <li><strong>Taille:<\/strong> D'une longueur de 29 cm, elle est facile \u00e0 exposer et \u00e0 manipuler.<\/li>\n<\/ul>\n<p>Compl\u00e9tez votre collection avec cette r\u00e9plique d\u00e9taill\u00e9e. D\u00e9couvrez d'autres <a href=\"https:\/\/jjcustomworks.se\/fr\/magasin\/\">r\u00e9pliques d&#039;armes<\/a> ou explorez notre gamme d'<a href=\"https:\/\/jjcustomworks.se\/fr\/categorie-de-produit\/autres_produits\/replica-guns\/replicas-older-historical\/\">objets de collection historiques<\/a>. Visite <a href=\"https:\/\/jjcustomworks.se\/fr\/\">notre site Web<\/a> pour voir toute notre gamme.<\/p>","protected":false},"excerpt":{"rendered":"<p>Uppt\u00e4ck v\u00e5rt imponerande utbud av replikor av flintl\u00e5s fr\u00e5n 1800-talet, inspirerade av det franska kavalleriet. Utforska v\u00e5ra autentiska kolser och hitta din perfekta historiska replika.<\/p>","protected":false},"featured_media":60235,"template":"","meta":[],"product_brand":[],"product_cat":[4805],"product_tag":[],"class_list":{"0":"post-60239","1":"product","2":"type-product","3":"status-publish","4":"has-post-thumbnail","6":"product_cat-replicas-older-historical","8":"first","9":"instock","10":"sale","11":"taxable","12":"shipping-taxable","13":"purchasable","14":"product-type-simple"},"_links":{"self":[{"href":"https:\/\/jjcustomworks.se\/fr\/wp-json\/wp\/v2\/product\/60239","targetHints":{"allow":["GET"]}}],"collection":[{"href":"https:\/\/jjcustomworks.se\/fr\/wp-json\/wp\/v2\/product"}],"about":[{"href":"https:\/\/jjcustomworks.se\/fr\/wp-json\/wp\/v2\/types\/product"}],"wp:featuredmedia":[{"embeddable":true,"href":"https:\/\/jjcustomworks.se\/fr\/wp-json\/wp\/v2\/media\/60235"}],"wp:attachment":[{"href":"https:\/\/jjcustomworks.se\/fr\/wp-json\/wp\/v2\/media?parent=60239"}],"wp:term":[{"taxonomy":"product_brand","embeddable":true,"href":"https:\/\/jjcustomworks.se\/fr\/wp-json\/wp\/v2\/product_brand?post=60239"},{"taxonomy":"product_cat","embeddable":true,"href":"https:\/\/jjcustomworks.se\/fr\/wp-json\/wp\/v2\/product_cat?post=60239"},{"taxonomy":"product_tag","embeddable":true,"href":"https:\/\/jjcustomworks.se\/fr\/wp-json\/wp\/v2\/product_tag?post=60239"}],"curies":[{"name":"wp","href":"https:\/\/api.w.org\/{rel}","templated":true}]}}