{"id":60230,"date":"2025-03-14T15:00:04","date_gmt":"2025-03-14T14:00:04","guid":{"rendered":"https:\/\/jjcustomworks.se\/product\/kolser-replica-18th-century-english-lucknow-flintlock-pistol\/"},"modified":"2026-01-28T18:47:35","modified_gmt":"2026-01-28T17:47:35","slug":"kolser-replique-pistolet-a-silex-anglais-lucknow","status":"publish","type":"product","link":"https:\/\/jjcustomworks.se\/fr\/produit\/kolser-replique-pistolet-a-silex-anglais-lucknow\/","title":{"rendered":"Kolser R\u00e9plique Pistolet \u00e0 Silex Anglais Lucknow 1700"},"content":{"rendered":"<h1>Kolser - R\u00e9plique - 1700 - Pistolet \u00e0 Silex Anglais Lucknow<\/h1>\n<h2><span class=\"ez-toc-section\" id=\"Replique_Authentique_dun_Pistolet_a_Silex_Anglais_Lucknow_du_XVIIIe_Siecle\"><\/span>R\u00e9plique Authentique d&#8217;un Pistolet \u00e0 Silex Anglais Lucknow du XVIIIe Si\u00e8cle<span class=\"ez-toc-section-end\"><\/span><\/h2>\n<p>Cette magnifique r\u00e9plique d'un pistolet \u00e0 silex anglais Lucknow du XVIIIe si\u00e8cle capture l'essence de l'original, qui \u00e9tait fabriqu\u00e9 dans les colonies indiennes d'Angleterre. Reconnu pour son ornementation, l'original se trouvait souvent entre les mains de fonctionnaires du parlement et de royalistes. Cette r\u00e9plique de 34 cm de long est faite de r\u00e9sine et de m\u00e9tal, ce qui lui donne une sensation et une apparence authentiques.<\/p>\n<h3><span class=\"ez-toc-section\" id=\"Mecanisme_Fonctionnel\"><\/span>M\u00e9canisme fonctionnel<span class=\"ez-toc-section-end\"><\/span><\/h3>\n<p>La r\u00e9plique poss\u00e8de un m\u00e9canisme fonctionnel qui am\u00e9liore son r\u00e9alisme et en fait un objet de collection int\u00e9ressant. Veuillez noter, cependant, que le m\u00e9canisme ne doit pas \u00eatre surutilis\u00e9 pour assurer sa long\u00e9vit\u00e9. Cette r\u00e9plique d\u00e9taill\u00e9e est parfaite pour les passionn\u00e9s d'histoire et les collectionneurs qui appr\u00e9cient les belles reproductions.<\/p>\n<ul>\n <li><strong>Conception authentique :<\/strong> Soigneusement recr\u00e9\u00e9 d'apr\u00e8s un pistolet \u00e0 silex anglais Lucknow du XVIIIe si\u00e8cle.<\/li>\n <li><strong>Mat\u00e9riaux de haute qualit\u00e9 :<\/strong> Fabriqu\u00e9 en r\u00e9sine et en m\u00e9tal pour une sensation et une apparence r\u00e9alistes.<\/li>\n <li><strong>M\u00e9canisme fonctionnel :<\/strong> Augmente le r\u00e9alisme (ne doit pas \u00eatre surutilis\u00e9).<\/li>\n <li><strong>Parfait pour les Collectionneurs :<\/strong> Un excellent ajout \u00e0 toute collection historique.<\/li>\n<\/ul>\n<p>D\u00e9couvrez notre s\u00e9lection de<a href=\"https:\/\/jjcustomworks.se\/fr\/magasin\/\">r\u00e9pliques d&#039;armes similaires<\/a> et d\u00e9couvrez d'autres tr\u00e9sors historiques. Visitez notre <a href=\"https:\/\/jjcustomworks.se\/fr\/categorie-de-produit\/autres_produits\/replica-guns\/replica-western\/\">cat\u00e9gorie de r\u00e9plique d&#039;arme<\/a> pour trouver d'autres objets de collection fantastiques. Ne manquez pas la chance d'ajouter cette pi\u00e8ce unique \u00e0 votre collection. Visitez <a href=\"https:\/\/jjcustomworks.se\/fr\/\">notre site Web<\/a> \u00e0 partir d&#039;aujourd&#039;hui !<\/p>","protected":false},"excerpt":{"rendered":"<p>K\u00f6p en imponerande replika av en 1700-tals engelsk Lucknow flintl\u00e5spistol fr\u00e5n Kolser. Utforska v\u00e5r kollektion av autentiska och detaljerade replikor som \u00e4r perfekta f\u00f6r samlare och historieentusiaster.<\/p>","protected":false},"featured_media":60260,"template":"","meta":[],"product_brand":[],"product_cat":[4805],"product_tag":[],"class_list":{"0":"post-60230","1":"product","2":"type-product","3":"status-publish","4":"has-post-thumbnail","6":"product_cat-replicas-older-historical","8":"first","9":"outofstock","10":"sale","11":"taxable","12":"shipping-taxable","13":"purchasable","14":"product-type-variable"},"_links":{"self":[{"href":"https:\/\/jjcustomworks.se\/fr\/wp-json\/wp\/v2\/product\/60230","targetHints":{"allow":["GET"]}}],"collection":[{"href":"https:\/\/jjcustomworks.se\/fr\/wp-json\/wp\/v2\/product"}],"about":[{"href":"https:\/\/jjcustomworks.se\/fr\/wp-json\/wp\/v2\/types\/product"}],"wp:featuredmedia":[{"embeddable":true,"href":"https:\/\/jjcustomworks.se\/fr\/wp-json\/wp\/v2\/media\/60260"}],"wp:attachment":[{"href":"https:\/\/jjcustomworks.se\/fr\/wp-json\/wp\/v2\/media?parent=60230"}],"wp:term":[{"taxonomy":"product_brand","embeddable":true,"href":"https:\/\/jjcustomworks.se\/fr\/wp-json\/wp\/v2\/product_brand?post=60230"},{"taxonomy":"product_cat","embeddable":true,"href":"https:\/\/jjcustomworks.se\/fr\/wp-json\/wp\/v2\/product_cat?post=60230"},{"taxonomy":"product_tag","embeddable":true,"href":"https:\/\/jjcustomworks.se\/fr\/wp-json\/wp\/v2\/product_tag?post=60230"}],"curies":[{"name":"wp","href":"https:\/\/api.w.org\/{rel}","templated":true}]}}