{"id":60178,"date":"2025-03-14T14:59:30","date_gmt":"2025-03-14T13:59:30","guid":{"rendered":"https:\/\/jjcustomworks.se\/product\/1781-french-flintlock-pistol\/"},"modified":"2025-11-28T10:59:53","modified_gmt":"2025-11-28T09:59:53","slug":"kolser-replique-pistolet-silex-france-1781","status":"publish","type":"product","link":"https:\/\/jjcustomworks.se\/fr\/produit\/kolser-replique-pistolet-silex-france-1781\/","title":{"rendered":"Kolser R\u00e9plique Pistolet \u00e0 Silex France 1781"},"content":{"rendered":"<h1>Kolser - R\u00e9plique - Court Pistolet \u00e0 Silex France 1781<\/h1>\n<h2><span class=\"ez-toc-section\" id=\"Reproduction_Authentique_dun_Pistolet_a_Silex_Francais_du_XVIIIe_Siecle\"><\/span>Reproduction Authentique d&#8217;un Pistolet \u00e0 Silex Fran\u00e7ais du XVIIIe Si\u00e8cle<span class=\"ez-toc-section-end\"><\/span><\/h2>\n<p>D\u00e9couvrez l'\u00e9l\u00e9gance de l'histoire avec cette magnifique r\u00e9plique Kolser d'un pistolet \u00e0 silex fran\u00e7ais de 1781. Cette reproduction d\u00e9taill\u00e9e est fabriqu\u00e9e en r\u00e9sine et en m\u00e9tal pour recr\u00e9er la sensation et l'apparence de l'original. Parfait pour les collectionneurs et les passionn\u00e9s d'histoire qui souhaitent poss\u00e9der un morceau d'histoire militaire du XVIIIe si\u00e8cle.<\/p>\n<h3><span class=\"ez-toc-section\" id=\"Replique_Detaillee_pour_les_Collectionneurs\"><\/span>R\u00e9plique D\u00e9taill\u00e9e pour les Collectionneurs<span class=\"ez-toc-section-end\"><\/span><\/h3>\n<p>Cette r\u00e9plique Kolser est soigneusement con\u00e7ue pour imiter l'apparence et la sensation de l'original. Le choix de la r\u00e9sine et du m\u00e9tal contribue \u00e0 une exp\u00e9rience authentique. <a href=\"https:\/\/jjcustomworks.se\/fr\/magasin\/\">Consultez notre s\u00e9lection de r\u00e9pliques d'armes<\/a> pour d\u00e9couvrir d&#039;autres mod\u00e8les historiques.<\/p>\n<ul>\n <li><strong>Design Authentique\u00a0:<\/strong> R\u00e9plique d'un pistolet \u00e0 silex fran\u00e7ais de 1781.<\/li>\n <li><strong>Mat\u00e9riaux de Haute Qualit\u00e9\u00a0:<\/strong> Fabriqu\u00e9 en r\u00e9sine et en m\u00e9tal pour un toucher r\u00e9aliste.<\/li>\n <li><strong>Parfait pour les Collectionneurs\u00a0:<\/strong> Un excellent ajout \u00e0 votre collection d'objets historiques.<\/li>\n<\/ul>\n<p>D\u00e9couvrez les autres <a href=\"https:\/\/jjcustomworks.se\/fr\/categorie-de-produit\/autres_produits\/replica-guns\/replicas-older-historical\/\">r\u00e9pliques d&#039;armes historiques<\/a> dans notre collection et trouvez le mod\u00e8le parfait pour votre collection. <a href=\"https:\/\/jjcustomworks.se\/fr\/\">Visitez notre page d&#039;accueil<\/a> pour voir toute notre gamme de produits.<\/p>","protected":false},"excerpt":{"rendered":"<p>Kolser &#8211; R\u00e9plique &#8211; Court Pistolet \u00e0 Silex France 1781 Reproduction Authentique d&#8217;un Pistolet \u00e0 Silex Fran\u00e7ais du XVIIIe Si\u00e8cle D\u00e9couvrez l&#8217;\u00e9l\u00e9gance de l&#8217;histoire avec cette magnifique r\u00e9plique Kolser d&#8217;un pistolet \u00e0 silex fran\u00e7ais de 1781. Cette reproduction d\u00e9taill\u00e9e est fabriqu\u00e9e en r\u00e9sine et en m\u00e9tal pour recr\u00e9er la sensation et l&#8217;apparence de l&#8217;original. Parfait [&#8230;]\n","protected":false},"featured_media":60231,"template":"","meta":[],"product_brand":[],"product_cat":[4805],"product_tag":[],"class_list":{"0":"post-60178","1":"product","2":"type-product","3":"status-publish","4":"has-post-thumbnail","6":"product_cat-replicas-older-historical","8":"first","9":"outofstock","10":"sale","11":"taxable","12":"shipping-taxable","13":"purchasable","14":"product-type-variable"},"_links":{"self":[{"href":"https:\/\/jjcustomworks.se\/fr\/wp-json\/wp\/v2\/product\/60178","targetHints":{"allow":["GET"]}}],"collection":[{"href":"https:\/\/jjcustomworks.se\/fr\/wp-json\/wp\/v2\/product"}],"about":[{"href":"https:\/\/jjcustomworks.se\/fr\/wp-json\/wp\/v2\/types\/product"}],"wp:featuredmedia":[{"embeddable":true,"href":"https:\/\/jjcustomworks.se\/fr\/wp-json\/wp\/v2\/media\/60231"}],"wp:attachment":[{"href":"https:\/\/jjcustomworks.se\/fr\/wp-json\/wp\/v2\/media?parent=60178"}],"wp:term":[{"taxonomy":"product_brand","embeddable":true,"href":"https:\/\/jjcustomworks.se\/fr\/wp-json\/wp\/v2\/product_brand?post=60178"},{"taxonomy":"product_cat","embeddable":true,"href":"https:\/\/jjcustomworks.se\/fr\/wp-json\/wp\/v2\/product_cat?post=60178"},{"taxonomy":"product_tag","embeddable":true,"href":"https:\/\/jjcustomworks.se\/fr\/wp-json\/wp\/v2\/product_tag?post=60178"}],"curies":[{"name":"wp","href":"https:\/\/api.w.org\/{rel}","templated":true}]}}