{"id":60142,"date":"2025-03-14T14:59:02","date_gmt":"2025-03-14T13:59:02","guid":{"rendered":"https:\/\/jjcustomworks.se\/product\/replica-18th-century-pistol-striker\/"},"modified":"2026-04-13T16:23:29","modified_gmt":"2026-04-13T14:23:29","slug":"pistolet-a-silex-kolser-replique-1700s","status":"publish","type":"product","link":"https:\/\/jjcustomworks.se\/fr\/produit\/pistolet-a-silex-kolser-replique-1700s\/","title":{"rendered":"Pistolet \u00e0 Silex Kolser R\u00e9plique 1700s"},"content":{"rendered":"<h1>Kolser - R\u00e9plique - Pistolet 1700s - Silex<\/h1>\n<h2><span class=\"ez-toc-section\" id=\"Replique_Authentique_dun_Pistolet_a_Silex_du_XVIIIe_Siecle\"><\/span>R\u00e9plique Authentique d&#8217;un Pistolet \u00e0 Silex du XVIIIe Si\u00e8cle<span class=\"ez-toc-section-end\"><\/span><\/h2>\n<p>Cette magnifique r\u00e9plique d'un pistolet \u00e0 silex du XVIIIe si\u00e8cle de Kolser est un incontournable pour les collectionneurs. Le pistolet est fabriqu\u00e9 en hartz et en m\u00e9tal, ce qui lui conf\u00e8re un aspect et une sensation authentiques. Le m\u00e9canisme est mobile, ce qui contribue encore \u00e0 l'exp\u00e9rience r\u00e9aliste. Ajoutez cet objet de collection unique \u00e0 votre collection d\u00e8s aujourd'hui ! D\u00e9couvrez d'autres <a href=\"https:\/\/jjcustomworks.se\/fr\/magasin\/\">r\u00e9pliques d&#039;armes<\/a> dans notre assortiment. Visitez notre <a href=\"https:\/\/jjcustomworks.se\/fr\/categorie-de-produit\/autres_produits\/replica-guns\/replicas-older-historical\/\">cat\u00e9gorie d&#039;armes<\/a> pour voir toute notre s\u00e9lection d'objets de collection. Vous pouvez \u00e9galement visiter notre <a href=\"https:\/\/jjcustomworks.se\/fr\/\">page d&#039;accueil<\/a> pour voir tous nos produits.<\/p>\n<h3><span class=\"ez-toc-section\" id=\"Caracteristiques_et_avantages\"><\/span>Caract\u00e9ristiques et avantages<span class=\"ez-toc-section-end\"><\/span><\/h3>\n<ul>\n <li><strong>Conception authentique :<\/strong> R\u00e9plique d'un pistolet \u00e0 silex du XVIIIe si\u00e8cle.<\/li>\n <li><strong>Mat\u00e9riel:<\/strong> Fabriqu\u00e9 en hartz et en m\u00e9tal pour un aspect r\u00e9aliste.<\/li>\n <li><strong>M\u00e9canisme Mobile :<\/strong> Le chien peut \u00eatre arm\u00e9 et tir\u00e9.<\/li>\n <li><strong>Taille:<\/strong> 26 cm de long, parfait pour \u00eatre expos\u00e9 dans une collection.<\/li>\n <li><strong>Objet de Collection :<\/strong> Une belle pi\u00e8ce \u00e0 ajouter \u00e0 votre collection.<\/li>\n<\/ul>","protected":false},"excerpt":{"rendered":"<p>Hitta en imponerande replika av en 1700-tals pistol med slagl\u00e5s f\u00f6r samlare och entusiaster. Uppt\u00e4ck den h\u00f6ga kvaliteten och autenticiteten hos denna historiska replika, perfekt f\u00f6r samlare och som en unik prydnad. K\u00f6p nu och l\u00e4gg till en bit historia till din samling!<\/p>","protected":false},"featured_media":60162,"template":"","meta":[],"product_brand":[],"product_cat":[4805],"product_tag":[],"class_list":{"0":"post-60142","1":"product","2":"type-product","3":"status-publish","4":"has-post-thumbnail","6":"product_cat-replicas-older-historical","8":"first","9":"instock","10":"sale","11":"taxable","12":"shipping-taxable","13":"purchasable","14":"product-type-variable"},"_links":{"self":[{"href":"https:\/\/jjcustomworks.se\/fr\/wp-json\/wp\/v2\/product\/60142","targetHints":{"allow":["GET"]}}],"collection":[{"href":"https:\/\/jjcustomworks.se\/fr\/wp-json\/wp\/v2\/product"}],"about":[{"href":"https:\/\/jjcustomworks.se\/fr\/wp-json\/wp\/v2\/types\/product"}],"wp:featuredmedia":[{"embeddable":true,"href":"https:\/\/jjcustomworks.se\/fr\/wp-json\/wp\/v2\/media\/60162"}],"wp:attachment":[{"href":"https:\/\/jjcustomworks.se\/fr\/wp-json\/wp\/v2\/media?parent=60142"}],"wp:term":[{"taxonomy":"product_brand","embeddable":true,"href":"https:\/\/jjcustomworks.se\/fr\/wp-json\/wp\/v2\/product_brand?post=60142"},{"taxonomy":"product_cat","embeddable":true,"href":"https:\/\/jjcustomworks.se\/fr\/wp-json\/wp\/v2\/product_cat?post=60142"},{"taxonomy":"product_tag","embeddable":true,"href":"https:\/\/jjcustomworks.se\/fr\/wp-json\/wp\/v2\/product_tag?post=60142"}],"curies":[{"name":"wp","href":"https:\/\/api.w.org\/{rel}","templated":true}]}}