{"id":60113,"date":"2025-03-14T14:58:48","date_gmt":"2025-03-14T13:58:48","guid":{"rendered":"https:\/\/jjcustomworks.se\/product\/gasoline-lighter-micro-size-6\/"},"modified":"2025-10-16T21:08:15","modified_gmt":"2025-10-16T19:08:15","slug":"mini-briquet-essence-porte-cles-2","status":"publish","type":"product","link":"https:\/\/jjcustomworks.se\/fr\/produit\/mini-briquet-essence-porte-cles-2\/","title":{"rendered":"Mini briquet \u00e0 essence pour porte-cl\u00e9s"},"content":{"rendered":"<h1>Briquet \u00e0 Essence \/ Briquet - MINI - Minuscule pour Porte-Cl\u00e9s<\/h1>\n<h2><span class=\"ez-toc-section\" id=\"Briquet_a_essence_compact_et_amusant\"><\/span>Briquet \u00e0 essence compact et amusant<span class=\"ez-toc-section-end\"><\/span><\/h2>\n<p>Un article vraiment amusant - le deuxi\u00e8me plus petit briquet \u00e0 essence que nous ayons eu en stock. Ce minuscule briquet est livr\u00e9 avec un porte-cl\u00e9s, ce qui le rend facile \u00e0 emporter partout avec vous. Parfait pour ceux qui recherchent une solution petite et pratique pour toujours avoir un briquet \u00e0 port\u00e9e de main. D\u00e9couvrez d'autres <a href=\"https:\/\/jjcustomworks.se\/fr\/magasin\/\">accessoires pratiques<\/a> dans notre gamme et compl\u00e9tez votre \u00e9quipement.<\/p>\n\n<h3><span class=\"ez-toc-section\" id=\"Informations_sur_le_produit\"><\/span>Informations sur le produit :<span class=\"ez-toc-section-end\"><\/span><\/h3>\n<ul>\n    <li>Largeur : 2 cm<\/li>\n    <li>Hauteur : 3,4 cm<\/li>\n    <li>Poids : 12 grammes (sans essence)<\/li>\n    <li>Comprend un porte-cl\u00e9s<\/li>\n<\/ul>\n\n<p>Ce briquet \u00e0 essence est non seulement pratique, mais aussi un accessoire amusant. Sa taille minimale lui permet d'\u00eatre facilement attach\u00e9 \u00e0 votre porte-cl\u00e9s, vous assurant ainsi d'avoir toujours un briquet \u00e0 port\u00e9e de main. Parfait pour les voyages de camping, les randonn\u00e9es ou simplement pour le garder dans votre poche. Pour plus de nos produits, visitez notre <a href=\"https:\/\/jjcustomworks.se\/fr\/categorie-de-produit\/briquets-a-gaz-et-a-essence\/\">page de cat\u00e9gorie d'articles divers<\/a>.<\/p>\n\n<p>Ne manquez pas la chance de poss\u00e9der ce briquet \u00e0 essence unique et minuscule. C'est une excellente id\u00e9e de cadeau ou un ajout amusant \u00e0 votre propre collection. Visitez notre <a href=\"https:\/\/jjcustomworks.se\/fr\/\">page d&#039;accueil<\/a> pour voir toute notre gamme.<\/p>","protected":false},"excerpt":{"rendered":"<p>Briquet \u00e0 Essence \/ Briquet &#8211; MINI &#8211; Minuscule pour Porte-Cl\u00e9s Briquet \u00e0 essence compact et amusant Un article vraiment amusant &#8211; le deuxi\u00e8me plus petit briquet \u00e0 essence que nous ayons eu en stock. Ce minuscule briquet est livr\u00e9 avec un porte-cl\u00e9s, ce qui le rend facile \u00e0 emporter partout avec vous. Parfait pour [&#8230;]\n","protected":false},"featured_media":60105,"template":"","meta":[],"product_brand":[],"product_cat":[877],"product_tag":[],"class_list":{"0":"post-60113","1":"product","2":"type-product","3":"status-publish","4":"has-post-thumbnail","6":"product_cat-bensintandare","8":"first","9":"instock","10":"sale","11":"taxable","12":"shipping-taxable","13":"purchasable","14":"product-type-simple"},"_links":{"self":[{"href":"https:\/\/jjcustomworks.se\/fr\/wp-json\/wp\/v2\/product\/60113","targetHints":{"allow":["GET"]}}],"collection":[{"href":"https:\/\/jjcustomworks.se\/fr\/wp-json\/wp\/v2\/product"}],"about":[{"href":"https:\/\/jjcustomworks.se\/fr\/wp-json\/wp\/v2\/types\/product"}],"wp:featuredmedia":[{"embeddable":true,"href":"https:\/\/jjcustomworks.se\/fr\/wp-json\/wp\/v2\/media\/60105"}],"wp:attachment":[{"href":"https:\/\/jjcustomworks.se\/fr\/wp-json\/wp\/v2\/media?parent=60113"}],"wp:term":[{"taxonomy":"product_brand","embeddable":true,"href":"https:\/\/jjcustomworks.se\/fr\/wp-json\/wp\/v2\/product_brand?post=60113"},{"taxonomy":"product_cat","embeddable":true,"href":"https:\/\/jjcustomworks.se\/fr\/wp-json\/wp\/v2\/product_cat?post=60113"},{"taxonomy":"product_tag","embeddable":true,"href":"https:\/\/jjcustomworks.se\/fr\/wp-json\/wp\/v2\/product_tag?post=60113"}],"curies":[{"name":"wp","href":"https:\/\/api.w.org\/{rel}","templated":true}]}}