{"id":60112,"date":"2025-03-14T14:58:47","date_gmt":"2025-03-14T13:58:47","guid":{"rendered":"https:\/\/jjcustomworks.se\/product\/gasoline-lighter-micro-size-5\/"},"modified":"2025-10-16T21:08:24","modified_gmt":"2025-10-16T19:08:24","slug":"mini-briquet-a-essence-avec-porte-cles","status":"publish","type":"product","link":"https:\/\/jjcustomworks.se\/fr\/produit\/mini-briquet-a-essence-avec-porte-cles\/","title":{"rendered":"Mini Briquet \u00e0 Essence avec Porte-Cl\u00e9s"},"content":{"rendered":"<h1><span class=\"ez-toc-section\" id=\"Mini_Briquet_a_Essence_avec_Porte-Cles\"><\/span>Mini Briquet \u00e0 Essence avec Porte-Cl\u00e9s<span class=\"ez-toc-section-end\"><\/span><\/h1>\n<h2><span class=\"ez-toc-section\" id=\"Briquet_a_Essence_Minuscule_et_Amusant_pour_Votre_Porte-Cles\"><\/span>Briquet \u00e0 Essence Minuscule et Amusant pour Votre Porte-Cl\u00e9s<span class=\"ez-toc-section-end\"><\/span><\/h2>\n<p>Ce <strong>mini briquet \u00e0 essence<\/strong> est un objet vraiment amusant \u00e0 avoir avec vous ! Avec sa taille minuscule et son porte-cl\u00e9s, il est parfait pour \u00eatre attach\u00e9 \u00e0 vos cl\u00e9s. C'est le deuxi\u00e8me plus petit briquet \u00e0 essence que nous ayons jamais eu en stock, ce qui le rend d'autant plus sp\u00e9cial. Toujours pr\u00eat \u00e0 l'emploi, ce briquet combine une utilisation pratique avec un style unique.<\/p>\n\n<h3><span class=\"ez-toc-section\" id=\"Dimensions_et_Poids_du_Produit\"><\/span>Dimensions et Poids du Produit<span class=\"ez-toc-section-end\"><\/span><\/h3>\n<ul>\n  <li>Largeur : 2 cm<\/li>\n  <li>Hauteur : 3,4 cm<\/li>\n  <li>Poids : 12 grammes (sans essence)<\/li>\n<\/ul>\n\n<p>Sa taille minimale le rend facile \u00e0 transporter partout. Parfait pour ceux qui veulent un briquet facilement accessible mais ne veulent pas qu'il prenne de place inutile. Vous cherchez d'autres gadgets astucieux ? Consultez notre <a href=\"https:\/\/jjcustomworks.se\/fr\/categorie-de-produit\/briquets-a-gaz-et-a-essence\/\">autre gamme de gadgets amusants<\/a>. Pour voir notre gamme compl\u00e8te, visitez notre <a href=\"https:\/\/jjcustomworks.se\/fr\/\">page d&#039;accueil<\/a>. Voir aussi nos autres <a href=\"https:\/\/jjcustomworks.se\/fr\/magasin\/\">briquettes<\/a>.<\/p>","protected":false},"excerpt":{"rendered":"<p>Mini Briquet \u00e0 Essence avec Porte-Cl\u00e9s Briquet \u00e0 Essence Minuscule et Amusant pour Votre Porte-Cl\u00e9s Ce mini briquet \u00e0 essence est un objet vraiment amusant \u00e0 avoir avec vous ! Avec sa taille minuscule et son porte-cl\u00e9s, il est parfait pour \u00eatre attach\u00e9 \u00e0 vos cl\u00e9s. C&#8217;est le deuxi\u00e8me plus petit briquet \u00e0 essence que [&#8230;]\n","protected":false},"featured_media":60102,"template":"","meta":[],"product_brand":[],"product_cat":[877],"product_tag":[],"class_list":{"0":"post-60112","1":"product","2":"type-product","3":"status-publish","4":"has-post-thumbnail","6":"product_cat-bensintandare","8":"first","9":"instock","10":"sale","11":"taxable","12":"shipping-taxable","13":"purchasable","14":"product-type-simple"},"_links":{"self":[{"href":"https:\/\/jjcustomworks.se\/fr\/wp-json\/wp\/v2\/product\/60112","targetHints":{"allow":["GET"]}}],"collection":[{"href":"https:\/\/jjcustomworks.se\/fr\/wp-json\/wp\/v2\/product"}],"about":[{"href":"https:\/\/jjcustomworks.se\/fr\/wp-json\/wp\/v2\/types\/product"}],"wp:featuredmedia":[{"embeddable":true,"href":"https:\/\/jjcustomworks.se\/fr\/wp-json\/wp\/v2\/media\/60102"}],"wp:attachment":[{"href":"https:\/\/jjcustomworks.se\/fr\/wp-json\/wp\/v2\/media?parent=60112"}],"wp:term":[{"taxonomy":"product_brand","embeddable":true,"href":"https:\/\/jjcustomworks.se\/fr\/wp-json\/wp\/v2\/product_brand?post=60112"},{"taxonomy":"product_cat","embeddable":true,"href":"https:\/\/jjcustomworks.se\/fr\/wp-json\/wp\/v2\/product_cat?post=60112"},{"taxonomy":"product_tag","embeddable":true,"href":"https:\/\/jjcustomworks.se\/fr\/wp-json\/wp\/v2\/product_tag?post=60112"}],"curies":[{"name":"wp","href":"https:\/\/api.w.org\/{rel}","templated":true}]}}