{"id":60070,"date":"2025-03-14T14:58:21","date_gmt":"2025-03-14T13:58:21","guid":{"rendered":"https:\/\/jjcustomworks.se\/product\/kolser-replica-colt-peacemaker-revolver-replica-11-5-5-barrel\/"},"modified":"2026-04-27T08:21:57","modified_gmt":"2026-04-27T06:21:57","slug":"kolser-replique-revolver-colt-peacemaker-canon-5-5","status":"publish","type":"product","link":"https:\/\/jjcustomworks.se\/fr\/produit\/kolser-replique-revolver-colt-peacemaker-canon-5-5\/","title":{"rendered":"Kolser R\u00e9plique Revolver Colt Peacemaker - Canon 5,5\""},"content":{"rendered":"<h1>Kolser - R\u00e9plique - Revolver Colt Peacemaker R\u00e9plique 1:1 \u2013 Canon 5,5\"<\/h1>\n<h2><span class=\"ez-toc-section\" id=\"Replique_Authentique_du_Revolver_Colt_Peacemaker\"><\/span>R\u00e9plique Authentique du Revolver Colt Peacemaker<span class=\"ez-toc-section-end\"><\/span><\/h2>\n<p>Revivez le Far West avec cette magnifique r\u00e9plique du Colt Peacemaker de Kolser. Cette r\u00e9plique d\u00e9taill\u00e9e \u00e0 l'\u00e9chelle 1:1 mesure 27 cm de long et est dot\u00e9e d'un canon de 5,5 pouces. Parfait pour la d\u00e9coration, la reconstitution historique ou comme cadeau unique.<\/p>\n<h3><span class=\"ez-toc-section\" id=\"Design_et_Fonction_Realistes\"><\/span>Design et Fonction R\u00e9alistes<span class=\"ez-toc-section-end\"><\/span><\/h3>\n<ul>\n <li><b>\u00c9chelle 1:1 :<\/b> R\u00e9plique exacte du revolver Colt Peacemaker.<\/li>\n <li><b>Longueur:<\/b> Longueur totale de 27 cm, comprenant un canon de 5,5 pouces.<\/li>\n <li><b>Finition:<\/b> Disponible en finitions laiton, bronz\u00e9e, nickel\u00e9e et m\u00e9tal vieilli, cr\u00e9\u00e9es par des processus manuels.<\/li>\n <li><b>Poign\u00e9e:<\/b> Disponible avec des poign\u00e9es en bois v\u00e9ritable ou en imitation ivoire, en imitation os ou en imitation bois de haute qualit\u00e9.<\/li>\n <li><b>M\u00e9canisme fonctionnel :<\/b> M\u00e9canisme r\u00e9aliste et cylindre rotatif rechargeable.<\/li>\n<\/ul>\n<p>Cette r\u00e9plique du Colt 45 Peacemaker est un mod\u00e8le USA 1873 et recr\u00e9e l'un des pistolets les plus embl\u00e9matiques du Far West. Des facteurs tels que le poids et les dimensions, ainsi que le m\u00e9canisme fonctionnel, rendent cette r\u00e9plique tr\u00e8s r\u00e9aliste.<\/p>\n<p><b>Note:<\/b> Des balles de r\u00e9plique sont incluses. La poudre \u00e0 canon pour pistolet jouet (paquet de 100 avec 1 coup) convient \u00e0 ces balles ! Ce revolver ne peut pas tirer de vraies balles et est uniquement destin\u00e9 \u00e0 la d\u00e9coration ou \u00e0 la reconstitution. Il n'est pas recommand\u00e9 d'utiliser des balles sans poudre \u00e0 canon, car cela pourrait endommager le revolver et\/ou la balle. Il est \u00e9galement recommand\u00e9 d'huiler de temps en temps les parties du m\u00e9canisme. D\u00e9couvrez notre s\u00e9lection d'<a href=\"https:\/\/jjcustomworks.se\/fr\/magasin\/\">accessoires de r\u00e9plique<\/a> pour compl\u00e9ter votre revolver.<\/p>\n<p>Toutes les r\u00e9pliques de Colt Kolser sont livr\u00e9es avec 6 balles d'imitation et une \u00e9l\u00e9gante bo\u00eete de pr\u00e9sentation. Ce revolver est parfait pour les collectionneurs et les passionn\u00e9s. Consultez notre gamme d'<a href=\"https:\/\/jjcustomworks.se\/fr\/categorie-de-produit\/autres_produits\/replica-guns\/replicas-older-historical\/\">r\u00e9pliques d&#039;armes<\/a> pour plus d&#039;options. Visite <a href=\"https:\/\/jjcustomworks.se\/fr\/\">notre site Web<\/a> pour voir notre gamme compl\u00e8te.<\/p>","protected":false},"excerpt":{"rendered":"<p>K\u00f6p en 1:1 replika av Colt Peacemaker Revolver med 5,5&#8243; pipa fr\u00e5n Kolser. Perfekt f\u00f6r samlare och vapenentusiaster.<\/p>","protected":false},"featured_media":133268,"template":"","meta":[],"product_brand":[],"product_cat":[826],"product_tag":[],"class_list":{"0":"post-60070","1":"product","2":"type-product","3":"status-publish","4":"has-post-thumbnail","6":"product_cat-replica-western","8":"first","9":"instock","10":"taxable","11":"shipping-taxable","12":"product-type-variable"},"_links":{"self":[{"href":"https:\/\/jjcustomworks.se\/fr\/wp-json\/wp\/v2\/product\/60070","targetHints":{"allow":["GET"]}}],"collection":[{"href":"https:\/\/jjcustomworks.se\/fr\/wp-json\/wp\/v2\/product"}],"about":[{"href":"https:\/\/jjcustomworks.se\/fr\/wp-json\/wp\/v2\/types\/product"}],"wp:featuredmedia":[{"embeddable":true,"href":"https:\/\/jjcustomworks.se\/fr\/wp-json\/wp\/v2\/media\/133268"}],"wp:attachment":[{"href":"https:\/\/jjcustomworks.se\/fr\/wp-json\/wp\/v2\/media?parent=60070"}],"wp:term":[{"taxonomy":"product_brand","embeddable":true,"href":"https:\/\/jjcustomworks.se\/fr\/wp-json\/wp\/v2\/product_brand?post=60070"},{"taxonomy":"product_cat","embeddable":true,"href":"https:\/\/jjcustomworks.se\/fr\/wp-json\/wp\/v2\/product_cat?post=60070"},{"taxonomy":"product_tag","embeddable":true,"href":"https:\/\/jjcustomworks.se\/fr\/wp-json\/wp\/v2\/product_tag?post=60070"}],"curies":[{"name":"wp","href":"https:\/\/api.w.org\/{rel}","templated":true}]}}