{"id":60062,"date":"2025-03-14T14:58:18","date_gmt":"2025-03-14T13:58:18","guid":{"rendered":"https:\/\/jjcustomworks.se\/product\/kolser-replica-sheriffs-colt-peacemaker-revolver-replica-11-2-25-barrel-4\/"},"modified":"2026-01-14T13:33:44","modified_gmt":"2026-01-14T12:33:44","slug":"replique-kolser-sheriffs-colt-peacemaker-canon-2-25","status":"publish","type":"product","link":"https:\/\/jjcustomworks.se\/fr\/produit\/replique-kolser-sheriffs-colt-peacemaker-canon-2-25\/","title":{"rendered":"R\u00e9plique Kolser Sheriff's Colt Peacemaker - Canon 2,25\""},"content":{"rendered":"<h1>R\u00e9plique Kolser Sheriff's Colt Peacemaker Revolver 1:1 \u2013 Canon 2,25\"<\/h1>\n<h2><span class=\"ez-toc-section\" id=\"Replique_authentique_du_revolver_Colt_Peacemaker\"><\/span>R\u00e9plique authentique du revolver Colt Peacemaker<span class=\"ez-toc-section-end\"><\/span><\/h2>\n<p>R\u00e9plique du revolver Sheriff's Colt Peacemaker \u00e0 l'\u00e9chelle 1:1. Cette r\u00e9plique mesure 19 cm de long et poss\u00e8de un canon de 2,25\". Parfait pour ceux qui veulent revivre le Far West avec une fantastique r\u00e9plique de revolver Colt de Kolser. <b>Attention : Balles r\u00e9pliques incluses. Les amorces jouets (paquet de 100, 1 coup) sont compatibles avec ces balles !<\/b><\/p>\n<p><b>Important:<\/b> Ce revolver ne peut pas tirer de balles r\u00e9elles et est destin\u00e9 uniquement \u00e0 la d\u00e9coration, \u00e0 la reconstitution historique ou \u00e0 des fins similaires. L'utilisation de balles sans amorces est d\u00e9conseill\u00e9e car cela pourrait endommager le revolver et\/ou la balle. Lubrifiez r\u00e9guli\u00e8rement les pi\u00e8ces du m\u00e9canisme.<\/p>\n<h3><span class=\"ez-toc-section\" id=\"Conception_et_materiaux_realistes\"><\/span>Conception et mat\u00e9riaux r\u00e9alistes<span class=\"ez-toc-section-end\"><\/span><\/h3>\n<p>La r\u00e9plique du revolver Colt 45 Peacemaker Sheriff's USA 1873 2,25\" est disponible en finitions laiton, bleut\u00e9e, nickel\u00e9e et m\u00e9tal vieilli. La finition est obtenue par des proc\u00e9d\u00e9s manuels appliqu\u00e9s \u00e0 chaque partie de l'arme. Choisissez entre une poign\u00e9e en bois v\u00e9ritable ou une poign\u00e9e de haute qualit\u00e9 en imitation ivoire, en imitation os ou en imitation bois. Cette r\u00e9plique recr\u00e9e de mani\u00e8re convaincante l'un des revolvers les plus embl\u00e9matiques du Far West.<\/p>\n<h3><span class=\"ez-toc-section\" id=\"Mecanisme_fonctionnel_pour_une_experience_authentique\"><\/span>M\u00e9canisme fonctionnel pour une exp\u00e9rience authentique<span class=\"ez-toc-section-end\"><\/span><\/h3>\n<p>La conception de cette r\u00e9plique est bas\u00e9e sur le mod\u00e8le r\u00e9el assembl\u00e9 \u00e0 la main, et la r\u00e9plique poss\u00e8de suffisamment de pi\u00e8ces pour offrir une exp\u00e9rience de d\u00e9tente plus r\u00e9aliste. Cette r\u00e9plique Colt Single Action est dot\u00e9e d'un m\u00e9canisme fonctionnel et d'un cylindre rotatif rechargeable pour les balles d'imitation fabriqu\u00e9es par Kolser, qui sont \u00e9galement adapt\u00e9es aux amorces. Compl\u00e9tez votre collection avec cette <a href=\"https:\/\/jjcustomworks.se\/fr\/magasin\/\">r\u00e9plique Kolser<\/a> incroyablement bien faite. D\u00e9couvrez notre large gamme d'<a href=\"https:\/\/jjcustomworks.se\/fr\/categorie-de-produit\/autres_produits\/replica-guns\/replicas-older-historical\/\">r\u00e9pliques d&#039;armes<\/a> et trouvez votre pr\u00e9f\u00e9r\u00e9e. Ne manquez pas l'occasion de poss\u00e9der un morceau d'histoire, visitez <a href=\"https:\/\/jjcustomworks.se\/fr\/\">notre boutique en ligne<\/a> \u00e0 partir d&#039;aujourd&#039;hui !<\/p>","protected":false},"excerpt":{"rendered":"<p>K\u00f6p en h\u00f6gkvalitativ replika av en Sheriff&#8217;s Colt Peacemaker Revolver med en exakt 1:1 skala och en 2,25&#8243; pipa fr\u00e5n Kolser. Utforska v\u00e5r breda kollektion av autentiska replikavapen till oslagbara priser. Best\u00e4ll nu f\u00f6r en realistisk och sp\u00e4nnande upplevelse!<\/p>","protected":false},"featured_media":62752,"template":"","meta":[],"product_brand":[],"product_cat":[826],"product_tag":[],"class_list":{"0":"post-60062","1":"product","2":"type-product","3":"status-publish","4":"has-post-thumbnail","6":"product_cat-replica-western","8":"first","9":"outofstock","10":"taxable","11":"shipping-taxable","12":"product-type-variable"},"_links":{"self":[{"href":"https:\/\/jjcustomworks.se\/fr\/wp-json\/wp\/v2\/product\/60062","targetHints":{"allow":["GET"]}}],"collection":[{"href":"https:\/\/jjcustomworks.se\/fr\/wp-json\/wp\/v2\/product"}],"about":[{"href":"https:\/\/jjcustomworks.se\/fr\/wp-json\/wp\/v2\/types\/product"}],"wp:featuredmedia":[{"embeddable":true,"href":"https:\/\/jjcustomworks.se\/fr\/wp-json\/wp\/v2\/media\/62752"}],"wp:attachment":[{"href":"https:\/\/jjcustomworks.se\/fr\/wp-json\/wp\/v2\/media?parent=60062"}],"wp:term":[{"taxonomy":"product_brand","embeddable":true,"href":"https:\/\/jjcustomworks.se\/fr\/wp-json\/wp\/v2\/product_brand?post=60062"},{"taxonomy":"product_cat","embeddable":true,"href":"https:\/\/jjcustomworks.se\/fr\/wp-json\/wp\/v2\/product_cat?post=60062"},{"taxonomy":"product_tag","embeddable":true,"href":"https:\/\/jjcustomworks.se\/fr\/wp-json\/wp\/v2\/product_tag?post=60062"}],"curies":[{"name":"wp","href":"https:\/\/api.w.org\/{rel}","templated":true}]}}