{"id":60056,"date":"2025-03-14T14:58:17","date_gmt":"2025-03-14T13:58:17","guid":{"rendered":"https:\/\/jjcustomworks.se\/product\/kolser-replica-sheriffs-colt-peacemaker-revolver-replica-11-2-25-barrel\/"},"modified":"2026-03-08T10:31:39","modified_gmt":"2026-03-08T09:31:39","slug":"replique-kolser-sheriffs-colt-peacemaker-canon-2-26","status":"publish","type":"product","link":"https:\/\/jjcustomworks.se\/fr\/produit\/replique-kolser-sheriffs-colt-peacemaker-canon-2-26\/","title":{"rendered":"R\u00e9plique Kolser Sheriff's Colt Peacemaker Canon 2,25\""},"content":{"rendered":"<h1>R\u00e9plique Authentique Kolser : Revolver Sheriff's Colt Peacemaker 2,25\"<\/h1>\n<h2><span class=\"ez-toc-section\" id=\"Revivez_le_Far_West_avec_cette_replique_detaillee\"><\/span>Revivez le Far West avec cette r\u00e9plique d\u00e9taill\u00e9e<span class=\"ez-toc-section-end\"><\/span><\/h2>\n<p>R\u00e9plique du revolver Sheriff's Colt Peacemaker \u00e0 l'\u00e9chelle 1:1. Cette r\u00e9plique de 19 cm de long avec un canon de 2,25\" est parfaite pour la d\u00e9coration, la reconstitution ou comme objet de collection. <b>REMARQUE : Les balles de r\u00e9plique sont incluses. La poudre pour pistolet jouet (paquet de 100 avec 1 coup) convient \u00e0 ces balles !<\/b><\/p>\n<p><b>Important:<\/b> Ce revolver ne peut pas tirer de vraies balles et est destin\u00e9 \u00e0 des fins d\u00e9coratives, des reconstitutions historiques ou similaires. Il n'est pas recommand\u00e9 d'utiliser des balles sans coups de poudre pour pistolet jouet, car cela pourrait endommager le revolver et\/ou la balle. Il est \u00e9galement recommand\u00e9 de lubrifier r\u00e9guli\u00e8rement les parties du m\u00e9canisme. Vivez l'exp\u00e9rience du Far West avec cette magnifique r\u00e9plique de revolver Colt de Kolser !<\/p>\n<h3><span class=\"ez-toc-section\" id=\"Conception_et_Materiaux_Authentiques\"><\/span>Design et mat\u00e9riaux authentiques<span class=\"ez-toc-section-end\"><\/span><\/h3>\n<p>Le mod\u00e8le de r\u00e9plique du revolver Colt 45 Peacemaker Sheriff's USA 1873 2,25\" est disponible en finitions laiton, bleuie, nickel\u00e9e et m\u00e9tal vieilli, obtenues par des proc\u00e9d\u00e9s manuels sur chaque partie de l'arme. La poign\u00e9e est en bois v\u00e9ritable ou en mati\u00e8re de haute qualit\u00e9, imitation ivoire, imitation os ou imitation bois, recr\u00e9ant ainsi l'un des revolvers les plus embl\u00e9matiques du Far West.<\/p>\n<h3><span class=\"ez-toc-section\" id=\"Mecanisme_Realiste\"><\/span>M\u00e9canisme R\u00e9aliste<span class=\"ez-toc-section-end\"><\/span><\/h3>\n<p>La conception de ce mod\u00e8le de r\u00e9plique est bas\u00e9e sur le mod\u00e8le r\u00e9el assembl\u00e9 \u00e0 la main et comporte suffisamment de pi\u00e8ces pour offrir une exp\u00e9rience de d\u00e9clenchement plus r\u00e9aliste. Cette r\u00e9plique Colt Single Action poss\u00e8de un m\u00e9canisme fonctionnel et un cylindre rotatif rechargeable pour les balles d'imitation fabriqu\u00e9es par Kolser, qui sont \u00e9galement adapt\u00e9es \u00e0 la poudre pour pistolet jouet. Agr\u00e9mentez votre collection avec cette incroyable r\u00e9plique ! <a href=\"https:\/\/jjcustomworks.se\/fr\/categorie-de-produit\/autres_produits\/replica-guns\/replicas-older-historical\/\">Consultez notre s\u00e9lection de pistolets de r\u00e9plique<\/a>.<\/p>\n<p>D\u00e9couvrez notre gamme de <a href=\"https:\/\/jjcustomworks.se\/fr\/magasin\/\">r\u00e9pliques d'armes Kolser similaires<\/a> pour trouver d'autres r\u00e9pliques historiques. Visitez <a href=\"https:\/\/jjcustomworks.se\/fr\/\">notre site Web<\/a> pour voir toute notre gamme !<\/p>","protected":false},"excerpt":{"rendered":"<p>K\u00f6p en h\u00f6gkvalitativ replika av en Sheriff&#8217;s Colt Peacemaker Revolver med en exakt 1:1 skala och en 2,25&#8243; pipa fr\u00e5n Kolser. Utforska v\u00e5r breda kollektion av autentiska replikavapen till oslagbara priser. Best\u00e4ll nu f\u00f6r en realistisk och sp\u00e4nnande upplevelse!<\/p>","protected":false},"featured_media":62923,"template":"","meta":[],"product_brand":[],"product_cat":[826],"product_tag":[],"class_list":{"0":"post-60056","1":"product","2":"type-product","3":"status-publish","4":"has-post-thumbnail","6":"product_cat-replica-western","8":"first","9":"outofstock","10":"taxable","11":"shipping-taxable","12":"product-type-variable"},"_links":{"self":[{"href":"https:\/\/jjcustomworks.se\/fr\/wp-json\/wp\/v2\/product\/60056","targetHints":{"allow":["GET"]}}],"collection":[{"href":"https:\/\/jjcustomworks.se\/fr\/wp-json\/wp\/v2\/product"}],"about":[{"href":"https:\/\/jjcustomworks.se\/fr\/wp-json\/wp\/v2\/types\/product"}],"wp:featuredmedia":[{"embeddable":true,"href":"https:\/\/jjcustomworks.se\/fr\/wp-json\/wp\/v2\/media\/62923"}],"wp:attachment":[{"href":"https:\/\/jjcustomworks.se\/fr\/wp-json\/wp\/v2\/media?parent=60056"}],"wp:term":[{"taxonomy":"product_brand","embeddable":true,"href":"https:\/\/jjcustomworks.se\/fr\/wp-json\/wp\/v2\/product_brand?post=60056"},{"taxonomy":"product_cat","embeddable":true,"href":"https:\/\/jjcustomworks.se\/fr\/wp-json\/wp\/v2\/product_cat?post=60056"},{"taxonomy":"product_tag","embeddable":true,"href":"https:\/\/jjcustomworks.se\/fr\/wp-json\/wp\/v2\/product_tag?post=60056"}],"curies":[{"name":"wp","href":"https:\/\/api.w.org\/{rel}","templated":true}]}}