{"id":60018,"date":"2025-03-14T14:58:02","date_gmt":"2025-03-14T13:58:02","guid":{"rendered":"https:\/\/jjcustomworks.se\/product\/replica-1837-allen-thurber-pepperbox-23-cm-steel\/"},"modified":"2025-09-30T23:56:59","modified_gmt":"2025-09-30T21:56:59","slug":"replique-pistolet-1837-allen-thurber-pepperbox-acier","status":"publish","type":"product","link":"https:\/\/jjcustomworks.se\/fr\/produit\/replique-pistolet-1837-allen-thurber-pepperbox-acier\/","title":{"rendered":"R\u00e9plique Pistolet 1837 Allen & Thurber | Kolser"},"content":{"rendered":"<h1>R\u00e9plique Pistolet Pepperbox 1837 Allen & Thurber - 23 CM - Acier<\/h1>\n<h2><span class=\"ez-toc-section\" id=\"Replique_Authentique_du_Pistolet_Pepperbox_1837_Allen_Thurber\"><\/span>R\u00e9plique Authentique du Pistolet Pepperbox 1837 Allen &#038; Thurber<span class=\"ez-toc-section-end\"><\/span><\/h2>\n<p>Kolser - 47-8652 - Une r\u00e9plique d\u00e9taill\u00e9e du pistolet Pepperbox 1837 Allen et Thurber avec 6 canons, fabriqu\u00e9 en acier et d'une longueur de 23 cm. Cette r\u00e9plique est une repr\u00e9sentation parfaite de l'arme d\u00e9fensive historique et est id\u00e9ale pour la d\u00e9coration.<\/p>\n<p>Veuillez noter que cette arme n'est pas tirable et est uniquement destin\u00e9e \u00e0 des fins d\u00e9coratives. Vous voulez voir plus de r\u00e9pliques ? <a href=\"https:\/\/jjcustomworks.se\/fr\/magasin\/\">Consultez notre gamme d'armes r\u00e9pliques<\/a>.<\/p>\n<h3><span class=\"ez-toc-section\" id=\"Signification_Historique\"><\/span>Importance historique<span class=\"ez-toc-section-end\"><\/span><\/h3>\n<p>La r\u00e9plique du pistolet Allen et Thurber Pepperbox 1837 est une recr\u00e9ation d'une arme d\u00e9fensive embl\u00e9matique \u00e0 6 canons. Pendant les ann\u00e9es 1837-1847, seules 6 de ces armes ont \u00e9t\u00e9 fabriqu\u00e9es, ce qui fait de cette r\u00e9plique un objet de collection pr\u00e9cieux. Vous pouvez retrouver tous nos produits <a href=\"https:\/\/jjcustomworks.se\/fr\/\">ici<\/a>.<\/p>\n<h3><span class=\"ez-toc-section\" id=\"Conception_et_Materiaux\"><\/span>Conception et mat\u00e9riaux<span class=\"ez-toc-section-end\"><\/span><\/h3>\n<p>Cette r\u00e9plique, \u00e9galement connue sous le nom de \"Pepperbox\", est fabriqu\u00e9e par Kolser et refl\u00e8te les d\u00e9tails de l'original avec une belle finition en acier. Elle est parfaitement adapt\u00e9e \u00e0 l'esth\u00e9tique de l'arme originale de 1837.  <a href=\"https:\/\/jjcustomworks.se\/fr\/categorie-de-produit\/autres_produits\/replica-guns\/replicas-older-historical\/\">D\u00e9couvrez d'autres r\u00e9pliques dans la cat\u00e9gorie armes de collection<\/a>. Elle pr\u00e9sente des d\u00e9tails grav\u00e9s sur le m\u00e9tal et un manche de style bois, fabriqu\u00e9 en m\u00e9tal et en r\u00e9sine, ce qui lui conf\u00e8re durabilit\u00e9 et conservation dans le temps. D'une longueur de 23 centim\u00e8tres, elle constitue une d\u00e9coration parfaite pour n'importe quelle pi\u00e8ce.<\/p>\n<ul>\n <li><strong>Mat\u00e9riel:<\/strong> Acier, m\u00e9tal et r\u00e9sine<\/li>\n <li><strong>Longueur:<\/strong> 23 cm<\/li>\n <li><strong>Objectif :<\/strong> Pour la d\u00e9coration uniquement<\/li>\n <li><strong>Origine:<\/strong> R\u00e9plique du pistolet Pepperbox 1837 Allen et Thurber<\/li>\n<\/ul>","protected":false},"excerpt":{"rendered":"<p>R\u00e9plique Pistolet Pepperbox 1837 Allen &#038; Thurber &#8211; 23 CM &#8211; Acier R\u00e9plique Authentique du Pistolet Pepperbox 1837 Allen &#038; Thurber Kolser &#8211; 47-8652 &#8211; Une r\u00e9plique d\u00e9taill\u00e9e du pistolet Pepperbox 1837 Allen et Thurber avec 6 canons, fabriqu\u00e9 en acier et d&#8217;une longueur de 23 cm. Cette r\u00e9plique est une repr\u00e9sentation parfaite de l&#8217;arme [&#8230;]\n","protected":false},"featured_media":60016,"template":"","meta":[],"product_brand":[],"product_cat":[4805],"product_tag":[],"class_list":{"0":"post-60018","1":"product","2":"type-product","3":"status-publish","4":"has-post-thumbnail","6":"product_cat-replicas-older-historical","8":"first","9":"outofstock","10":"sale","11":"taxable","12":"shipping-taxable","13":"purchasable","14":"product-type-simple"},"_links":{"self":[{"href":"https:\/\/jjcustomworks.se\/fr\/wp-json\/wp\/v2\/product\/60018","targetHints":{"allow":["GET"]}}],"collection":[{"href":"https:\/\/jjcustomworks.se\/fr\/wp-json\/wp\/v2\/product"}],"about":[{"href":"https:\/\/jjcustomworks.se\/fr\/wp-json\/wp\/v2\/types\/product"}],"wp:featuredmedia":[{"embeddable":true,"href":"https:\/\/jjcustomworks.se\/fr\/wp-json\/wp\/v2\/media\/60016"}],"wp:attachment":[{"href":"https:\/\/jjcustomworks.se\/fr\/wp-json\/wp\/v2\/media?parent=60018"}],"wp:term":[{"taxonomy":"product_brand","embeddable":true,"href":"https:\/\/jjcustomworks.se\/fr\/wp-json\/wp\/v2\/product_brand?post=60018"},{"taxonomy":"product_cat","embeddable":true,"href":"https:\/\/jjcustomworks.se\/fr\/wp-json\/wp\/v2\/product_cat?post=60018"},{"taxonomy":"product_tag","embeddable":true,"href":"https:\/\/jjcustomworks.se\/fr\/wp-json\/wp\/v2\/product_tag?post=60018"}],"curies":[{"name":"wp","href":"https:\/\/api.w.org\/{rel}","templated":true}]}}