{"id":60000,"date":"2025-03-14T14:57:53","date_gmt":"2025-03-14T13:57:53","guid":{"rendered":"https:\/\/jjcustomworks.se\/product\/replica-winchester-long-range-1892-carbine-108-cm-black-3\/"},"modified":"2025-10-16T22:21:59","modified_gmt":"2025-10-16T20:21:59","slug":"replique-winchester-1892-carabine-long-range-108-cm-noir","status":"publish","type":"product","link":"https:\/\/jjcustomworks.se\/fr\/produit\/replique-winchester-1892-carabine-long-range-108-cm-noir\/","title":{"rendered":"R\u00e9plique Winchester 1892 Carabine Long Range | Kolser"},"content":{"rendered":"<h1>R\u00e9plique de carabine Winchester Long Range 1892 - 108 cm - Noire<\/h1>\n<h2><span class=\"ez-toc-section\" id=\"Replique_Authentique_pour_Collectionneurs_et_Decoration\"><\/span>R\u00e9plique Authentique pour Collectionneurs et D\u00e9coration<span class=\"ez-toc-section-end\"><\/span><\/h2>\n<p>Cette r\u00e9plique d\u00e9taill\u00e9e d'une carabine Winchester Long Range 1892 de Kolser est parfaite pour les collectionneurs, les passionn\u00e9s d'histoire et comme pi\u00e8ce d\u00e9corative. Avec une longueur de 108 cm, elle recr\u00e9e fid\u00e8lement l'apparence et la sensation de l'original.<\/p>\n<h3><span class=\"ez-toc-section\" id=\"Caracteristiques_Principales\"><\/span>Caract\u00e9ristiques principales :<span class=\"ez-toc-section-end\"><\/span><\/h3>\n<ul>\n <li><strong>Conception r\u00e9aliste :<\/strong> Fabriqu\u00e9e en m\u00e9tal avec une finition noire, laiton ou grise et en polystyr\u00e8ne de qualit\u00e9 bois pour imiter l'apparence et la sensation du bois.<\/li>\n <li><strong>R\u00e9plique D\u00e9corative :<\/strong> Destin\u00e9e uniquement \u00e0 la d\u00e9coration.<\/li>\n <li><strong>Finition D\u00e9taill\u00e9e :<\/strong> Soigneusement con\u00e7ue pour refl\u00e9ter l'apparence de l'original.<\/li>\n <li><strong>Importance historique :<\/strong> Le mod\u00e8le a jou\u00e9 un r\u00f4le important dans la r\u00e9volte ouvri\u00e8re de 1892 aux \u00c9tats-Unis.<\/li>\n<\/ul>\n<p>Cette r\u00e9plique n'a pas de syst\u00e8me d'\u00e9jection de balles ni de rechargement. Bien qu'il soit possible d'ins\u00e9rer des balles de r\u00e9plique, le m\u00e9canisme n'est pas pr\u00e9vu pour cela, et elles peuvent se coincer. Nous recommandons d'huiler r\u00e9guli\u00e8rement les parties du m\u00e9canisme pour pr\u00e9server l'\u00e9tat de la r\u00e9plique. D\u00e9couvrez davantage de <a href=\"https:\/\/jjcustomworks.se\/fr\/magasin\/\">r\u00e9pliques d&#039;armes<\/a> dans notre gamme et compl\u00e9tez votre collection. Visitez \u00e9galement notre page pour les <a href=\"https:\/\/jjcustomworks.se\/fr\/categorie-de-produit\/autres_produits\/replica-guns\/replicas-older-historical\/\">armes de collection<\/a> et trouvez d'autres objets int\u00e9ressants. Ne manquez pas l'occasion d'explorer notre vaste s\u00e9lection sur <a href=\"https:\/\/jjcustomworks.se\/fr\/\">notre site Web<\/a>.<\/p>","protected":false},"excerpt":{"rendered":"<p>R\u00e9plique Winchester Long Range 1892 Carabine &#8211; 108 CM &#8211; Noir R\u00e9plique Authentique pour Collectionneurs et D\u00e9coration Cette r\u00e9plique d\u00e9taill\u00e9e d&#8217;une carabine Winchester Long Range 1892 de Kolser est parfaite pour les collectionneurs, les passionn\u00e9s d&#8217;histoire et comme pi\u00e8ce d\u00e9corative. Avec une longueur de 108 cm, elle recr\u00e9e fid\u00e8lement l&#8217;apparence et la sensation de l&#8217;original. [&#8230;]\n","protected":false},"featured_media":59990,"template":"","meta":[],"product_brand":[],"product_cat":[4805],"product_tag":[],"class_list":{"0":"post-60000","1":"product","2":"type-product","3":"status-publish","4":"has-post-thumbnail","6":"product_cat-replicas-older-historical","8":"first","9":"outofstock","10":"sale","11":"taxable","12":"shipping-taxable","13":"purchasable","14":"product-type-simple"},"_links":{"self":[{"href":"https:\/\/jjcustomworks.se\/fr\/wp-json\/wp\/v2\/product\/60000","targetHints":{"allow":["GET"]}}],"collection":[{"href":"https:\/\/jjcustomworks.se\/fr\/wp-json\/wp\/v2\/product"}],"about":[{"href":"https:\/\/jjcustomworks.se\/fr\/wp-json\/wp\/v2\/types\/product"}],"wp:featuredmedia":[{"embeddable":true,"href":"https:\/\/jjcustomworks.se\/fr\/wp-json\/wp\/v2\/media\/59990"}],"wp:attachment":[{"href":"https:\/\/jjcustomworks.se\/fr\/wp-json\/wp\/v2\/media?parent=60000"}],"wp:term":[{"taxonomy":"product_brand","embeddable":true,"href":"https:\/\/jjcustomworks.se\/fr\/wp-json\/wp\/v2\/product_brand?post=60000"},{"taxonomy":"product_cat","embeddable":true,"href":"https:\/\/jjcustomworks.se\/fr\/wp-json\/wp\/v2\/product_cat?post=60000"},{"taxonomy":"product_tag","embeddable":true,"href":"https:\/\/jjcustomworks.se\/fr\/wp-json\/wp\/v2\/product_tag?post=60000"}],"curies":[{"name":"wp","href":"https:\/\/api.w.org\/{rel}","templated":true}]}}