{"id":59992,"date":"2025-03-14T14:57:49","date_gmt":"2025-03-14T13:57:49","guid":{"rendered":"https:\/\/jjcustomworks.se\/product\/replica-winchester-long-range-1892-carbine-108-cm-brass\/"},"modified":"2025-11-13T13:46:36","modified_gmt":"2025-11-13T12:46:36","slug":"replique-winchester-1892-carabine-laiton-2","status":"publish","type":"product","link":"https:\/\/jjcustomworks.se\/fr\/produit\/replique-winchester-1892-carabine-laiton-2\/","title":{"rendered":"R\u00e9plique Winchester 1892 Carabine - Laiton | Kolser"},"content":{"rendered":"<h1>R\u00e9plique de carabine Winchester Long Range 1892 - 108 cm - Laiton<\/h1>\n<h2><span class=\"ez-toc-section\" id=\"Replique_Authentique_de_la_Carabine_Winchester_1892_de_Kolser\"><\/span>R\u00e9plique Authentique de la Carabine Winchester 1892 de Kolser<span class=\"ez-toc-section-end\"><\/span><\/h2>\n<p>Cette r\u00e9plique d'une carabine Winchester Long Range 1892 de Kolser est un incontournable pour les collectionneurs et les passionn\u00e9s d'histoire. Avec une longueur de 108 cm et fabriqu\u00e9e en m\u00e9tal avec des d\u00e9tails en laiton et du polystyr\u00e8ne de qualit\u00e9 bois, elle offre une sensation et une apparence r\u00e9alistes. Veuillez noter qu'il s'agit d'une r\u00e9plique destin\u00e9e uniquement \u00e0 la d\u00e9coration et ne peut pas \u00eatre utilis\u00e9e avec des munitions. Nous vous recommandons d'explorer notre gamme d'<a href=\"https:\/\/jjcustomworks.se\/fr\/magasin\/\">autres r\u00e9pliques d'armes authentiques<\/a> pour compl\u00e9ter votre collection.<\/p>\n\n<h3><span class=\"ez-toc-section\" id=\"Caracteristiques_et_Conception\"><\/span>Caract\u00e9ristiques et conception<span class=\"ez-toc-section-end\"><\/span><\/h3>\n<ul>\n <li><strong>Conception R\u00e9aliste :<\/strong> Fabriqu\u00e9e en m\u00e9tal avec une finition noire, en laiton ou grise.<\/li>\n <li><strong>Polystyr\u00e8ne de Qualit\u00e9 Bois :<\/strong> La crosse et autres d\u00e9tails en bois sont en polystyr\u00e8ne qui simule le bois tant au niveau de la sensation que de l'apparence.<\/li>\n <li><strong>R\u00e9plique D\u00e9corative :<\/strong> Le fusil est destin\u00e9 uniquement \u00e0 un usage d\u00e9coratif.<\/li>\n <li><strong>Longueur:<\/strong> 108 cm de la crosse \u00e0 la bouche du canon.<\/li>\n<\/ul>\n\n<h3><span class=\"ez-toc-section\" id=\"Informations_Importantes\"><\/span>Informations importantes<span class=\"ez-toc-section-end\"><\/span><\/h3>\n<p>Cette r\u00e9plique n'a pas de syst\u00e8me d'\u00e9jection de balles ni de rechargement. Pour maintenir le m\u00e9canisme en bon \u00e9tat, il est recommand\u00e9 de huiler r\u00e9guli\u00e8rement les pi\u00e8ces mobiles. Pour plus d'informations sur nos produits, veuillez consulter notre <a href=\"https:\/\/jjcustomworks.se\/fr\/categorie-de-produit\/autres_produits\/replica-guns\/replicas-older-historical\/\">cat\u00e9gorie d&#039;armes<\/a> Oh <a href=\"https:\/\/jjcustomworks.se\/fr\/\">notre site Web<\/a>.<\/p>\n\n<h3><span class=\"ez-toc-section\" id=\"Signification_Historique\"><\/span>Importance historique<span class=\"ez-toc-section-end\"><\/span><\/h3>\n<p>La carabine USA Long Range de 1892 a jou\u00e9 un r\u00f4le important dans la r\u00e9volte ouvri\u00e8re de 1892, l'une des r\u00e9voltes les plus graves de l'histoire ouvri\u00e8re am\u00e9ricaine. Cette r\u00e9plique est un excellent moyen de se souvenir et d'honorer cet \u00e9v\u00e9nement historique.<\/p>","protected":false},"excerpt":{"rendered":"<p>R\u00e9plique Winchester Long Range 1892 Carabine &#8211; 108 CM &#8211; Laiton R\u00e9plique Authentique de la Carabine Winchester 1892 de Kolser Cette r\u00e9plique d&#8217;une carabine Winchester Long Range 1892 de Kolser est un incontournable pour les collectionneurs et les passionn\u00e9s d&#8217;histoire. Avec une longueur de 108 cm et fabriqu\u00e9e en m\u00e9tal avec des d\u00e9tails en laiton [&#8230;]\n","protected":false},"featured_media":59984,"template":"","meta":[],"product_brand":[],"product_cat":[4805],"product_tag":[],"class_list":{"0":"post-59992","1":"product","2":"type-product","3":"status-publish","4":"has-post-thumbnail","6":"product_cat-replicas-older-historical","8":"first","9":"outofstock","10":"sale","11":"taxable","12":"shipping-taxable","13":"purchasable","14":"product-type-simple"},"_links":{"self":[{"href":"https:\/\/jjcustomworks.se\/fr\/wp-json\/wp\/v2\/product\/59992","targetHints":{"allow":["GET"]}}],"collection":[{"href":"https:\/\/jjcustomworks.se\/fr\/wp-json\/wp\/v2\/product"}],"about":[{"href":"https:\/\/jjcustomworks.se\/fr\/wp-json\/wp\/v2\/types\/product"}],"wp:featuredmedia":[{"embeddable":true,"href":"https:\/\/jjcustomworks.se\/fr\/wp-json\/wp\/v2\/media\/59984"}],"wp:attachment":[{"href":"https:\/\/jjcustomworks.se\/fr\/wp-json\/wp\/v2\/media?parent=59992"}],"wp:term":[{"taxonomy":"product_brand","embeddable":true,"href":"https:\/\/jjcustomworks.se\/fr\/wp-json\/wp\/v2\/product_brand?post=59992"},{"taxonomy":"product_cat","embeddable":true,"href":"https:\/\/jjcustomworks.se\/fr\/wp-json\/wp\/v2\/product_cat?post=59992"},{"taxonomy":"product_tag","embeddable":true,"href":"https:\/\/jjcustomworks.se\/fr\/wp-json\/wp\/v2\/product_tag?post=59992"}],"curies":[{"name":"wp","href":"https:\/\/api.w.org\/{rel}","templated":true}]}}