{"id":59935,"date":"2025-03-14T14:57:28","date_gmt":"2025-03-14T13:57:28","guid":{"rendered":"https:\/\/jjcustomworks.se\/product\/replica-winchester-carabine-usa-1892-98-cm-brass\/"},"modified":"2025-10-16T22:23:01","modified_gmt":"2025-10-16T20:23:01","slug":"replique-winchester-1892-carabine-98cm-laiton","status":"publish","type":"product","link":"https:\/\/jjcustomworks.se\/fr\/produit\/replique-winchester-1892-carabine-98cm-laiton\/","title":{"rendered":"R\u00e9plique Winchester 1892 Carabine - 98cm Laiton | Kolser"},"content":{"rendered":"<h1>R\u00e9plique Winchester Carabine USA 1892 - 98 CM - Laiton<\/h1>\n<h2><span class=\"ez-toc-section\" id=\"Replique_authentique_de_la_carabine_Winchester_de_Kolser\"><\/span>R\u00e9plique authentique de la carabine Winchester de Kolser<span class=\"ez-toc-section-end\"><\/span><\/h2>\n<p>Cette r\u00e9plique de la carabine Winchester mod\u00e8le 1892 de Kolser est une reproduction d\u00e9taill\u00e9e de la carabine am\u00e9ricaine classique. Avec une longueur de 98 cm et une finition en laiton, noir mat et gris, elle capture l'essence de l'original. Fabriqu\u00e9e en m\u00e9tal et en polypropyl\u00e8ne avec imitation bois, elle offre un poids et une apparence r\u00e9alistes. Veuillez noter que ce fusil est destin\u00e9 \u00e0 un usage d\u00e9coratif uniquement.<\/p>\n<h3><span class=\"ez-toc-section\" id=\"Principales_caracteristiques\"><\/span>Principales caract\u00e9ristiques:<span class=\"ez-toc-section-end\"><\/span><\/h3>\n<ul>\n <li><strong>Design authentique:<\/strong> R\u00e9plique de la carabine Winchester USA 1892.<\/li>\n <li><strong>Mat\u00e9riel:<\/strong> Fabriqu\u00e9 en m\u00e9tal et en polypropyl\u00e8ne avec imitation bois.<\/li>\n <li><strong>Finition:<\/strong> Laiton, noir mat et gris.<\/li>\n <li><strong>Longueur:<\/strong> 98 cm.<\/li>\n <li><strong>Usage:<\/strong> Pour usage d\u00e9coratif uniquement.<\/li>\n<\/ul>\n<p>Ce mod\u00e8le est d\u00e9pourvu du syst\u00e8me d'\u00e9jection et de rechargement des balles. Bien que des balles de r\u00e9plique puissent \u00eatre ins\u00e9r\u00e9es, le m\u00e9canisme n'est pas pr\u00e9vu \u00e0 cet effet et les balles peuvent se coincer. Une lubrification r\u00e9guli\u00e8re du m\u00e9canisme est recommand\u00e9e pour l'entretien. D\u00e9couvrez d'autres r\u00e9pliques authentiques d'armes \u00e0 feu et d'accessoires dans notre <a href=\"https:\/\/jjcustomworks.se\/fr\/categorie-de-produit\/autres_produits\/replica-guns\/replica-western\/\">cat\u00e9gorie fusils<\/a>. Si vous souhaitez voir le reste de notre gamme, vous pouvez visiter notre <a href=\"https:\/\/jjcustomworks.se\/fr\/\">page d&#039;accueil<\/a>. Nous vous recommandons d'explorer notre s\u00e9lection d'<a href=\"https:\/\/jjcustomworks.se\/fr\/magasin\/\">r\u00e9pliques d&#039;armes<\/a> authentiques pour compl\u00e9ter votre collection.<\/p>","protected":false},"excerpt":{"rendered":"<p>R\u00e9plique Winchester Carabine USA 1892 &#8211; 98 CM &#8211; Laiton R\u00e9plique authentique de la carabine Winchester de Kolser Cette r\u00e9plique de la carabine Winchester mod\u00e8le 1892 de Kolser est une reproduction d\u00e9taill\u00e9e de la carabine am\u00e9ricaine classique. Avec une longueur de 98 cm et une finition en laiton, noir mat et gris, elle capture l&#8217;essence [&#8230;]\n","protected":false},"featured_media":59925,"template":"","meta":[],"product_brand":[],"product_cat":[4805],"product_tag":[],"class_list":{"0":"post-59935","1":"product","2":"type-product","3":"status-publish","4":"has-post-thumbnail","6":"product_cat-replicas-older-historical","8":"first","9":"outofstock","10":"sale","11":"taxable","12":"shipping-taxable","13":"purchasable","14":"product-type-simple"},"_links":{"self":[{"href":"https:\/\/jjcustomworks.se\/fr\/wp-json\/wp\/v2\/product\/59935","targetHints":{"allow":["GET"]}}],"collection":[{"href":"https:\/\/jjcustomworks.se\/fr\/wp-json\/wp\/v2\/product"}],"about":[{"href":"https:\/\/jjcustomworks.se\/fr\/wp-json\/wp\/v2\/types\/product"}],"wp:featuredmedia":[{"embeddable":true,"href":"https:\/\/jjcustomworks.se\/fr\/wp-json\/wp\/v2\/media\/59925"}],"wp:attachment":[{"href":"https:\/\/jjcustomworks.se\/fr\/wp-json\/wp\/v2\/media?parent=59935"}],"wp:term":[{"taxonomy":"product_brand","embeddable":true,"href":"https:\/\/jjcustomworks.se\/fr\/wp-json\/wp\/v2\/product_brand?post=59935"},{"taxonomy":"product_cat","embeddable":true,"href":"https:\/\/jjcustomworks.se\/fr\/wp-json\/wp\/v2\/product_cat?post=59935"},{"taxonomy":"product_tag","embeddable":true,"href":"https:\/\/jjcustomworks.se\/fr\/wp-json\/wp\/v2\/product_tag?post=59935"}],"curies":[{"name":"wp","href":"https:\/\/api.w.org\/{rel}","templated":true}]}}