{"id":59843,"date":"2025-03-14T14:56:45","date_gmt":"2025-03-14T13:56:45","guid":{"rendered":"https:\/\/jjcustomworks.se\/product\/ten-ryu-maz-014w-hand-forged-samurai-sword\/"},"modified":"2025-11-08T19:10:06","modified_gmt":"2025-11-08T18:10:06","slug":"ten-ryu-maz-014w-epee-de-samurai-forgee-a-la-main","status":"publish","type":"product","link":"https:\/\/jjcustomworks.se\/fr\/produit\/ten-ryu-maz-014w-epee-de-samurai-forgee-a-la-main\/","title":{"rendered":"\u00c9p\u00e9e de samoura\u00ef forg\u00e9e \u00e0 la main Ten Ryu MAZ-014W"},"content":{"rendered":"<h1><span class=\"ez-toc-section\" id=\"Ten_Ryu_MAZ-014W_Epee_de_Samourai_Forgee_a_la_Main\"><\/span>\u00c9p\u00e9e de samoura\u00ef forg\u00e9e \u00e0 la main Ten Ryu MAZ-014W<span class=\"ez-toc-section-end\"><\/span><\/h1>\n<h2><span class=\"ez-toc-section\" id=\"Elegante_et_Tranchante_Epee_de_Samourai_de_Ten_Ryu\"><\/span>\u00c9l\u00e9gante et Tranchante \u00c9p\u00e9e de Samoura\u00ef de Ten Ryu<span class=\"ez-toc-section-end\"><\/span><\/h2>\n<p>D\u00e9couvrez la puissance et la beaut\u00e9 d'une \u00e9p\u00e9e de samoura\u00ef traditionnelle avec la Ten Ryu MAZ-014W. Cette magnifique \u00e9p\u00e9e forg\u00e9e \u00e0 la main combine un design impressionnant avec des mat\u00e9riaux de haute qualit\u00e9 pour cr\u00e9er une arme unique.<\/p>\n<h3><span class=\"ez-toc-section\" id=\"Specifications\"><\/span>Caract\u00e9ristiques<span class=\"ez-toc-section-end\"><\/span><\/h3>\n<ul>\n    <li><strong>Longueur totale :<\/strong> 42 pouces<\/li>\n    <li><strong>Longueur de la lame :<\/strong> 28,7 pouces<\/li>\n    <li><strong>\u00c9paisseur de la lame :<\/strong> 7,5 mm<\/li>\n    <li><strong>Mat\u00e9riel:<\/strong> Acier \u00e0 teneur moyenne en carbone<\/li>\n    <li><strong>Manche:<\/strong> Reliure en cuir blanc avec peau de raie v\u00e9ritable<\/li>\n    <li><strong>D\u00e9tails:<\/strong> Goutti\u00e8re le long de la lame, gravure des deux c\u00f4t\u00e9s, 2 tsuba en fer<\/li>\n<\/ul>\n<h3><span class=\"ez-toc-section\" id=\"Design_Authentique_et_Materiaux\"><\/span>Design et mat\u00e9riaux authentiques<span class=\"ez-toc-section-end\"><\/span><\/h3>\n<p>La lame de 7.5 mm d'\u00e9paisseur en acier au carbone moyen conf\u00e8re \u00e0 l'\u00e9p\u00e9e sa robustesse et son tranchant. La lame est \u00e9galement \u00e9quip\u00e9e d'une goutti\u00e8re, ce qui contribue \u00e0 la fois au design et \u00e0 la fonctionnalit\u00e9. Le manche est envelopp\u00e9 d'une reliure en cuir blanc et de peau de raie v\u00e9ritable, offrant une prise en main confortable et s\u00fbre.<\/p>\n<h3><span class=\"ez-toc-section\" id=\"Accessoires_Inclus\"><\/span>Accessoires inclus<span class=\"ez-toc-section-end\"><\/span><\/h3>\n<p>L'\u00e9p\u00e9e est livr\u00e9e avec un \u00e9l\u00e9gant sac de transport pour un rangement et un transport s\u00e9curis\u00e9s, ainsi qu'un fourreau laqu\u00e9 noir qui prot\u00e8ge la lame et offre une apparence \u00e9l\u00e9gante.<\/p>\n\n<p>D\u00e9couvrez notre gamme de<a href=\"https:\/\/jjcustomworks.se\/fr\/magasin\/\">\u00e9p\u00e9es japonaises authentiques<\/a> et d\u00e9couvrez le savoir-faire derri\u00e8re chaque arme unique. Visitez notre <a href=\"https:\/\/jjcustomworks.se\/fr\/categorie-de-produit\/autres_produits\/replica-guns\/replica-western\/\">cat\u00e9gorie d&#039;\u00e9p\u00e9e de samoura\u00ef<\/a> pour voir plus d'options. Pour plus d'informations sur Ten Ryu et nos produits, visitez notre <a href=\"https:\/\/jjcustomworks.se\/fr\/\">page d&#039;accueil<\/a>.<\/p>","protected":false},"excerpt":{"rendered":"<p>Ten Ryu MAZ-014W \u00c9p\u00e9e de Samoura\u00ef Forg\u00e9e \u00e0 la Main \u00c9l\u00e9gante et Tranchante \u00c9p\u00e9e de Samoura\u00ef de Ten Ryu D\u00e9couvrez la puissance et la beaut\u00e9 d&#8217;une \u00e9p\u00e9e de samoura\u00ef traditionnelle avec la Ten Ryu MAZ-014W. Cette magnifique \u00e9p\u00e9e forg\u00e9e \u00e0 la main combine un design impressionnant avec des mat\u00e9riaux de haute qualit\u00e9 pour cr\u00e9er une [&#8230;]\n","protected":false},"featured_media":59824,"template":"","meta":[],"product_brand":[],"product_cat":[1275],"product_tag":[],"class_list":{"0":"post-59843","1":"product","2":"type-product","3":"status-publish","4":"has-post-thumbnail","6":"product_cat-swords-europe","8":"first","9":"outofstock","10":"sale","11":"taxable","12":"shipping-taxable","13":"purchasable","14":"product-type-simple"},"_links":{"self":[{"href":"https:\/\/jjcustomworks.se\/fr\/wp-json\/wp\/v2\/product\/59843","targetHints":{"allow":["GET"]}}],"collection":[{"href":"https:\/\/jjcustomworks.se\/fr\/wp-json\/wp\/v2\/product"}],"about":[{"href":"https:\/\/jjcustomworks.se\/fr\/wp-json\/wp\/v2\/types\/product"}],"wp:featuredmedia":[{"embeddable":true,"href":"https:\/\/jjcustomworks.se\/fr\/wp-json\/wp\/v2\/media\/59824"}],"wp:attachment":[{"href":"https:\/\/jjcustomworks.se\/fr\/wp-json\/wp\/v2\/media?parent=59843"}],"wp:term":[{"taxonomy":"product_brand","embeddable":true,"href":"https:\/\/jjcustomworks.se\/fr\/wp-json\/wp\/v2\/product_brand?post=59843"},{"taxonomy":"product_cat","embeddable":true,"href":"https:\/\/jjcustomworks.se\/fr\/wp-json\/wp\/v2\/product_cat?post=59843"},{"taxonomy":"product_tag","embeddable":true,"href":"https:\/\/jjcustomworks.se\/fr\/wp-json\/wp\/v2\/product_tag?post=59843"}],"curies":[{"name":"wp","href":"https:\/\/api.w.org\/{rel}","templated":true}]}}