{"id":59822,"date":"2025-03-14T14:56:31","date_gmt":"2025-03-14T13:56:31","guid":{"rendered":"https:\/\/jjcustomworks.se\/product\/cold-steel-88vs-viking-sword\/"},"modified":"2025-10-17T03:26:13","modified_gmt":"2025-10-17T01:26:13","slug":"cold-steel-epee-viking-88vs","status":"publish","type":"product","link":"https:\/\/jjcustomworks.se\/fr\/produit\/cold-steel-epee-viking-88vs\/","title":{"rendered":"Cold Steel \u00c9p\u00e9e Viking 88VS - R\u00e9plique Authentique"},"content":{"rendered":"<h1><span class=\"ez-toc-section\" id=\"Cold_Steel_Epee_Viking_88VS\"><\/span>Cold Steel \u00c9p\u00e9e Viking 88VS<span class=\"ez-toc-section-end\"><\/span><\/h1>\n<h2><span class=\"ez-toc-section\" id=\"Epee_Viking_Authentique_avec_Fourreau_en_Cuir\"><\/span>\u00c9p\u00e9e Viking Authentique avec Fourreau en Cuir<span class=\"ez-toc-section-end\"><\/span><\/h2>\n<p>L'\u00e9p\u00e9e viking Cold Steel 88VS est une recr\u00e9ation de l'\u00e9p\u00e9e viking historique des IXe et Xe si\u00e8cles. Cette \u00e9p\u00e9e pr\u00e9sente une longue et large lame avec une large gorge centrale et des tranchants aiguis\u00e9s, id\u00e9ale pour les collectionneurs et les reconstitueurs. La poign\u00e9e en bois robuste est envelopp\u00e9e de cuir pour une prise en main s\u00fbre et confortable. L'\u00e9p\u00e9e viking est livr\u00e9e compl\u00e8te avec un fourreau en bois recouvert de cuir renforc\u00e9 par des garnitures en acier poli.<\/p>\n<h3><span class=\"ez-toc-section\" id=\"Caracteristiques_et_Avantages\"><\/span>Caract\u00e9ristiques et avantages<span class=\"ez-toc-section-end\"><\/span><\/h3>\n<ul>\n <li><strong>Conception historique :<\/strong> Bas\u00e9e sur les \u00e9p\u00e9es vikings des IXe et Xe si\u00e8cles.<\/li>\n <li><strong>Lame Forg\u00e9e \u00e0 la Main :<\/strong> Fabriqu\u00e9e en acier \u00e0 haute teneur en carbone 1060, polie et aff\u00fbt\u00e9e \u00e0 la main.<\/li>\n <li><strong>Poign\u00e9e Envelopp\u00e9e de Cuir :<\/strong> Offre une prise en main confortable et s\u00fbre.<\/li>\n <li><strong>Fourreau Renforc\u00e9 en Acier :<\/strong> Fourreau en bois recouvert de cuir avec chape et col en acier.<\/li>\n<\/ul>\n<h3><span class=\"ez-toc-section\" id=\"Specifications\"><\/span>Caract\u00e9ristiques<span class=\"ez-toc-section-end\"><\/span><\/h3>\n<ul>\n <li>Poids : 37.1oz<\/li>\n <li>\u00c9paisseur de la Lame : 15\/64in<\/li>\n <li>Longueur de la Lame : 30-1\/4in<\/li>\n <li>Acier de la lame : acier au carbone 1060<\/li>\n <li>Longueur de la Poign\u00e9e : 6-5\/8in<\/li>\n <li>Longueur Totale : 36-7\/8in<\/li>\n<\/ul>\n<p>Cette \u00e9p\u00e9e viking de Cold Steel combine un design historique avec des techniques de fabrication modernes. La poign\u00e9e est en bois et recouverte de cuir. Le fourreau inclus est en bois et en cuir pour prot\u00e9ger l'\u00e9p\u00e9e lorsqu'elle n'est pas utilis\u00e9e. Achetez votre <a href=\"https:\/\/jjcustomworks.se\/fr\/magasin\/\">Cold Steel \u00c9p\u00e9e Viking<\/a> d\u00e8s aujourd'hui et vivez un morceau d'histoire. Pour plus d'armes historiques, visitez notre <a href=\"https:\/\/jjcustomworks.se\/fr\/categorie-de-produit\/autres_produits\/replica-guns\/replica-western\/\">cat\u00e9gorie \u00e9p\u00e9es<\/a>. D\u00e9couvrez notre gamme compl\u00e8te de produits sur <a href=\"https:\/\/jjcustomworks.se\/fr\/\">notre site Web<\/a>.<\/p>","protected":false},"excerpt":{"rendered":"<p>Cold Steel \u00c9p\u00e9e Viking 88VS \u00c9p\u00e9e Viking Authentique avec Fourreau en Cuir L&#8217;\u00e9p\u00e9e viking Cold Steel 88VS est une recr\u00e9ation de l&#8217;\u00e9p\u00e9e viking historique des IXe et Xe si\u00e8cles. Cette \u00e9p\u00e9e pr\u00e9sente une longue et large lame avec une large gorge centrale et des tranchants aiguis\u00e9s, id\u00e9ale pour les collectionneurs et les reconstitueurs. La poign\u00e9e [&#8230;]\n","protected":false},"featured_media":59820,"template":"","meta":[],"product_brand":[],"product_cat":[1275],"product_tag":[],"class_list":{"0":"post-59822","1":"product","2":"type-product","3":"status-publish","4":"has-post-thumbnail","6":"product_cat-swords-europe","8":"first","9":"outofstock","10":"sale","11":"taxable","12":"shipping-taxable","13":"purchasable","14":"product-type-simple"},"_links":{"self":[{"href":"https:\/\/jjcustomworks.se\/fr\/wp-json\/wp\/v2\/product\/59822","targetHints":{"allow":["GET"]}}],"collection":[{"href":"https:\/\/jjcustomworks.se\/fr\/wp-json\/wp\/v2\/product"}],"about":[{"href":"https:\/\/jjcustomworks.se\/fr\/wp-json\/wp\/v2\/types\/product"}],"wp:featuredmedia":[{"embeddable":true,"href":"https:\/\/jjcustomworks.se\/fr\/wp-json\/wp\/v2\/media\/59820"}],"wp:attachment":[{"href":"https:\/\/jjcustomworks.se\/fr\/wp-json\/wp\/v2\/media?parent=59822"}],"wp:term":[{"taxonomy":"product_brand","embeddable":true,"href":"https:\/\/jjcustomworks.se\/fr\/wp-json\/wp\/v2\/product_brand?post=59822"},{"taxonomy":"product_cat","embeddable":true,"href":"https:\/\/jjcustomworks.se\/fr\/wp-json\/wp\/v2\/product_cat?post=59822"},{"taxonomy":"product_tag","embeddable":true,"href":"https:\/\/jjcustomworks.se\/fr\/wp-json\/wp\/v2\/product_tag?post=59822"}],"curies":[{"name":"wp","href":"https:\/\/api.w.org\/{rel}","templated":true}]}}