{"id":59821,"date":"2025-03-14T14:56:31","date_gmt":"2025-03-14T13:56:31","guid":{"rendered":"https:\/\/jjcustomworks.se\/product\/cold-steel-88wgs-two-handed-great-sword\/"},"modified":"2025-10-17T03:26:09","modified_gmt":"2025-10-17T01:26:09","slug":"cold-steel-88wgs-epee-batarde-a-deux-mains","status":"publish","type":"product","link":"https:\/\/jjcustomworks.se\/fr\/produit\/cold-steel-88wgs-epee-batarde-a-deux-mains\/","title":{"rendered":"Cold Steel 88WGS \u00c9p\u00e9e B\u00e2tarde \u00e0 Deux Mains"},"content":{"rendered":"<h1><span class=\"ez-toc-section\" id=\"Cold_Steel_88WGS_Epee_Batarde_a_Deux_Mains\"><\/span>Cold Steel 88WGS \u00c9p\u00e9e B\u00e2tarde \u00e0 Deux Mains<span class=\"ez-toc-section-end\"><\/span><\/h1>\n<h2><span class=\"ez-toc-section\" id=\"Epee_emblematique_de_Cold_Steel\"><\/span>\u00c9p\u00e9e embl\u00e9matique de Cold Steel<span class=\"ez-toc-section-end\"><\/span><\/h2>\n<p>L'\u00e9p\u00e9e \u00e0 deux mains embl\u00e9matique de Cold Steel est l'une des plus grandes \u00e9p\u00e9es qu'ils fabriquent, sans \u00eatre maladroite. Cette \u00e9p\u00e9e \u00e9tonnante est extr\u00eamement bien \u00e9quilibr\u00e9e et \u00e9tonnamment facile \u00e0 manier, surtout pour les personnes de grande taille et de force physique. Si vous recherchez une grande lame pr\u00eate au combat, la voici ! <a href=\"https:\/\/jjcustomworks.se\/fr\/\">Visitez notre site Web<\/a> pour voir toute notre gamme.<\/p>\n\n<h3><span class=\"ez-toc-section\" id=\"Caracteristiques_de_lepee_Cold_Steel\"><\/span>Caract\u00e9ristiques de l&#8217;\u00e9p\u00e9e Cold Steel :<span class=\"ez-toc-section-end\"><\/span><\/h3>\n<ul>\n <li><strong>Grande garde :<\/strong> Comprend des anneaux lat\u00e9raux et des crochets de parade int\u00e9gr\u00e9s qui permettent d'\u00e9trangler la lame pour des techniques d'\u00e9p\u00e9e plus rapproch\u00e9es.<\/li>\n <li><strong>Manche adh\u00e9rent :<\/strong> Le manche en bois recouvert de cuir offre une prise en main confortable et \u00e0 deux mains.<\/li>\n <li><strong>Conception \u00e9quilibr\u00e9e :<\/strong> Couvert par un bouton en acier lourd qui aide \u00e0 \u00e9quilibrer la longue lame.<\/li>\n<\/ul>\n\n<h3><span class=\"ez-toc-section\" id=\"Specifications\"><\/span>Caract\u00e9ristiques:<span class=\"ez-toc-section-end\"><\/span><\/h3>\n<ul>\n <li>Poids : 109,5 oz<\/li>\n <li>\u00c9paisseur de la lame : 7\/32 po<\/li>\n <li>Longueur de la lame : 39-7\/8 po<\/li>\n <li>Acier de la lame : acier au carbone 1060<\/li>\n <li>Longueur du manche : 15-3\/8 po<\/li>\n <li>Longueur totale : 55-1\/4 po<\/li>\n <li>Informations suppl\u00e9mentaires : Manche recouvert de cuir. *Le fourreau de l'\u00e9p\u00e9e n'est pas inclus<\/li>\n <li>Plage de longueur de la lame : 30+ po<\/li>\n <li>Famille d&#039;acier : Acier \u00e0 haute teneur en carbone<\/li>\n <li>Style d&#039;\u00e9p\u00e9e : europ\u00e9en<\/li>\n<\/ul>\n\n<p>Cette \u00e9p\u00e9e est grande et destin\u00e9e \u00e0 \u00eatre port\u00e9e sur l'\u00e9paule plut\u00f4t que dans un fourreau. Ne manquez pas votre chance de poss\u00e9der cette <a href=\"https:\/\/jjcustomworks.se\/fr\/categorie-de-produit\/autres_produits\/swords\/swords-europe\/\">\u00e9p\u00e9e europ\u00e9enne<\/a> ultime ! Compl\u00e9tez votre \u00e9quipement avec d'autres <a href=\"https:\/\/jjcustomworks.se\/fr\/magasin\/\">Produits Cold Steel<\/a> !<\/p>","protected":false},"excerpt":{"rendered":"<p>Cold Steel 88WGS \u00c9p\u00e9e B\u00e2tarde \u00e0 Deux Mains \u00c9p\u00e9e embl\u00e9matique de Cold Steel L&#8217;\u00e9p\u00e9e \u00e0 deux mains embl\u00e9matique de Cold Steel est l&#8217;une des plus grandes \u00e9p\u00e9es qu&#8217;ils fabriquent, sans \u00eatre maladroite. Cette \u00e9p\u00e9e \u00e9tonnante est extr\u00eamement bien \u00e9quilibr\u00e9e et \u00e9tonnamment facile \u00e0 manier, surtout pour les personnes de grande taille et de force physique. [&#8230;]\n","protected":false},"featured_media":59819,"template":"","meta":[],"product_brand":[],"product_cat":[1275],"product_tag":[],"class_list":{"0":"post-59821","1":"product","2":"type-product","3":"status-publish","4":"has-post-thumbnail","6":"product_cat-swords-europe","8":"first","9":"outofstock","10":"sale","11":"taxable","12":"shipping-taxable","13":"purchasable","14":"product-type-simple"},"_links":{"self":[{"href":"https:\/\/jjcustomworks.se\/fr\/wp-json\/wp\/v2\/product\/59821","targetHints":{"allow":["GET"]}}],"collection":[{"href":"https:\/\/jjcustomworks.se\/fr\/wp-json\/wp\/v2\/product"}],"about":[{"href":"https:\/\/jjcustomworks.se\/fr\/wp-json\/wp\/v2\/types\/product"}],"wp:featuredmedia":[{"embeddable":true,"href":"https:\/\/jjcustomworks.se\/fr\/wp-json\/wp\/v2\/media\/59819"}],"wp:attachment":[{"href":"https:\/\/jjcustomworks.se\/fr\/wp-json\/wp\/v2\/media?parent=59821"}],"wp:term":[{"taxonomy":"product_brand","embeddable":true,"href":"https:\/\/jjcustomworks.se\/fr\/wp-json\/wp\/v2\/product_brand?post=59821"},{"taxonomy":"product_cat","embeddable":true,"href":"https:\/\/jjcustomworks.se\/fr\/wp-json\/wp\/v2\/product_cat?post=59821"},{"taxonomy":"product_tag","embeddable":true,"href":"https:\/\/jjcustomworks.se\/fr\/wp-json\/wp\/v2\/product_tag?post=59821"}],"curies":[{"name":"wp","href":"https:\/\/api.w.org\/{rel}","templated":true}]}}