{"id":59814,"date":"2025-03-14T14:56:26","date_gmt":"2025-03-14T13:56:26","guid":{"rendered":"https:\/\/jjcustomworks.se\/product\/sw-91cf-samurai-sword\/"},"modified":"2025-11-08T19:09:52","modified_gmt":"2025-11-08T18:09:52","slug":"sw-91cf-epee-de-samourai","status":"publish","type":"product","link":"https:\/\/jjcustomworks.se\/fr\/produit\/sw-91cf-epee-de-samourai\/","title":{"rendered":"SW-91CF \u00c9p\u00e9e de Samoura\u00ef 40\" | Blades USA"},"content":{"rendered":"<h1><span class=\"ez-toc-section\" id=\"Epee_de_Samourai_SW-91CF\"><\/span>\u00c9p\u00e9e de samoura\u00ef SW-91CF<span class=\"ez-toc-section-end\"><\/span><\/h1>\n<h2><span class=\"ez-toc-section\" id=\"Authentique_Epee_de_Samourai_pour_Exposition\"><\/span>Authentique sabre de samoura\u00ef pour exposition<span class=\"ez-toc-section-end\"><\/span><\/h2>\n<p>Montrez votre passion pour la culture japonaise avec cette authentique <b>\u00c9p\u00e9e de samoura\u00ef SW-91CF<\/b> de Blades USA. Cette \u00e9p\u00e9e de pr\u00e9sentation est parfaite pour les collectionneurs et les passionn\u00e9s qui souhaitent poss\u00e9der un morceau de l'histoire des samoura\u00efs. Avec sa longueur impressionnante et son design d\u00e9taill\u00e9, cette \u00e9p\u00e9e ne manquera pas d'attirer l'attention.<\/p>\n<h3><span class=\"ez-toc-section\" id=\"Caracteristiques_et_Specifications\"><\/span>Caract\u00e9ristiques et sp\u00e9cifications<span class=\"ez-toc-section-end\"><\/span><\/h3>\n<ul>\n <li><b>Longueur totale :<\/b> 40 pouces<\/li>\n <li><b>Longueur de la lame :<\/b> 28 pouces<\/li>\n <li><b>Mat\u00e9riel:<\/b> Acier 1045<\/li>\n <li><b>Boiteux :<\/b> Avec gorge de sang<\/li>\n <li><b>Manche:<\/b> Manche li\u00e9 marron<\/li>\n <li><b>Fourreau :<\/b> Moul\u00e9 par injection, inclus<\/li>\n<\/ul>\n<p>La lame est fabriqu\u00e9e en acier 1045, ce qui offre un bon \u00e9quilibre entre durabilit\u00e9 et tranchant. La gorge de sang ajoute \u00e0 l'apparence authentique de l'\u00e9p\u00e9e. Le manche li\u00e9 marron offre une prise en main confortable et s\u00fbre. Le fourreau moul\u00e9 par injection prot\u00e8ge la lame lorsqu'elle n'est pas utilis\u00e9e.<\/p>\n<p>Cette \u00e9p\u00e9e de samoura\u00ef est parfaite pour \u00eatre expos\u00e9e dans votre maison, votre bureau ou votre collection. <a href=\"https:\/\/jjcustomworks.se\/fr\/magasin\/\">Explorez notre s\u00e9lection d'autres \u00e9p\u00e9es authentiques<\/a> pour compl\u00e9ter votre collection. Ne manquez pas la chance de poss\u00e9der cette pi\u00e8ce unique de l'histoire japonaise. <a href=\"https:\/\/jjcustomworks.se\/fr\/categorie-de-produit\/autres_produits\/replica-guns\/replica-western\/\">Consultez notre gamme d'\u00e9p\u00e9es de pr\u00e9sentation<\/a>. Ajoutez cette fantastique \u00e9p\u00e9e \u00e0 votre collection d\u00e8s aujourd'hui ! <a href=\"https:\/\/jjcustomworks.se\/fr\/\">Visitez notre site Web<\/a> pour en d\u00e9couvrir plus.<\/p>","protected":false},"excerpt":{"rendered":"<p>\u00c9p\u00e9e de Samoura\u00ef SW-91CF Authentique \u00c9p\u00e9e de Samoura\u00ef pour Exposition Montrez votre passion pour la culture japonaise avec cette authentique \u00c9p\u00e9e de Samoura\u00ef SW-91CF de Blades USA. Cette \u00e9p\u00e9e de pr\u00e9sentation est parfaite pour les collectionneurs et les passionn\u00e9s qui souhaitent poss\u00e9der un morceau de l&#8217;histoire des samoura\u00efs. Avec sa longueur impressionnante et son design [&#8230;]\n","protected":false},"featured_media":59811,"template":"","meta":[],"product_brand":[],"product_cat":[1275],"product_tag":[],"class_list":{"0":"post-59814","1":"product","2":"type-product","3":"status-publish","4":"has-post-thumbnail","6":"product_cat-swords-europe","8":"first","9":"outofstock","10":"sale","11":"taxable","12":"shipping-taxable","13":"purchasable","14":"product-type-simple"},"_links":{"self":[{"href":"https:\/\/jjcustomworks.se\/fr\/wp-json\/wp\/v2\/product\/59814","targetHints":{"allow":["GET"]}}],"collection":[{"href":"https:\/\/jjcustomworks.se\/fr\/wp-json\/wp\/v2\/product"}],"about":[{"href":"https:\/\/jjcustomworks.se\/fr\/wp-json\/wp\/v2\/types\/product"}],"wp:featuredmedia":[{"embeddable":true,"href":"https:\/\/jjcustomworks.se\/fr\/wp-json\/wp\/v2\/media\/59811"}],"wp:attachment":[{"href":"https:\/\/jjcustomworks.se\/fr\/wp-json\/wp\/v2\/media?parent=59814"}],"wp:term":[{"taxonomy":"product_brand","embeddable":true,"href":"https:\/\/jjcustomworks.se\/fr\/wp-json\/wp\/v2\/product_brand?post=59814"},{"taxonomy":"product_cat","embeddable":true,"href":"https:\/\/jjcustomworks.se\/fr\/wp-json\/wp\/v2\/product_cat?post=59814"},{"taxonomy":"product_tag","embeddable":true,"href":"https:\/\/jjcustomworks.se\/fr\/wp-json\/wp\/v2\/product_tag?post=59814"}],"curies":[{"name":"wp","href":"https:\/\/api.w.org\/{rel}","templated":true}]}}