{"id":59806,"date":"2025-03-14T14:56:23","date_gmt":"2025-03-14T13:56:23","guid":{"rendered":"https:\/\/jjcustomworks.se\/product\/r-001-ninja-sword\/"},"modified":"2025-11-08T19:06:39","modified_gmt":"2025-11-08T18:06:39","slug":"r-001-epee-ninja","status":"publish","type":"product","link":"https:\/\/jjcustomworks.se\/fr\/produit\/r-001-epee-ninja\/","title":{"rendered":"\u00c9p\u00e9e Ninja R-001 | Blades USA"},"content":{"rendered":"<h1>R-001 - \u00c9p\u00e9e Ninja<\/h1>\n\n<h2><span class=\"ez-toc-section\" id=\"Epee_Ninja_Authentique_de_Blades_USA\"><\/span>\u00c9p\u00e9e Ninja Authentique de Blades USA<span class=\"ez-toc-section-end\"><\/span><\/h2>\n\n<p>Cette \u00e9p\u00e9e ninja R-001 de Blades USA est parfaite pour le guerrier ninja. Avec une longueur totale de 41 pouces et une lame en acier au carbone de 27 pouces, cette \u00e9p\u00e9e est \u00e0 la fois robuste et tranchante. La lame noire et la reliure noire autour du manche lui conf\u00e8rent un aspect \u00e9l\u00e9gant et discret.<\/p>\n\n<h3><span class=\"ez-toc-section\" id=\"Caracteristiques_et_avantages\"><\/span>Caract\u00e9ristiques et avantages :<span class=\"ez-toc-section-end\"><\/span><\/h3>\n\n<ul>\n    <li><strong>Longueur totale :<\/strong> 41 pouces - Taille parfaite pour l'entra\u00eenement et l'exposition.<\/li>\n    <li><strong>Boiteux :<\/strong> Lame en acier au carbone de 27 pouces et de 7,5 mm d'\u00e9paisseur - Offre une excellente durabilit\u00e9 et un tranchant exceptionnel.<\/li>\n    <li><strong>Couleur:<\/strong> Lame noire et reliure noire autour du manche - Pour un look ninja classique.<\/li>\n    <li><strong>Soufflette int\u00e9gr\u00e9e :<\/strong> Sarbacane en aluminium int\u00e9gr\u00e9e dans le fourreau de l'\u00e9p\u00e9e - Une fonctionnalit\u00e9 unique et surprenante pour une polyvalence accrue.<\/li>\n    <li><strong>Accessoires:<\/strong> 12 fl\u00e9chettes pour la sarbacane et un sac \u00e0 \u00e9p\u00e9e noir sont inclus - Tout ce dont vous avez besoin pour d\u00e9marrer imm\u00e9diatement.<\/li>\n<\/ul>\n\n<p>La sarbacane en aluminium int\u00e9gr\u00e9e dans le fourreau de l'\u00e9p\u00e9e ajoute une dimension suppl\u00e9mentaire \u00e0 votre \u00e9quipement ninja. Avec les 12 fl\u00e9chettes incluses, vous \u00eates pr\u00eat \u00e0 passer \u00e0 l'action imm\u00e9diatement. Le sac \u00e0 \u00e9p\u00e9e noir inclus prot\u00e8ge votre \u00e9p\u00e9e pendant le transport et le stockage. Vous voulez voir d'autres produits similaires ? Consultez notre gamme d'<a href=\"https:\/\/jjcustomworks.se\/fr\/magasin\/\">\u00e9p\u00e9es de collection<\/a>.<\/p>\n\n<p>Cette \u00e9p\u00e9e ninja n'est pas seulement un objet de collection impressionnant, mais aussi un outil fonctionnel. La lame robuste en acier au carbone garantit que l'\u00e9p\u00e9e dure longtemps et offre de bonnes performances. La reliure noire autour du manche offre une prise en main s\u00fbre et confortable. Pour d\u00e9couvrir davantage de nos produits, visitez notre <a href=\"https:\/\/jjcustomworks.se\/fr\/categorie-de-produit\/autres_produits\/replica-guns\/replica-western\/\">page de cat\u00e9gorie<\/a>.<\/p>\n\n<p>Commandez votre \u00e9p\u00e9e ninja d\u00e8s aujourd'hui et d\u00e9couvrez la combinaison ultime de tradition et d'innovation. <a href=\"https:\/\/jjcustomworks.se\/fr\/\">Visitez notre site Web<\/a> pour en savoir plus.<\/p>","protected":false},"excerpt":{"rendered":"<p>R-001 &#8211; \u00c9p\u00e9e Ninja \u00c9p\u00e9e Ninja Authentique de Blades USA Cette \u00e9p\u00e9e ninja R-001 de Blades USA est parfaite pour le guerrier ninja. Avec une longueur totale de 41 pouces et une lame en acier au carbone de 27 pouces, cette \u00e9p\u00e9e est \u00e0 la fois robuste et tranchante. La lame noire et la reliure [&#8230;]\n","protected":false},"featured_media":59805,"template":"","meta":[],"product_brand":[],"product_cat":[1275],"product_tag":[],"class_list":{"0":"post-59806","1":"product","2":"type-product","3":"status-publish","4":"has-post-thumbnail","6":"product_cat-swords-europe","8":"first","9":"outofstock","10":"sale","11":"taxable","12":"shipping-taxable","13":"purchasable","14":"product-type-simple"},"_links":{"self":[{"href":"https:\/\/jjcustomworks.se\/fr\/wp-json\/wp\/v2\/product\/59806","targetHints":{"allow":["GET"]}}],"collection":[{"href":"https:\/\/jjcustomworks.se\/fr\/wp-json\/wp\/v2\/product"}],"about":[{"href":"https:\/\/jjcustomworks.se\/fr\/wp-json\/wp\/v2\/types\/product"}],"wp:featuredmedia":[{"embeddable":true,"href":"https:\/\/jjcustomworks.se\/fr\/wp-json\/wp\/v2\/media\/59805"}],"wp:attachment":[{"href":"https:\/\/jjcustomworks.se\/fr\/wp-json\/wp\/v2\/media?parent=59806"}],"wp:term":[{"taxonomy":"product_brand","embeddable":true,"href":"https:\/\/jjcustomworks.se\/fr\/wp-json\/wp\/v2\/product_brand?post=59806"},{"taxonomy":"product_cat","embeddable":true,"href":"https:\/\/jjcustomworks.se\/fr\/wp-json\/wp\/v2\/product_cat?post=59806"},{"taxonomy":"product_tag","embeddable":true,"href":"https:\/\/jjcustomworks.se\/fr\/wp-json\/wp\/v2\/product_tag?post=59806"}],"curies":[{"name":"wp","href":"https:\/\/api.w.org\/{rel}","templated":true}]}}