{"id":59804,"date":"2025-03-14T14:56:20","date_gmt":"2025-03-14T13:56:20","guid":{"rendered":"https:\/\/jjcustomworks.se\/product\/cold-steel-88hs-competition-cutting-sword\/"},"modified":"2025-10-17T03:26:15","modified_gmt":"2025-10-17T01:26:15","slug":"cold-steel-88hs-epee-de-coupe-competition","status":"publish","type":"product","link":"https:\/\/jjcustomworks.se\/fr\/produit\/cold-steel-88hs-epee-de-coupe-competition\/","title":{"rendered":"Cold Steel 88HS \u00c9p\u00e9e de Coupe Comp\u00e9tition | Acier Carbone"},"content":{"rendered":"<h1><span class=\"ez-toc-section\" id=\"Cold_Steel_88HS_Epee_de_Coupe_Competition\"><\/span>Cold Steel 88HS \u00c9p\u00e9e de Coupe Comp\u00e9tition<span class=\"ez-toc-section-end\"><\/span><\/h1>\n<h2><span class=\"ez-toc-section\" id=\"Concue_pour_les_competitions_de_coupe_dinspiration_occidentale\"><\/span>Con\u00e7ue pour les comp\u00e9titions de coupe d&#8217;inspiration occidentale<span class=\"ez-toc-section-end\"><\/span><\/h2>\n<p>L'\u00e9p\u00e9e de coupe de comp\u00e9tition Cold Steel 88HS est con\u00e7ue pour r\u00e9pondre \u00e0 l'int\u00e9r\u00eat croissant pour les comp\u00e9titions de coupe \u00e0 l'\u00e9p\u00e9e occidentales. Inspir\u00e9e de l'Arbedo, cette \u00e9p\u00e9e est parfaite pour les comp\u00e9titions impliquant des cordes, des tubes de poteaux et des tapis de tatami. La lame fine, large et \u00e0 double tranchant est fabriqu\u00e9e en acier \u00e0 haute teneur en carbone 1050 avec une trempe \u00e0 ressort dure, offrant des performances et une durabilit\u00e9 optimales. L'\u00e9p\u00e9e est livr\u00e9e enti\u00e8rement aff\u00fbt\u00e9e et polie, pr\u00eate \u00e0 \u00eatre utilis\u00e9e d\u00e8s sa sortie de l'emballage.<\/p>\n<h3><span class=\"ez-toc-section\" id=\"Caracteristiques_et_avantages\"><\/span>Caract\u00e9ristiques et avantages<span class=\"ez-toc-section-end\"><\/span><\/h3>\n<ul>\n <li><strong>Boiteux :<\/strong> Forg\u00e9e \u00e0 la main en acier \u00e0 haute teneur en carbone 1050 pour une r\u00e9sistance et une flexibilit\u00e9 sup\u00e9rieures.<\/li>\n <li><strong>Manche:<\/strong> Manche en bois robuste recouvert de cuir pouvant accueillir une ou deux mains pour un contr\u00f4le et un effet de levier maximum.<\/li>\n <li><strong>Garde:<\/strong> Une garde en acier \u00e0 double quillons simple mais efficace prot\u00e8ge vos doigts et pare les attaques.<\/li>\n <li><strong>\u00c9quilibre :<\/strong> Un pommeau en acier \u00e9vas\u00e9 en forme de losange attrayant aide \u00e0 \u00e9quilibrer la large lame.<\/li>\n <li><strong>Fourreau :<\/strong> Livr\u00e9 dans un fourreau en cuir noir \u00e9pais et robuste avec une chape et une chape en acier assorties.<\/li>\n<\/ul>\n<h3><span class=\"ez-toc-section\" id=\"Specifications\"><\/span>Caract\u00e9ristiques<span class=\"ez-toc-section-end\"><\/span><\/h3>\n<ul>\n <li>Poids : 50.8oz<\/li>\n <li>\u00c9paisseur de la lame : 3.6mm<\/li>\n <li>Longueur de la lame : 30-1\/2po<\/li>\n <li>Acier de la lame : acier au carbone 1055<\/li>\n <li>Longueur du manche : 12-1\/4po<\/li>\n <li>Longueur totale : 42-3\/4po<\/li>\n <li>Style d&#039;\u00e9p\u00e9e : europ\u00e9en<\/li>\n<\/ul>\n<p>Avec l'\u00e9p\u00e9e de coupe de comp\u00e9tition Cold Steel 88HS, vous obtenez une \u00e9p\u00e9e bien \u00e9quilibr\u00e9e et robuste qui est pr\u00eate \u00e0 relever tous les d\u00e9fis des comp\u00e9titions de coupe. Obtenez votre exemplaire d\u00e8s aujourd'hui et d\u00e9couvrez la pr\u00e9cision et la puissance de chaque coupe ! D\u00e9couvrez notre gamme d'<a href=\"https:\/\/jjcustomworks.se\/fr\/magasin\/\">autres \u00e9p\u00e9es Cold Steel<\/a> pour trouver le compl\u00e9ment parfait \u00e0 votre collection. Visitez notre <a href=\"https:\/\/jjcustomworks.se\/fr\/categorie-de-produit\/autres_produits\/swords\/swords-europe\/\">cat\u00e9gorie \u00c9p\u00e9es europ\u00e9ennes<\/a> pour voir plus d'options et trouver l'\u00e9p\u00e9e qui convient le mieux \u00e0 vos besoins. Ne manquez pas l'occasion d'explorer toute notre gamme sur <a href=\"https:\/\/jjcustomworks.se\/fr\/\">notre site Web<\/a> !<\/p>","protected":false},"excerpt":{"rendered":"<p>Cold Steel 88HS \u00c9p\u00e9e de Coupe Comp\u00e9tition Con\u00e7ue pour les comp\u00e9titions de coupe d&#8217;inspiration occidentale L&#8217;\u00e9p\u00e9e de coupe de comp\u00e9tition Cold Steel 88HS est con\u00e7ue pour r\u00e9pondre \u00e0 l&#8217;int\u00e9r\u00eat croissant pour les comp\u00e9titions de coupe \u00e0 l&#8217;\u00e9p\u00e9e occidentales. Inspir\u00e9e de l&#8217;Arbedo, cette \u00e9p\u00e9e est parfaite pour les comp\u00e9titions impliquant des cordes, des tubes de poteaux [&#8230;]\n","protected":false},"featured_media":59802,"template":"","meta":[],"product_brand":[],"product_cat":[1275],"product_tag":[],"class_list":{"0":"post-59804","1":"product","2":"type-product","3":"status-publish","4":"has-post-thumbnail","6":"product_cat-swords-europe","8":"first","9":"outofstock","10":"taxable","11":"shipping-taxable","12":"purchasable","13":"product-type-simple"},"_links":{"self":[{"href":"https:\/\/jjcustomworks.se\/fr\/wp-json\/wp\/v2\/product\/59804","targetHints":{"allow":["GET"]}}],"collection":[{"href":"https:\/\/jjcustomworks.se\/fr\/wp-json\/wp\/v2\/product"}],"about":[{"href":"https:\/\/jjcustomworks.se\/fr\/wp-json\/wp\/v2\/types\/product"}],"wp:featuredmedia":[{"embeddable":true,"href":"https:\/\/jjcustomworks.se\/fr\/wp-json\/wp\/v2\/media\/59802"}],"wp:attachment":[{"href":"https:\/\/jjcustomworks.se\/fr\/wp-json\/wp\/v2\/media?parent=59804"}],"wp:term":[{"taxonomy":"product_brand","embeddable":true,"href":"https:\/\/jjcustomworks.se\/fr\/wp-json\/wp\/v2\/product_brand?post=59804"},{"taxonomy":"product_cat","embeddable":true,"href":"https:\/\/jjcustomworks.se\/fr\/wp-json\/wp\/v2\/product_cat?post=59804"},{"taxonomy":"product_tag","embeddable":true,"href":"https:\/\/jjcustomworks.se\/fr\/wp-json\/wp\/v2\/product_tag?post=59804"}],"curies":[{"name":"wp","href":"https:\/\/api.w.org\/{rel}","templated":true}]}}