{"id":59800,"date":"2025-03-14T14:56:17","date_gmt":"2025-03-14T13:56:17","guid":{"rendered":"https:\/\/jjcustomworks.se\/product\/cold-steel-88abk-gold-lion-katana\/"},"modified":"2025-10-17T03:26:19","modified_gmt":"2025-10-17T01:26:19","slug":"cold-steel-gold-lion-katana","status":"publish","type":"product","link":"https:\/\/jjcustomworks.se\/fr\/produit\/cold-steel-gold-lion-katana\/","title":{"rendered":"Cold Steel Gold Lion Katana - \u00c9p\u00e9e Samoura\u00ef"},"content":{"rendered":"<h1>Cold Steel - 88ABK - Katana Lion d&#039;or<\/h1>\n<h2><span class=\"ez-toc-section\" id=\"Une_Epee_de_Samourai_Plus_Legere_et_Plus_Rapide\"><\/span>Une \u00c9p\u00e9e de Samoura\u00ef Plus L\u00e9g\u00e8re et Plus Rapide<span class=\"ez-toc-section-end\"><\/span><\/h2>\n<p>Le Cold Steel Gold Lion Katana repr\u00e9sente un samoura\u00ef qui porte une \u00e9p\u00e9e tous les jours pour sa protection personnelle et la d\u00e9fense de son Seigneur, de sa famille et de sa maison. Nettement plus l\u00e9ger que certaines des autres Katanas plus lourdes de Cold Steel, il est non seulement plus rapide en main, mais aussi plus l\u00e9ger et plus confortable \u00e0 porter lorsqu'il est gliss\u00e9 dans un Obi et port\u00e9 toute la journ\u00e9e. D\u00e9couvrez la fluidit\u00e9 et la pr\u00e9cision de cette belle \u00e9p\u00e9e plus l\u00e9g\u00e8re, parfaite pour l'entra\u00eenement et l'exposition. D\u00e9couvrez d'autres <a href=\"https:\/\/jjcustomworks.se\/fr\/categorie-de-produit\/autres_produits\/replica-guns\/replica-western\/\">Katanas en acier froid<\/a> dans notre gamme.<\/p>\n<h3><span class=\"ez-toc-section\" id=\"Symbolisme_et_Design\"><\/span>Symbolisme et Design<span class=\"ez-toc-section-end\"><\/span><\/h3>\n<p>Le Menuki du Katana porte le symbole du Shisa japonais (chien lion), un gardien ou protecteur - un motif appropri\u00e9 pour cette belle \u00e9p\u00e9e l\u00e9g\u00e8re. Plongez-vous dans l'esprit japonais traditionnel repr\u00e9sent\u00e9 par cette \u00e9p\u00e9e. Visitez <a href=\"https:\/\/jjcustomworks.se\/fr\/magasin\/\">notre gamme d'objets de collection<\/a> pour trouver des articles uniques similaires.<\/p>\n<h3><span class=\"ez-toc-section\" id=\"Materiaux_et_Construction\"><\/span>Mat\u00e9riaux et construction<span class=\"ez-toc-section-end\"><\/span><\/h3>\n<p>La lame du Gold Lion Katana mesure un peu moins de trente pouces et est faite d'acier Damas expertement meul\u00e9 \u00e0 la main et hautement poli, avec une \u00e9mouture Hamaguri, un dos Lori Mune pointu et un Hamon ondulant tremp\u00e9 \u00e0 l'argile. Le Tsuba, le Fuchi et le Kashira en fer noir ont tous des accents brillants de feuille d'or 24 carats et le manche a une peau de raie blanche et un cordon de soie noire. La construction d\u00e9taill\u00e9e et les mat\u00e9riaux de haute qualit\u00e9 font de cette \u00e9p\u00e9e une v\u00e9ritable \u0153uvre d'art. <a href=\"https:\/\/jjcustomworks.se\/fr\/\">Explorez notre gamme compl\u00e8te<\/a> d'armes fabriqu\u00e9es \u00e0 la main.<\/p>\n\n<ul>\n<li>Poids\u00a0: 28,7\u00a0oz<\/li>\n<li>\u00c9paisseur de la lame\u00a0: 6\u00a0mm<\/li>\n<li>Longueur de la lame\u00a0: 30\u00a0po<\/li>\n<li>Acier de la lame : Damas<\/li>\n<li>Longueur\/mat\u00e9riau du manche\u00a0: 11-1\/4\u00a0po<\/li>\n<li>Longueur totale\u00a0: 41-1\/4\u00a0po<\/li>\n<li>Informations suppl\u00e9mentaires\u00a0: Manche Sam\u00a9 (peau de raie) avec cordon tress\u00e9 noir et menuki en laiton. fourreau en bois laqu\u00e9 noir.<\/li>\n<li>Plage de longueur de lame : 20 \u00e0 30 po.<\/li>\n<li>Famille d&#039;acier : Damas<\/li>\n<li>Style d'\u00e9p\u00e9e\u00a0: Japonais<\/li>\n<\/ul>","protected":false},"excerpt":{"rendered":"<p>Cold Steel &#8211; 88ABK &#8211; Gold Lion Katana Une \u00c9p\u00e9e de Samoura\u00ef Plus L\u00e9g\u00e8re et Plus Rapide Le Cold Steel Gold Lion Katana repr\u00e9sente un samoura\u00ef qui porte une \u00e9p\u00e9e tous les jours pour sa protection personnelle et la d\u00e9fense de son Seigneur, de sa famille et de sa maison. Nettement plus l\u00e9ger que certaines [&#8230;]\n","protected":false},"featured_media":59798,"template":"","meta":[],"product_brand":[],"product_cat":[1275],"product_tag":[],"class_list":{"0":"post-59800","1":"product","2":"type-product","3":"status-publish","4":"has-post-thumbnail","6":"product_cat-swords-europe","8":"first","9":"outofstock","10":"sale","11":"taxable","12":"shipping-taxable","13":"purchasable","14":"product-type-simple"},"_links":{"self":[{"href":"https:\/\/jjcustomworks.se\/fr\/wp-json\/wp\/v2\/product\/59800","targetHints":{"allow":["GET"]}}],"collection":[{"href":"https:\/\/jjcustomworks.se\/fr\/wp-json\/wp\/v2\/product"}],"about":[{"href":"https:\/\/jjcustomworks.se\/fr\/wp-json\/wp\/v2\/types\/product"}],"wp:featuredmedia":[{"embeddable":true,"href":"https:\/\/jjcustomworks.se\/fr\/wp-json\/wp\/v2\/media\/59798"}],"wp:attachment":[{"href":"https:\/\/jjcustomworks.se\/fr\/wp-json\/wp\/v2\/media?parent=59800"}],"wp:term":[{"taxonomy":"product_brand","embeddable":true,"href":"https:\/\/jjcustomworks.se\/fr\/wp-json\/wp\/v2\/product_brand?post=59800"},{"taxonomy":"product_cat","embeddable":true,"href":"https:\/\/jjcustomworks.se\/fr\/wp-json\/wp\/v2\/product_cat?post=59800"},{"taxonomy":"product_tag","embeddable":true,"href":"https:\/\/jjcustomworks.se\/fr\/wp-json\/wp\/v2\/product_tag?post=59800"}],"curies":[{"name":"wp","href":"https:\/\/api.w.org\/{rel}","templated":true}]}}