{"id":59799,"date":"2025-03-14T14:56:17","date_gmt":"2025-03-14T13:56:17","guid":{"rendered":"https:\/\/jjcustomworks.se\/product\/cold-steel-88clms-colichemarde-sword\/"},"modified":"2025-10-17T03:26:45","modified_gmt":"2025-10-17T01:26:45","slug":"cold-steel-88clms-epee-colichemarde","status":"publish","type":"product","link":"https:\/\/jjcustomworks.se\/fr\/produit\/cold-steel-88clms-epee-colichemarde\/","title":{"rendered":"Cold Steel 88CLMS \u00c9p\u00e9e Colichemarde | Acier Carbone"},"content":{"rendered":"<h1><span class=\"ez-toc-section\" id=\"Cold_Steel_88CLMS_Epee_Colichemarde\"><\/span>Cold Steel 88CLMS \u00c9p\u00e9e Colichemarde<span class=\"ez-toc-section-end\"><\/span><\/h1>\n<h2><span class=\"ez-toc-section\" id=\"Elegance_et_puissance_dans_une_epee_europeenne\"><\/span>\u00c9l\u00e9gance et puissance dans une \u00e9p\u00e9e europ\u00e9enne<span class=\"ez-toc-section-end\"><\/span><\/h2>\n<p>L'\u00e9p\u00e9e Colichemarde est apparue \u00e0 la fin du 17\u00e8me si\u00e8cle lors du d\u00e9clin de la rapi\u00e8re et de l'essor de l'\u00e9p\u00e9e l\u00e9g\u00e8re. Sa particularit\u00e9 \u00e9tait sa lame de forme unique - extra large au niveau de la base (forte), puis descendant ou s'effilant sur le reste de sa longueur avant de se terminer par une pointe ac\u00e9r\u00e9e. L'avantage de cette configuration \u00e9tait que l'\u00e9p\u00e9e pouvait \u00eatre utilis\u00e9e pour parer ou s'opposer m\u00eame aux armes les plus lourdes sans se casser, tout en restant suffisamment l\u00e9g\u00e8re et agile pour profiter pleinement de sa pointe ultra-rapide.<\/p>\n\n<h3><span class=\"ez-toc-section\" id=\"Avantages_de_la_conception_Colichemarde\"><\/span>Avantages de la conception Colichemarde<span class=\"ez-toc-section-end\"><\/span><\/h3>\n<ul>\n <li><strong>Versatilit\u00e9:<\/strong> Convient \u00e0 la fois \u00e0 l'attaque et \u00e0 la d\u00e9fense.<\/li>\n <li><strong>Solidit\u00e9 :<\/strong> Lame large \u00e0 la base pour une parade efficace.<\/li>\n <li><strong>Agilit\u00e9 :<\/strong> Construction l\u00e9g\u00e8re pour des attaques rapides.<\/li>\n<\/ul>\n\n<p>L'interpr\u00e9tation de Cold Steel de la Colichemarde refl\u00e8te les concepts de conception originaux avec une base extra-longue et large qui se r\u00e9tr\u00e9cit soudainement en une pointe aigu\u00eb et mortelle. La garde est dot\u00e9e d'une double coquille d\u00e9corative, mais tr\u00e8s fonctionnelle, avec des boucles pour les doigts et un arceau de protection, tandis que la poign\u00e9e est enti\u00e8rement envelopp\u00e9e de fil de fer et coiff\u00e9e d'un pommeau assorti. De plus, Cold Steel a \u00e9galement pris la libert\u00e9 de cr\u00e9er une dague assortie avec une lame rigide, magnifiquement meul\u00e9e et polie, des quillons doubles et une poign\u00e9e envelopp\u00e9e de fil de fer.<\/p>\n\n<h3><span class=\"ez-toc-section\" id=\"Specifications\"><\/span>Caract\u00e9ristiques<span class=\"ez-toc-section-end\"><\/span><\/h3>\n<ul>\n <li>Poids : 748 g<\/li>\n <li>\u00c9paisseur de la lame : 6,35 mm<\/li>\n <li>Longueur de la lame : 82,2 cm<\/li>\n <li>Acier de la lame : acier au carbone 1060<\/li>\n <li>Longueur du manche : 19,4 cm<\/li>\n <li>Longueur totale : 101,6 cm<\/li>\n <li>Caract\u00e9ristiques suppl\u00e9mentaires : Fourreau en cuir avec garnitures en acier<\/li>\n <li>Famille d&#039;acier : Acier \u00e0 haute teneur en carbone<\/li>\n <li>Style d&#039;\u00e9p\u00e9e : europ\u00e9en<\/li>\n<\/ul>\n\n<p>D\u00e9couvrez la polyvalence et la force de la Cold Steel Colichemarde. Compl\u00e9tez votre collection avec d'autres <a href=\"https:\/\/jjcustomworks.se\/fr\/magasin\/\">\u00e9p\u00e9es Cold Steel authentiques<\/a> et explorez notre gamme d'<a href=\"https:\/\/jjcustomworks.se\/fr\/categorie-de-produit\/autres_produits\/swords\/swords-europe\/\">\u00e9p\u00e9es europ\u00e9ennes<\/a>.  Visitez notre <a href=\"https:\/\/jjcustomworks.se\/fr\/\">page d&#039;accueil<\/a> pour d\u00e9couvrir toute notre gamme de produits.<\/p>","protected":false},"excerpt":{"rendered":"<p>Cold Steel 88CLMS \u00c9p\u00e9e Colichemarde \u00c9l\u00e9gance et puissance dans une \u00e9p\u00e9e europ\u00e9enne L&#8217;\u00e9p\u00e9e Colichemarde est apparue \u00e0 la fin du 17\u00e8me si\u00e8cle lors du d\u00e9clin de la rapi\u00e8re et de l&#8217;essor de l&#8217;\u00e9p\u00e9e l\u00e9g\u00e8re. Sa particularit\u00e9 \u00e9tait sa lame de forme unique &#8211; extra large au niveau de la base (forte), puis descendant ou s&#8217;effilant [&#8230;]\n","protected":false},"featured_media":59793,"template":"","meta":[],"product_brand":[],"product_cat":[1275],"product_tag":[],"class_list":{"0":"post-59799","1":"product","2":"type-product","3":"status-publish","4":"has-post-thumbnail","6":"product_cat-swords-europe","8":"first","9":"outofstock","10":"taxable","11":"shipping-taxable","12":"purchasable","13":"product-type-simple"},"_links":{"self":[{"href":"https:\/\/jjcustomworks.se\/fr\/wp-json\/wp\/v2\/product\/59799","targetHints":{"allow":["GET"]}}],"collection":[{"href":"https:\/\/jjcustomworks.se\/fr\/wp-json\/wp\/v2\/product"}],"about":[{"href":"https:\/\/jjcustomworks.se\/fr\/wp-json\/wp\/v2\/types\/product"}],"wp:featuredmedia":[{"embeddable":true,"href":"https:\/\/jjcustomworks.se\/fr\/wp-json\/wp\/v2\/media\/59793"}],"wp:attachment":[{"href":"https:\/\/jjcustomworks.se\/fr\/wp-json\/wp\/v2\/media?parent=59799"}],"wp:term":[{"taxonomy":"product_brand","embeddable":true,"href":"https:\/\/jjcustomworks.se\/fr\/wp-json\/wp\/v2\/product_brand?post=59799"},{"taxonomy":"product_cat","embeddable":true,"href":"https:\/\/jjcustomworks.se\/fr\/wp-json\/wp\/v2\/product_cat?post=59799"},{"taxonomy":"product_tag","embeddable":true,"href":"https:\/\/jjcustomworks.se\/fr\/wp-json\/wp\/v2\/product_tag?post=59799"}],"curies":[{"name":"wp","href":"https:\/\/api.w.org\/{rel}","templated":true}]}}