{"id":59797,"date":"2025-03-14T14:56:16","date_gmt":"2025-03-14T13:56:16","guid":{"rendered":"https:\/\/jjcustomworks.se\/product\/cold-steel-88bok-o-katana-warrior-series\/"},"modified":"2025-10-17T03:26:41","modified_gmt":"2025-10-17T01:26:41","slug":"cold-steel-88bok-o-katana-serie-warrior","status":"publish","type":"product","link":"https:\/\/jjcustomworks.se\/fr\/produit\/cold-steel-88bok-o-katana-serie-warrior\/","title":{"rendered":"Cold Steel 88BOK O Katana S\u00e9rie Warrior"},"content":{"rendered":"<h1><span class=\"ez-toc-section\" id=\"Cold_Steel_88BOK_O_Katana_Serie_Warrior\"><\/span>Cold Steel 88BOK O Katana S\u00e9rie Warrior<span class=\"ez-toc-section-end\"><\/span><\/h1>\n<h2><span class=\"ez-toc-section\" id=\"Epee_prete_au_combat_a_un_prix_abordable\"><\/span>\u00c9p\u00e9e pr\u00eate au combat \u00e0 un prix abordable<span class=\"ez-toc-section-end\"><\/span><\/h2>\n<p>La s\u00e9rie Warrior de Cold Steel propose des \u00e9p\u00e9es pr\u00eates au combat \u00e0 un prix plus accessible. Inspir\u00e9e de la populaire s\u00e9rie Emperor, la s\u00e9rie Warrior partage le m\u00eame acier carbone 1060 haute performance, le m\u00eame traitement thermique et le m\u00eame tranchant. La diff\u00e9rence r\u00e9side dans la finition : le co\u00fbteux polissage miroir a \u00e9t\u00e9 remplac\u00e9 par une finition plus pratique, ce qui rend ces \u00e9p\u00e9es id\u00e9ales pour l'entra\u00eenement et le perfectionnement des techniques de coupe (Tameshigiri) sans endommager la lame.<\/p>\n<h3><span class=\"ez-toc-section\" id=\"Specifications\"><\/span>Caract\u00e9ristiques:<span class=\"ez-toc-section-end\"><\/span><\/h3>\n<ul>\n <li>Poids : 48oz<\/li>\n <li>\u00c9paisseur de la lame : 5\/16\"<\/li>\n <li>Longueur de la lame : 36\"<\/li>\n <li>Acier de la lame : acier au carbone 1060<\/li>\n <li>Longueur du manche : 13\"<\/li>\n <li>Longueur totale : 36&quot;<\/li>\n <li>Mat\u00e9riau du manche : Sam\u00a9 (peau de raie) avec cordon de tresse noire et menuki en laiton<\/li>\n <li>Fourreau en bois laqu\u00e9 noir inclus<\/li>\n<\/ul>\n<p>Avec sa construction robuste et sa conception conviviale, la s\u00e9rie Warrior de Cold Steel est un excellent choix pour les d\u00e9butants comme pour les pratiquants exp\u00e9riment\u00e9s de l'escrime japonaise. D\u00e9couvrez la puissance et la pr\u00e9cision d'un authentique katana sans compromettre la qualit\u00e9.<\/p>\n<p>Explorez notre s\u00e9lection de <a href=\"https:\/\/jjcustomworks.se\/fr\/magasin\/\">\u00c9p\u00e9es en acier froid<\/a> et trouvez l'arme parfaite pour vos besoins. Visitez notre <a href=\"https:\/\/jjcustomworks.se\/fr\/categorie-de-produit\/autres_produits\/replica-guns\/replica-western\/\">cat\u00e9gorie \u00e9p\u00e9es japonaises<\/a> pour voir plus d'options, ou visitez notre <a href=\"https:\/\/jjcustomworks.se\/fr\/\">page d&#039;accueil<\/a> pour d\u00e9couvrir toute notre gamme.<\/p>","protected":false},"excerpt":{"rendered":"<p>Cold Steel 88BOK O Katana S\u00e9rie Warrior \u00c9p\u00e9e pr\u00eate au combat \u00e0 un prix abordable La s\u00e9rie Warrior de Cold Steel propose des \u00e9p\u00e9es pr\u00eates au combat \u00e0 un prix plus accessible. Inspir\u00e9e de la populaire s\u00e9rie Emperor, la s\u00e9rie Warrior partage le m\u00eame acier carbone 1060 haute performance, le m\u00eame traitement thermique et le [&#8230;]\n","protected":false},"featured_media":59792,"template":"","meta":[],"product_brand":[],"product_cat":[1275],"product_tag":[],"class_list":{"0":"post-59797","1":"product","2":"type-product","3":"status-publish","4":"has-post-thumbnail","6":"product_cat-swords-europe","8":"first","9":"outofstock","10":"sale","11":"taxable","12":"shipping-taxable","13":"purchasable","14":"product-type-simple"},"_links":{"self":[{"href":"https:\/\/jjcustomworks.se\/fr\/wp-json\/wp\/v2\/product\/59797","targetHints":{"allow":["GET"]}}],"collection":[{"href":"https:\/\/jjcustomworks.se\/fr\/wp-json\/wp\/v2\/product"}],"about":[{"href":"https:\/\/jjcustomworks.se\/fr\/wp-json\/wp\/v2\/types\/product"}],"wp:featuredmedia":[{"embeddable":true,"href":"https:\/\/jjcustomworks.se\/fr\/wp-json\/wp\/v2\/media\/59792"}],"wp:attachment":[{"href":"https:\/\/jjcustomworks.se\/fr\/wp-json\/wp\/v2\/media?parent=59797"}],"wp:term":[{"taxonomy":"product_brand","embeddable":true,"href":"https:\/\/jjcustomworks.se\/fr\/wp-json\/wp\/v2\/product_brand?post=59797"},{"taxonomy":"product_cat","embeddable":true,"href":"https:\/\/jjcustomworks.se\/fr\/wp-json\/wp\/v2\/product_cat?post=59797"},{"taxonomy":"product_tag","embeddable":true,"href":"https:\/\/jjcustomworks.se\/fr\/wp-json\/wp\/v2\/product_tag?post=59797"}],"curies":[{"name":"wp","href":"https:\/\/api.w.org\/{rel}","templated":true}]}}