{"id":59794,"date":"2025-03-14T14:56:16","date_gmt":"2025-03-14T13:56:16","guid":{"rendered":"https:\/\/jjcustomworks.se\/product\/cold-steel-88bt-o-tanto-warrior-series\/"},"modified":"2025-10-17T03:26:50","modified_gmt":"2025-10-17T01:26:50","slug":"cold-steel-88bt-o-tanto-warrior-series","status":"publish","type":"product","link":"https:\/\/jjcustomworks.se\/fr\/produit\/cold-steel-88bt-o-tanto-warrior-series\/","title":{"rendered":"Cold Steel 88BT O Tanto Warrior Series | \u00c9p\u00e9e Pr\u00eate au Combat"},"content":{"rendered":"<h1><span class=\"ez-toc-section\" id=\"Cold_Steel_88BT_O_Tanto_Warrior_Series\"><\/span>Cold Steel 88BT O Tanto Warrior Series<span class=\"ez-toc-section-end\"><\/span><\/h1>\n<h2><span class=\"ez-toc-section\" id=\"Epee_Prete_au_Combat_a_un_Prix_Abordable\"><\/span>\u00c9p\u00e9e Pr\u00eate au Combat \u00e0 un Prix Abordable<span class=\"ez-toc-section-end\"><\/span><\/h2>\n<p>Les \u00e9p\u00e9es de la s\u00e9rie Emperor de Cold Steel sont populaires depuis leur introduction. La s\u00e9rie Warrior offre une \u00e9p\u00e9e pr\u00eate au combat \u00e0 un prix plus abordable. Elle partage le m\u00eame acier 1060 haute performance, le m\u00eame traitement thermique et le m\u00eame tranchant que la s\u00e9rie Emperor, mais pr\u00e9sente une finition plus pratique au lieu du polissage miroir co\u00fbteux. La s\u00e9rie Warrior est parfaite pour l'entra\u00eenement et le perfectionnement des techniques de coupe (Tameshigiri) sans endommager ni salir la lame.<\/p>\n<h3><span class=\"ez-toc-section\" id=\"Specifications\"><\/span>Caract\u00e9ristiques:<span class=\"ez-toc-section-end\"><\/span><\/h3>\n<ul>\n <li>Poids : 18,5 oz<\/li>\n <li>\u00c9paisseur de la lame : 5\/16\"<\/li>\n <li>Longueur de la lame : 13-1\/4\"<\/li>\n <li>Acier de la lame : acier au carbone 1060<\/li>\n <li>Longueur\/mat\u00e9riau du manche : Manche de 6\" en Sam\u00e9 (peau de raie) avec cordon de tresse noire et menuki en laiton<\/li>\n <li>Longueur totale : 19-1\/4\"<\/li>\n <li>Fourreau en bois laqu\u00e9 noir inclus<\/li>\n <li>Plage de longueur de lame : 10 \u00e0 20 pouces<\/li>\n <li>Famille d&#039;acier : Acier \u00e0 haute teneur en carbone<\/li>\n <li>Famille de produits : S\u00e9rie Warrior<\/li>\n <li>Style d&#039;\u00e9p\u00e9e : japonais<\/li>\n<\/ul>\n<p>D\u00e9couvrez la pr\u00e9cision et la durabilit\u00e9 avec la Cold Steel 88BT O Tanto Warrior Series. Un choix id\u00e9al pour le pratiquant s\u00e9rieux de Tameshigiri. Explorez notre s\u00e9lection d'<a href=\"https:\/\/jjcustomworks.se\/fr\/magasin\/\">\u00c9p\u00e9es Cold Steel<\/a> pour trouver le compl\u00e9ment parfait \u00e0 votre collection. Immergez-vous dans l'artisanat et la tradition des \u00e9p\u00e9es japonaises en visitant notre <a href=\"https:\/\/jjcustomworks.se\/fr\/categorie-de-produit\/autres_produits\/replica-guns\/replica-western\/\">cat\u00e9gorie \u00c9p\u00e9es Japonaises<\/a>. Apprenez-en davantage sur l'engagement de Cold Steel envers la qualit\u00e9 et l'innovation en visitant <a href=\"https:\/\/jjcustomworks.se\/fr\/\">notre site Web<\/a>.<\/p>","protected":false},"excerpt":{"rendered":"<p>Cold Steel 88BT O Tanto Warrior Series \u00c9p\u00e9e Pr\u00eate au Combat \u00e0 un Prix Abordable Les \u00e9p\u00e9es de la s\u00e9rie Emperor de Cold Steel sont populaires depuis leur introduction. La s\u00e9rie Warrior offre une \u00e9p\u00e9e pr\u00eate au combat \u00e0 un prix plus abordable. Elle partage le m\u00eame acier 1060 haute performance, le m\u00eame traitement thermique [&#8230;]\n","protected":false},"featured_media":59789,"template":"","meta":[],"product_brand":[],"product_cat":[1275],"product_tag":[],"class_list":{"0":"post-59794","1":"product","2":"type-product","3":"status-publish","4":"has-post-thumbnail","6":"product_cat-swords-europe","8":"first","9":"outofstock","10":"sale","11":"taxable","12":"shipping-taxable","13":"purchasable","14":"product-type-simple"},"_links":{"self":[{"href":"https:\/\/jjcustomworks.se\/fr\/wp-json\/wp\/v2\/product\/59794","targetHints":{"allow":["GET"]}}],"collection":[{"href":"https:\/\/jjcustomworks.se\/fr\/wp-json\/wp\/v2\/product"}],"about":[{"href":"https:\/\/jjcustomworks.se\/fr\/wp-json\/wp\/v2\/types\/product"}],"wp:featuredmedia":[{"embeddable":true,"href":"https:\/\/jjcustomworks.se\/fr\/wp-json\/wp\/v2\/media\/59789"}],"wp:attachment":[{"href":"https:\/\/jjcustomworks.se\/fr\/wp-json\/wp\/v2\/media?parent=59794"}],"wp:term":[{"taxonomy":"product_brand","embeddable":true,"href":"https:\/\/jjcustomworks.se\/fr\/wp-json\/wp\/v2\/product_brand?post=59794"},{"taxonomy":"product_cat","embeddable":true,"href":"https:\/\/jjcustomworks.se\/fr\/wp-json\/wp\/v2\/product_cat?post=59794"},{"taxonomy":"product_tag","embeddable":true,"href":"https:\/\/jjcustomworks.se\/fr\/wp-json\/wp\/v2\/product_tag?post=59794"}],"curies":[{"name":"wp","href":"https:\/\/api.w.org\/{rel}","templated":true}]}}