{"id":59685,"date":"2025-03-14T14:55:05","date_gmt":"2025-03-14T13:55:05","guid":{"rendered":"https:\/\/jjcustomworks.se\/product\/handmade-pendant-from-swedish-quality-leather-25\/"},"modified":"2025-11-22T21:07:11","modified_gmt":"2025-11-22T20:07:11","slug":"pendentif-en-cuir-fait-main","status":"publish","type":"product","link":"https:\/\/jjcustomworks.se\/fr\/produit\/pendentif-en-cuir-fait-main\/","title":{"rendered":"Pendentif en Cuir Fait Main | JJ Custom Works"},"content":{"rendered":"<h1><span class=\"ez-toc-section\" id=\"Pendentif_en_Cuir_Fait_Main_de_JJ_Custom_Works\"><\/span>Pendentif en Cuir Fait Main de JJ Custom Works<span class=\"ez-toc-section-end\"><\/span><\/h1>\n<h2><span class=\"ez-toc-section\" id=\"Pendentif_en_Cuir_Tarnsjo_avec_Lettre_en_Style_Old_English\"><\/span>Pendentif en Cuir T\u00e4rnsj\u00f6 avec Lettre en Style Old English<span class=\"ez-toc-section-end\"><\/span><\/h2>\n<p>Ce pendentif fait main est fabriqu\u00e9 \u00e0 partir de cuir T\u00e4rnsj\u00f6 de haute qualit\u00e9, assurant un accessoire unique et durable. Le pendentif mesure environ 2,5 cm de diam\u00e8tre et est orn\u00e9 d'une lettre dans une police \u00e9l\u00e9gante Old English. Son design simple et \u00e9l\u00e9gant le rend adapt\u00e9 \u00e0 tous les styles et occasions.<\/p>\n<h3><span class=\"ez-toc-section\" id=\"Caracteristiques_et_avantages\"><\/span>Caract\u00e9ristiques et avantages<span class=\"ez-toc-section-end\"><\/span><\/h3>\n<ul>\n <li><strong>Fabriqu\u00e9 \u00e0 la main en Su\u00e8de :<\/strong> Chaque pendentif est soigneusement fabriqu\u00e9 \u00e0 la main en Su\u00e8de, ce qui lui conf\u00e8re une touche unique.<\/li>\n <li><strong>Cuir Tarnsj\u00f6 :<\/strong> Fabriqu\u00e9 \u00e0 partir de cuir T\u00e4rnsj\u00f6 de qualit\u00e9 sup\u00e9rieure pour une qualit\u00e9 \u00e9lev\u00e9e et une longue durabilit\u00e9. <a href=\"https:\/\/jjcustomworks.se\/fr\/magasin\/\">Explorez d'autres produits en cuir.<\/a><\/li>\n <li><strong>Police en vieil anglais :<\/strong> La lettre en police Old English donne au pendentif un style classique et personnel.<\/li>\n <li><strong>Design polyvalent :<\/strong> Convient \u00e0 tout et \u00e0 tous, ce qui en fait un accessoire parfait pour toutes les occasions.<\/li>\n <li><strong>Cadeau parfait :<\/strong> Un excellent cadeau pour quelqu'un qui a tout, gr\u00e2ce \u00e0 sa touche unique et personnelle. <a href=\"https:\/\/jjcustomworks.se\/fr\/categorie-de-produit\/autres_produits\/other-jewelry\/\">D\u00e9couvrez nos autres cadeaux.<\/a><\/li>\n <li><strong>Choix \u00e9cologique :<\/strong> Cuir provenant de fermes su\u00e9doises o\u00f9 les animaux sont bien trait\u00e9s et tann\u00e9 sans produits chimiques.<\/li>\n<\/ul>\n<h3><span class=\"ez-toc-section\" id=\"Un_choix_durable_et_elegant\"><\/span>Un choix durable et \u00e9l\u00e9gant<span class=\"ez-toc-section-end\"><\/span><\/h3>\n<p>Ce pendentif en cuir n'est pas seulement un accessoire \u00e9l\u00e9gant, mais aussi un choix \u00e9cologique. Le cuir provient de fermes su\u00e9doises o\u00f9 les animaux sont bien trait\u00e9s et le tannage est effectu\u00e9 sans utiliser de produits chimiques nocifs. En choisissant ce pendentif, vous contribuez \u00e0 une consommation plus durable et respectueuse de l'environnement.<\/p>\n<p>Commandez votre pendentif en cuir fait main d\u00e8s aujourd'hui et profitez d'un accessoire unique et personnel, \u00e0 la fois \u00e9l\u00e9gant et \u00e9cologique ! Visitez notre <a href=\"https:\/\/jjcustomworks.se\/fr\/\">site web<\/a> pour d\u00e9couvrir toute notre gamme de produits faits main.<\/p>","protected":false},"excerpt":{"rendered":"<p>Pendentif de qualit\u00e9 fabriqu\u00e9 \u00e0 la main en Su\u00e8de \u00e0 partir de cuir su\u00e9dois tann\u00e9 v\u00e9g\u00e9tal<\/p>","protected":false},"featured_media":59680,"template":"","meta":[],"product_brand":[],"product_cat":[9499],"product_tag":[],"class_list":{"0":"post-59685","1":"product","2":"type-product","3":"status-publish","4":"has-post-thumbnail","6":"product_cat-handgjorda-smycken","8":"first","9":"instock","10":"sale","11":"taxable","12":"shipping-taxable","13":"purchasable","14":"product-type-simple"},"_links":{"self":[{"href":"https:\/\/jjcustomworks.se\/fr\/wp-json\/wp\/v2\/product\/59685","targetHints":{"allow":["GET"]}}],"collection":[{"href":"https:\/\/jjcustomworks.se\/fr\/wp-json\/wp\/v2\/product"}],"about":[{"href":"https:\/\/jjcustomworks.se\/fr\/wp-json\/wp\/v2\/types\/product"}],"wp:featuredmedia":[{"embeddable":true,"href":"https:\/\/jjcustomworks.se\/fr\/wp-json\/wp\/v2\/media\/59680"}],"wp:attachment":[{"href":"https:\/\/jjcustomworks.se\/fr\/wp-json\/wp\/v2\/media?parent=59685"}],"wp:term":[{"taxonomy":"product_brand","embeddable":true,"href":"https:\/\/jjcustomworks.se\/fr\/wp-json\/wp\/v2\/product_brand?post=59685"},{"taxonomy":"product_cat","embeddable":true,"href":"https:\/\/jjcustomworks.se\/fr\/wp-json\/wp\/v2\/product_cat?post=59685"},{"taxonomy":"product_tag","embeddable":true,"href":"https:\/\/jjcustomworks.se\/fr\/wp-json\/wp\/v2\/product_tag?post=59685"}],"curies":[{"name":"wp","href":"https:\/\/api.w.org\/{rel}","templated":true}]}}