{"id":59678,"date":"2025-03-14T14:55:02","date_gmt":"2025-03-14T13:55:02","guid":{"rendered":"https:\/\/jjcustomworks.se\/product\/handmade-pendant-from-swedish-quality-leather-22\/"},"modified":"2025-11-22T16:56:54","modified_gmt":"2025-11-22T15:56:54","slug":"pendentif-en-cuir-fait-main-lettre","status":"publish","type":"product","link":"https:\/\/jjcustomworks.se\/fr\/produit\/pendentif-en-cuir-fait-main-lettre\/","title":{"rendered":"Pendentif en Cuir Fait Main avec Lettre | JJ Custom Works"},"content":{"rendered":"<h1><span class=\"ez-toc-section\" id=\"Pendentif_en_Cuir_Fait_Main_de_JJ_Custom_Works\"><\/span>Pendentif en Cuir Fait Main de JJ Custom Works<span class=\"ez-toc-section-end\"><\/span><\/h1>\n<h2><span class=\"ez-toc-section\" id=\"Artisanat_suedois_avec_du_cuir_ecologique\"><\/span>Artisanat su\u00e9dois avec du cuir \u00e9cologique<span class=\"ez-toc-section-end\"><\/span><\/h2>\n<p>Ce pendentif fait main est fabriqu\u00e9 en Su\u00e8de \u00e0 partir de cuir de T\u00e4rnsj\u00f6. Le pendentif mesure environ 2,5 cm de diam\u00e8tre et comporte une lettre en police Old English. Le design est simple et \u00e9l\u00e9gant, ce qui le rend adapt\u00e9 \u00e0 tous les styles et occasions. Visitez <a href=\"https:\/\/jjcustomworks.se\/fr\/magasin\/\">notre collection de bijoux faits main<\/a> pour trouver d&#039;autres produits uniques.<\/p>\n\n<h3><span class=\"ez-toc-section\" id=\"Choix_ecologique_et_ethique\"><\/span>Choix \u00e9cologique et \u00e9thique<span class=\"ez-toc-section-end\"><\/span><\/h3>\n<p>Un excellent choix environnemental, car le cuir provient de fermes su\u00e9doises o\u00f9 les animaux sont bien trait\u00e9s. De plus, aucun produit chimique agressif n'est utilis\u00e9 lors du tannage, ce qui fait du pendentif une option durable. Vous cherchez d'autres options \u00e9cologiques ? Consultez <a href=\"https:\/\/jjcustomworks.se\/fr\/categorie-de-produit\/autres_produits\/other-jewelry\/\">notre gamme d'accessoires durables<\/a>.<\/p>\n\n<h3><span class=\"ez-toc-section\" id=\"Cadeau_parfait\"><\/span>Cadeau parfait<span class=\"ez-toc-section-end\"><\/span><\/h3>\n<p>Ce pendentif en cuir est le cadeau parfait pour quelqu'un qui a d\u00e9j\u00e0 tout. C'est un cadeau unique et personnel qui t\u00e9moigne de la consid\u00e9ration \u00e0 la fois pour le destinataire et pour l'environnement. Bienvenue chez <a href=\"https:\/\/jjcustomworks.se\/fr\/\">Travaux personnalis\u00e9s JJ<\/a> pour en d\u00e9couvrir plus.<\/p>\n\n<ul>\n <li><strong>Mat\u00e9riel:<\/strong> Cuir de T\u00e4rnsj\u00f6<\/li>\n <li><strong>Taille:<\/strong> Environ 2,5 cm de diam\u00e8tre<\/li>\n <li><strong>Conception :<\/strong> Lettre en vieil anglais<\/li>\n <li><strong>Origine:<\/strong> Fabriqu\u00e9 \u00e0 la main en Su\u00e8de<\/li>\n <li><strong>Environnement:<\/strong> Cuir provenant de fermes su\u00e9doises, tannage sans produits chimiques<\/li>\n<\/ul>","protected":false},"excerpt":{"rendered":"<p>Pendentif de qualit\u00e9 fabriqu\u00e9 \u00e0 la main en Su\u00e8de \u00e0 partir de cuir su\u00e9dois tann\u00e9 v\u00e9g\u00e9tal<\/p>","protected":false},"featured_media":59675,"template":"","meta":[],"product_brand":[],"product_cat":[9499],"product_tag":[],"class_list":{"0":"post-59678","1":"product","2":"type-product","3":"status-publish","4":"has-post-thumbnail","6":"product_cat-handgjorda-smycken","8":"first","9":"instock","10":"sale","11":"taxable","12":"shipping-taxable","13":"purchasable","14":"product-type-simple"},"_links":{"self":[{"href":"https:\/\/jjcustomworks.se\/fr\/wp-json\/wp\/v2\/product\/59678","targetHints":{"allow":["GET"]}}],"collection":[{"href":"https:\/\/jjcustomworks.se\/fr\/wp-json\/wp\/v2\/product"}],"about":[{"href":"https:\/\/jjcustomworks.se\/fr\/wp-json\/wp\/v2\/types\/product"}],"wp:featuredmedia":[{"embeddable":true,"href":"https:\/\/jjcustomworks.se\/fr\/wp-json\/wp\/v2\/media\/59675"}],"wp:attachment":[{"href":"https:\/\/jjcustomworks.se\/fr\/wp-json\/wp\/v2\/media?parent=59678"}],"wp:term":[{"taxonomy":"product_brand","embeddable":true,"href":"https:\/\/jjcustomworks.se\/fr\/wp-json\/wp\/v2\/product_brand?post=59678"},{"taxonomy":"product_cat","embeddable":true,"href":"https:\/\/jjcustomworks.se\/fr\/wp-json\/wp\/v2\/product_cat?post=59678"},{"taxonomy":"product_tag","embeddable":true,"href":"https:\/\/jjcustomworks.se\/fr\/wp-json\/wp\/v2\/product_tag?post=59678"}],"curies":[{"name":"wp","href":"https:\/\/api.w.org\/{rel}","templated":true}]}}