{"id":59673,"date":"2025-03-14T14:54:57","date_gmt":"2025-03-14T13:54:57","guid":{"rendered":"https:\/\/jjcustomworks.se\/product\/handmade-pendant-from-swedish-quality-leather-20\/"},"modified":"2025-11-22T21:54:46","modified_gmt":"2025-11-22T20:54:46","slug":"pendentif-en-cuir-fait-main-tarnsjo-lettre-old-english","status":"publish","type":"product","link":"https:\/\/jjcustomworks.se\/fr\/produit\/pendentif-en-cuir-fait-main-tarnsjo-lettre-old-english\/","title":{"rendered":"Pendentif en Cuir Fait Main avec Initiale | JJ Custom Works"},"content":{"rendered":"<h1><span class=\"ez-toc-section\" id=\"Pendentif_en_Cuir_Fait_Main_en_Cuir_Suedois_Tarnsjo\"><\/span>Pendentif en cuir fait main en cuir su\u00e9dois T\u00e4rnsj\u00f6<span class=\"ez-toc-section-end\"><\/span><\/h1>\n<h2><span class=\"ez-toc-section\" id=\"Pendentif_Personnalise_Style_Ancien_Anglais\"><\/span>Pendentif Personnalis\u00e9 Style Ancien Anglais<span class=\"ez-toc-section-end\"><\/span><\/h2>\n<p>Ce pendentif fait main de JJ Custom Works est fabriqu\u00e9 \u00e0 partir de cuir T\u00e4rnsj\u00f6 tann\u00e9 v\u00e9g\u00e9talement. Le pendentif mesure environ 2,5 cm de diam\u00e8tre et pr\u00e9sente une lettre dans un style gothique (police Old English).<\/p>\n<h3><span class=\"ez-toc-section\" id=\"Design_Simple_et_Elegant\"><\/span>Design Simple et \u00c9l\u00e9gant<span class=\"ez-toc-section-end\"><\/span><\/h3>\n<p>Le design simple et \u00e9l\u00e9gant du pendentif le rend adapt\u00e9 \u00e0 tous les styles et occasions. Portez-le comme un accessoire personnel ou offrez-le comme un cadeau appr\u00e9ci\u00e9. Un choix parfait pour ceux qui recherchent un bijou unique et personnel. D\u00e9couvrez nos <a href=\"https:\/\/jjcustomworks.se\/fr\/magasin\/\">accessoires en cuir<\/a>.<\/p>\n<h3><span class=\"ez-toc-section\" id=\"Idee_Cadeau_Parfaite\"><\/span>Id\u00e9e Cadeau Parfaite<span class=\"ez-toc-section-end\"><\/span><\/h3>\n<p>Vous cherchez un cadeau unique et attentionn\u00e9 ? Ce pendentif en cuir fait main est le cadeau parfait pour quelqu'un qui \u00ab a tout \u00bb. C'est un cadeau personnel et significatif qui montre que vous y avez r\u00e9fl\u00e9chi. Chaque pendentif est unique, ce qui en fait un cadeau tr\u00e8s sp\u00e9cial.<\/p>\n<h3><span class=\"ez-toc-section\" id=\"Choix_Ecologique\"><\/span>Choix \u00e9cologique<span class=\"ez-toc-section-end\"><\/span><\/h3>\n<p>Ce pendentif est un bon choix pour l'environnement. Le cuir provient de fermes su\u00e9doises o\u00f9 les animaux ont eu une bonne vie. De plus, aucun produit chimique agressif n'est utilis\u00e9 lors du tannage, ce qui rend le produit plus \u00e9cologique. En choisissant ce pendentif, vous contribuez \u00e0 une consommation plus durable. En savoir plus sur nos mat\u00e9riaux durables dans notre section <a href=\"https:\/\/jjcustomworks.se\/fr\/categorie-de-produit\/autres_produits\/other-jewelry\/\">Mat\u00e9riaux durables<\/a>.<\/p>\n<h3><span class=\"ez-toc-section\" id=\"Details_du_produit\"><\/span>D\u00e9tails du produit:<span class=\"ez-toc-section-end\"><\/span><\/h3>\n<ul>\n <li>Mat\u00e9riau\u00a0: Cuir T\u00e4rnsj\u00f6 tann\u00e9 v\u00e9g\u00e9talement<\/li>\n <li>Diam\u00e8tre\u00a0: Environ 2,5\u00a0cm<\/li>\n <li>Design\u00a0: Lettre en police Old English<\/li>\n <li>Fabrication\u00a0: Fait \u00e0 la main en Su\u00e8de<\/li>\n<\/ul>\n<p>Bienvenue chez <a href=\"https:\/\/jjcustomworks.se\/fr\/\">Travaux personnalis\u00e9s JJ<\/a> - votre destination pour des produits en cuir uniques et faits \u00e0 la main\u00a0!<\/p>","protected":false},"excerpt":{"rendered":"<p>Pendentif de qualit\u00e9 fabriqu\u00e9 \u00e0 la main en Su\u00e8de \u00e0 partir de cuir su\u00e9dois tann\u00e9 v\u00e9g\u00e9tal<\/p>","protected":false},"featured_media":59671,"template":"","meta":[],"product_brand":[],"product_cat":[9499],"product_tag":[],"class_list":{"0":"post-59673","1":"product","2":"type-product","3":"status-publish","4":"has-post-thumbnail","6":"product_cat-handgjorda-smycken","8":"first","9":"instock","10":"sale","11":"taxable","12":"shipping-taxable","13":"purchasable","14":"product-type-simple"},"_links":{"self":[{"href":"https:\/\/jjcustomworks.se\/fr\/wp-json\/wp\/v2\/product\/59673","targetHints":{"allow":["GET"]}}],"collection":[{"href":"https:\/\/jjcustomworks.se\/fr\/wp-json\/wp\/v2\/product"}],"about":[{"href":"https:\/\/jjcustomworks.se\/fr\/wp-json\/wp\/v2\/types\/product"}],"wp:featuredmedia":[{"embeddable":true,"href":"https:\/\/jjcustomworks.se\/fr\/wp-json\/wp\/v2\/media\/59671"}],"wp:attachment":[{"href":"https:\/\/jjcustomworks.se\/fr\/wp-json\/wp\/v2\/media?parent=59673"}],"wp:term":[{"taxonomy":"product_brand","embeddable":true,"href":"https:\/\/jjcustomworks.se\/fr\/wp-json\/wp\/v2\/product_brand?post=59673"},{"taxonomy":"product_cat","embeddable":true,"href":"https:\/\/jjcustomworks.se\/fr\/wp-json\/wp\/v2\/product_cat?post=59673"},{"taxonomy":"product_tag","embeddable":true,"href":"https:\/\/jjcustomworks.se\/fr\/wp-json\/wp\/v2\/product_tag?post=59673"}],"curies":[{"name":"wp","href":"https:\/\/api.w.org\/{rel}","templated":true}]}}