{"id":59664,"date":"2025-03-14T14:54:49","date_gmt":"2025-03-14T13:54:49","guid":{"rendered":"https:\/\/jjcustomworks.se\/product\/handmade-pendant-from-swedish-quality-leather-15\/"},"modified":"2025-11-22T16:56:34","modified_gmt":"2025-11-22T15:56:34","slug":"pendentif-en-cuir-fait-main-tarnsjo-3","status":"publish","type":"product","link":"https:\/\/jjcustomworks.se\/fr\/produit\/pendentif-en-cuir-fait-main-tarnsjo-3\/","title":{"rendered":"Pendentif en Cuir Fait Main \u00e0 T\u00e4rnsj\u00f6 | JJ Custom Works"},"content":{"rendered":"<h1><span class=\"ez-toc-section\" id=\"Pendentif_en_Cuir_Fait_Main_a_Tarnsjo\"><\/span>Pendentif en Cuir Fait Main \u00e0 T\u00e4rnsj\u00f6<span class=\"ez-toc-section-end\"><\/span><\/h1>\n<h2><span class=\"ez-toc-section\" id=\"Un_pendentif_unique_et_ecologique\"><\/span>Un pendentif unique et \u00e9cologique<span class=\"ez-toc-section-end\"><\/span><\/h2>\n<p>Ce pendentif fait main de JJ Custom Works est fabriqu\u00e9 \u00e0 partir de cuir de T\u00e4rnsj\u00f6, garantissant une haute qualit\u00e9 et durabilit\u00e9. Le pendentif mesure environ 2,5 cm de diam\u00e8tre et comporte une lettre en police Old English, ce qui lui conf\u00e8re une touche classique et \u00e9l\u00e9gante. Son design simple et \u00e9l\u00e9gant le rend adapt\u00e9 \u00e0 tous et \u00e0 tout. Ce choix \u00e9cologique est fait de cuir provenant de fermes su\u00e9doises o\u00f9 les animaux sont bien trait\u00e9s. Aucun produit chimique n'est utilis\u00e9 dans le processus de tannage, ce qui fait du pendentif un bon choix pour l'environnement et pour vous. Si vous avez besoin d'articles d' <a href=\"https:\/\/jjcustomworks.se\/fr\/magasin\/\">artisanat en cuir fantastiques<\/a>, vous \u00eates au bon endroit.<\/p>\n<h3><span class=\"ez-toc-section\" id=\"Parfait_comme_cadeau\"><\/span>Parfait comme cadeau<span class=\"ez-toc-section-end\"><\/span><\/h3>\n<p>Vous cherchez le cadeau parfait pour quelqu'un qui a d\u00e9j\u00e0 tout ? Ce pendentif est un excellent choix. Il est personnel, unique et fabriqu\u00e9 avec soin pour la qualit\u00e9 et l'environnement. Montrez votre appr\u00e9ciation avec un cadeau qui se d\u00e9marque. Si vous recherchez d'autres cadeaux uniques, consultez notre <a href=\"https:\/\/jjcustomworks.se\/fr\/categorie-de-produit\/autres_produits\/other-jewelry\/\">s\u00e9lection de bijoux faits main<\/a>.<\/p>\n<h3><span class=\"ez-toc-section\" id=\"Caracteristiques\"><\/span>Caract\u00e9ristiques:<span class=\"ez-toc-section-end\"><\/span><\/h3>\n<ul>\n <li>Fabriqu\u00e9 \u00e0 la main en Su\u00e8de<\/li>\n <li>Fabriqu\u00e9 \u00e0 partir de cuir de T\u00e4rnsj\u00f6<\/li>\n <li>Diam\u00e8tre : env. 2,5 cm<\/li>\n <li>Lettre en vieil anglais<\/li>\n <li>Cuir tann\u00e9 respectueux de l'environnement<\/li>\n<\/ul>\n<h3><span class=\"ez-toc-section\" id=\"Choix_ecologique\"><\/span>Choix \u00e9cologique<span class=\"ez-toc-section-end\"><\/span><\/h3>\n<p>En choisissant ce pendentif, vous contribuez \u00e0 un avenir plus durable. Le cuir provient de fermes su\u00e9doises o\u00f9 les animaux sont bien trait\u00e9s et aucun produit chimique nocif n'est utilis\u00e9 dans le processus de tannage. Soutenez l'artisanat su\u00e9dois et faites un bon choix environnemental. Pour plus d'informations sur notre engagement envers la durabilit\u00e9, visitez notre <a href=\"https:\/\/jjcustomworks.se\/fr\/\">site web<\/a>.<\/p>","protected":false},"excerpt":{"rendered":"<p>Pendentif de qualit\u00e9 fabriqu\u00e9 \u00e0 la main en Su\u00e8de \u00e0 partir de cuir su\u00e9dois tann\u00e9 v\u00e9g\u00e9tal<\/p>","protected":false},"featured_media":59660,"template":"","meta":[],"product_brand":[],"product_cat":[9499],"product_tag":[],"class_list":{"0":"post-59664","1":"product","2":"type-product","3":"status-publish","4":"has-post-thumbnail","6":"product_cat-handgjorda-smycken","8":"first","9":"instock","10":"sale","11":"taxable","12":"shipping-taxable","13":"purchasable","14":"product-type-simple"},"_links":{"self":[{"href":"https:\/\/jjcustomworks.se\/fr\/wp-json\/wp\/v2\/product\/59664","targetHints":{"allow":["GET"]}}],"collection":[{"href":"https:\/\/jjcustomworks.se\/fr\/wp-json\/wp\/v2\/product"}],"about":[{"href":"https:\/\/jjcustomworks.se\/fr\/wp-json\/wp\/v2\/types\/product"}],"wp:featuredmedia":[{"embeddable":true,"href":"https:\/\/jjcustomworks.se\/fr\/wp-json\/wp\/v2\/media\/59660"}],"wp:attachment":[{"href":"https:\/\/jjcustomworks.se\/fr\/wp-json\/wp\/v2\/media?parent=59664"}],"wp:term":[{"taxonomy":"product_brand","embeddable":true,"href":"https:\/\/jjcustomworks.se\/fr\/wp-json\/wp\/v2\/product_brand?post=59664"},{"taxonomy":"product_cat","embeddable":true,"href":"https:\/\/jjcustomworks.se\/fr\/wp-json\/wp\/v2\/product_cat?post=59664"},{"taxonomy":"product_tag","embeddable":true,"href":"https:\/\/jjcustomworks.se\/fr\/wp-json\/wp\/v2\/product_tag?post=59664"}],"curies":[{"name":"wp","href":"https:\/\/api.w.org\/{rel}","templated":true}]}}