{"id":59659,"date":"2025-03-14T14:54:43","date_gmt":"2025-03-14T13:54:43","guid":{"rendered":"https:\/\/jjcustomworks.se\/product\/handmade-pendant-from-swedish-quality-leather-14\/"},"modified":"2025-11-22T16:56:49","modified_gmt":"2025-11-22T15:56:49","slug":"pendentif-en-cuir-fait-main-3","status":"publish","type":"product","link":"https:\/\/jjcustomworks.se\/fr\/produit\/pendentif-en-cuir-fait-main-3\/","title":{"rendered":"Pendentif en Cuir Fait Main | JJ Custom Works"},"content":{"rendered":"<h1><span class=\"ez-toc-section\" id=\"Pendentif_en_Cuir_Fait_Main_de_Suede\"><\/span>Pendentif en cuir fait main en Su\u00e8de<span class=\"ez-toc-section-end\"><\/span><\/h1>\n<h2><span class=\"ez-toc-section\" id=\"Pendentif_unique_et_elegant_en_cuir_de_Tarnsjo\"><\/span>Pendentif unique et \u00e9l\u00e9gant en cuir de T\u00e4rnsj\u00f6<span class=\"ez-toc-section-end\"><\/span><\/h2>\n<p>Ce pendentif fait main de JJ Custom Works est fabriqu\u00e9 en cuir de T\u00e4rnsj\u00f6 de haute qualit\u00e9, ce qui garantit un accessoire unique et durable. Le pendentif mesure environ 2,5 cm de diam\u00e8tre et est orn\u00e9 d'une lettre dans une \u00e9l\u00e9gante police Old English. Son design simple et \u00e9l\u00e9gant le rend adapt\u00e9 \u00e0 tout et \u00e0 tous, ce qui en fait un cadeau parfait.<\/p>\n<h3><span class=\"ez-toc-section\" id=\"Caracteristiques_et_avantages\"><\/span>Caract\u00e9ristiques et avantages<span class=\"ez-toc-section-end\"><\/span><\/h3>\n<ul>\n <li><strong>Fabriqu\u00e9 \u00e0 la main en Su\u00e8de :<\/strong> Chaque pendentif est soigneusement fabriqu\u00e9 \u00e0 la main en Su\u00e8de, ce qui garantit une haute qualit\u00e9 et un design unique.<\/li>\n <li><strong>Cuir de T\u00e4rnsj\u00f6 :<\/strong> Fabriqu\u00e9 \u00e0 partir de cuir de T\u00e4rnsj\u00f6 de premi\u00e8re qualit\u00e9, connu pour sa durabilit\u00e9 et sa belle patine. D\u00e9couvrez d'autres <a href=\"https:\/\/jjcustomworks.se\/fr\/magasin\/\">maroquinerie<\/a> dans notre gamme.<\/li>\n <li><strong>Police en vieil anglais :<\/strong> La lettre en police Old English conf\u00e8re au pendentif une touche classique et \u00e9l\u00e9gante.<\/li>\n <li><strong>Cadeau parfait :<\/strong> Un cadeau id\u00e9al pour quelqu'un qui a d\u00e9j\u00e0 tout, gr\u00e2ce \u00e0 son design unique et personnalis\u00e9.<\/li>\n <li><strong>Choix \u00e9cologique :<\/strong> Cuir provenant de fermes su\u00e9doises o\u00f9 les animaux ont \u00e9t\u00e9 bien trait\u00e9s et aucun produit chimique n'est utilis\u00e9 lors du tannage, ce qui en fait un bon choix pour l'environnement.<\/li>\n<\/ul>\n<h3><span class=\"ez-toc-section\" id=\"Ecologique_et_durable\"><\/span>\u00c9cologique et durable<span class=\"ez-toc-section-end\"><\/span><\/h3>\n<p>Ce pendentif n'est pas seulement \u00e9l\u00e9gant, mais aussi un choix respectueux de l'environnement. Le cuir provient de fermes su\u00e9doises o\u00f9 les animaux ont \u00e9t\u00e9 bien trait\u00e9s et aucun produit chimique n'est utilis\u00e9 lors du tannage. En choisissant ce pendentif, vous contribuez \u00e0 une consommation plus durable. Visitez notre <a href=\"https:\/\/jjcustomworks.se\/fr\/categorie-de-produit\/autres_produits\/other-jewelry\/\">cat\u00e9gorie bijoux<\/a> pour plus d'options \u00e9cologiques.<\/p>\n<h3><span class=\"ez-toc-section\" id=\"Design_simple_et_elegant\"><\/span>Design simple et \u00e9l\u00e9gant<span class=\"ez-toc-section-end\"><\/span><\/h3>\n<p>Le design simple et \u00e9l\u00e9gant du pendentif le rend facile \u00e0 assortir avec diff\u00e9rentes tenues et styles. Il convient aussi bien aux occasions quotidiennes que festives et peut \u00eatre port\u00e9 aussi bien par les femmes que par les hommes. Un bijou intemporel que vous appr\u00e9cierez longtemps. Pour voir toute notre s\u00e9lection, visitez <a href=\"https:\/\/jjcustomworks.se\/fr\/\">notre site Web<\/a>.<\/p>","protected":false},"excerpt":{"rendered":"<p>Pendentif de qualit\u00e9 fabriqu\u00e9 \u00e0 la main en Su\u00e8de \u00e0 partir de cuir su\u00e9dois tann\u00e9 v\u00e9g\u00e9tal<\/p>","protected":false},"featured_media":59658,"template":"","meta":[],"product_brand":[],"product_cat":[9499],"product_tag":[],"class_list":{"0":"post-59659","1":"product","2":"type-product","3":"status-publish","4":"has-post-thumbnail","6":"product_cat-handgjorda-smycken","8":"first","9":"instock","10":"sale","11":"taxable","12":"shipping-taxable","13":"purchasable","14":"product-type-simple"},"_links":{"self":[{"href":"https:\/\/jjcustomworks.se\/fr\/wp-json\/wp\/v2\/product\/59659","targetHints":{"allow":["GET"]}}],"collection":[{"href":"https:\/\/jjcustomworks.se\/fr\/wp-json\/wp\/v2\/product"}],"about":[{"href":"https:\/\/jjcustomworks.se\/fr\/wp-json\/wp\/v2\/types\/product"}],"wp:featuredmedia":[{"embeddable":true,"href":"https:\/\/jjcustomworks.se\/fr\/wp-json\/wp\/v2\/media\/59658"}],"wp:attachment":[{"href":"https:\/\/jjcustomworks.se\/fr\/wp-json\/wp\/v2\/media?parent=59659"}],"wp:term":[{"taxonomy":"product_brand","embeddable":true,"href":"https:\/\/jjcustomworks.se\/fr\/wp-json\/wp\/v2\/product_brand?post=59659"},{"taxonomy":"product_cat","embeddable":true,"href":"https:\/\/jjcustomworks.se\/fr\/wp-json\/wp\/v2\/product_cat?post=59659"},{"taxonomy":"product_tag","embeddable":true,"href":"https:\/\/jjcustomworks.se\/fr\/wp-json\/wp\/v2\/product_tag?post=59659"}],"curies":[{"name":"wp","href":"https:\/\/api.w.org\/{rel}","templated":true}]}}