{"id":59655,"date":"2025-03-14T14:54:39","date_gmt":"2025-03-14T13:54:39","guid":{"rendered":"https:\/\/jjcustomworks.se\/product\/handmade-pendant-from-swedish-quality-leather-12\/"},"modified":"2025-11-22T16:57:40","modified_gmt":"2025-11-22T15:57:40","slug":"pendentif-cuir-fait-main-lettre","status":"publish","type":"product","link":"https:\/\/jjcustomworks.se\/fr\/produit\/pendentif-cuir-fait-main-lettre\/","title":{"rendered":"Pendentif en Cuir Fait Main avec Lettre | JJ Custom Works"},"content":{"rendered":"<h1><span class=\"ez-toc-section\" id=\"Pendentif_en_Cuir_Fait_Main_avec_Lettre\"><\/span>Pendentif en Cuir Fait Main avec Lettre<span class=\"ez-toc-section-end\"><\/span><\/h1>\n\n<h2><span class=\"ez-toc-section\" id=\"Artisanat_Suedois_en_Cuir_de_Tarnsjo\"><\/span>Artisanat Su\u00e9dois en Cuir de T\u00e4rnsj\u00f6<span class=\"ez-toc-section-end\"><\/span><\/h2>\n\n<p>Ce pendentif fait main est fabriqu\u00e9 \u00e0 partir de cuir de T\u00e4rnsj\u00f6 et a un diam\u00e8tre d'environ 2,5 cm. Le pendentif est orn\u00e9 d'une lettre en police Old English, ce qui lui conf\u00e8re un design classique et \u00e9l\u00e9gant. Parfait comme accessoire personnel pour le quotidien et les occasions sp\u00e9ciales. Son design simple et \u00e9l\u00e9gant le rend adapt\u00e9 \u00e0 tous et \u00e0 tout.<\/p>\n\n<h3><span class=\"ez-toc-section\" id=\"Caracteristiques_et_Avantages\"><\/span>Caract\u00e9ristiques et avantages<span class=\"ez-toc-section-end\"><\/span><\/h3>\n\n<ul>\n    <li><strong>Fabriqu\u00e9 \u00e0 la main en Su\u00e8de :<\/strong> Chaque pendentif est unique et r\u00e9alis\u00e9 avec soin.<\/li>\n    <li><strong>Cuir de T\u00e4rnsj\u00f6 :<\/strong> Cuir de haute qualit\u00e9 connu pour sa durabilit\u00e9 et son beau vieillissement.<\/li>\n    <li><strong>Police en vieil anglais :<\/strong> Style classique et intemporel qui donne au pendentif une touche personnelle.<\/li>\n    <li><strong>Cadeau parfait :<\/strong> Un cadeau attentionn\u00e9 pour quelqu'un de sp\u00e9cial, ou pourquoi pas pour vous-m\u00eame ?<\/li>\n    <li><strong>Choix Durable :<\/strong> Fabriqu\u00e9 \u00e0 partir de cuir provenant de fermes su\u00e9doises respectueuses du bien-\u00eatre animal et sans utilisation de produits chimiques nocifs lors du tannage.<\/li>\n<\/ul>\n\n<h3><span class=\"ez-toc-section\" id=\"Choix_Ecologique_et_Ethique\"><\/span>Choix \u00e9cologique et \u00e9thique<span class=\"ez-toc-section-end\"><\/span><\/h3>\n\n<p>En choisissant ce pendentif, vous faites un bon choix environnemental. Le cuir provient de fermes su\u00e9doises o\u00f9 les animaux ont \u00e9t\u00e9 bien trait\u00e9s, et aucun produit chimique n'a \u00e9t\u00e9 utilis\u00e9 dans le processus de tannage. Un bijou que vous pouvez porter en toute conscience.<\/p>\n\n<p>Vous cherchez d'autres produits en cuir uniques ? D\u00e9couvrez notre s\u00e9lection de <a href=\"https:\/\/jjcustomworks.se\/fr\/magasin\/\">bracelets en cuir faits main<\/a> il <a href=\"https:\/\/jjcustomworks.se\/fr\/categorie-de-produit\/autres_produits\/other-jewelry\/\">d'autres articles en cuir<\/a>. Visite <a href =\"https:\/\/jjcustomworks.se\/fr\/\">notre site Web<\/a> pour voir toute notre gamme.<\/p>","protected":false},"excerpt":{"rendered":"<p>Pendentif de qualit\u00e9 fabriqu\u00e9 \u00e0 la main en Su\u00e8de \u00e0 partir de cuir su\u00e9dois tann\u00e9 v\u00e9g\u00e9tal<\/p>","protected":false},"featured_media":59654,"template":"","meta":[],"product_brand":[],"product_cat":[9499],"product_tag":[],"class_list":{"0":"post-59655","1":"product","2":"type-product","3":"status-publish","4":"has-post-thumbnail","6":"product_cat-handgjorda-smycken","8":"first","9":"instock","10":"sale","11":"taxable","12":"shipping-taxable","13":"purchasable","14":"product-type-simple"},"_links":{"self":[{"href":"https:\/\/jjcustomworks.se\/fr\/wp-json\/wp\/v2\/product\/59655","targetHints":{"allow":["GET"]}}],"collection":[{"href":"https:\/\/jjcustomworks.se\/fr\/wp-json\/wp\/v2\/product"}],"about":[{"href":"https:\/\/jjcustomworks.se\/fr\/wp-json\/wp\/v2\/types\/product"}],"wp:featuredmedia":[{"embeddable":true,"href":"https:\/\/jjcustomworks.se\/fr\/wp-json\/wp\/v2\/media\/59654"}],"wp:attachment":[{"href":"https:\/\/jjcustomworks.se\/fr\/wp-json\/wp\/v2\/media?parent=59655"}],"wp:term":[{"taxonomy":"product_brand","embeddable":true,"href":"https:\/\/jjcustomworks.se\/fr\/wp-json\/wp\/v2\/product_brand?post=59655"},{"taxonomy":"product_cat","embeddable":true,"href":"https:\/\/jjcustomworks.se\/fr\/wp-json\/wp\/v2\/product_cat?post=59655"},{"taxonomy":"product_tag","embeddable":true,"href":"https:\/\/jjcustomworks.se\/fr\/wp-json\/wp\/v2\/product_tag?post=59655"}],"curies":[{"name":"wp","href":"https:\/\/api.w.org\/{rel}","templated":true}]}}